{"id":183395,"date":"2024-05-09T21:08:41","date_gmt":"2024-05-09T21:08:41","guid":{"rendered":"https:\/\/aldeco.pt\/staging\/product\/mirabillis\/"},"modified":"2024-09-30T14:00:06","modified_gmt":"2024-09-30T14:00:06","slug":"mirabillis","status":"publish","type":"product","link":"https:\/\/staging.aldeco.pt\/pt-pt\/product\/mirabillis\/","title":{"rendered":"MIRABILLIS"},"content":{"rendered":"<p>Este bordado vibrante e extravagante inspira-se na arte folcl\u00f3rica portuguesa e nos trajes tradicionais. Caracterizado pelo uso arrojado de cores e motivos que enfatizam p\u00e1ssaros, flores e elaborada decora\u00e7\u00e3o bordada, este design tem um toque moderno com folhas tropicais, frutas e animais. \u00c9 um cetim bordado tinto em fio para estofo ligeiro e decora\u00e7\u00e3o, dispon\u00edvel em duas cores de base distintas.<\/p>\n","protected":false},"excerpt":{"rendered":"<p>Este bordado vibrante e extravagante inspira-se na arte folcl\u00f3rica portuguesa e nos trajes tradicionais. Caracterizado pelo uso arrojado de cores e motivos que enfatizam p\u00e1ssaros, flores e elaborada decora\u00e7\u00e3o bordada, este design tem um toque moderno com folhas tropicais, frutas e animais. \u00c9 um cetim bordado tinto em fio para estofo ligeiro e decora\u00e7\u00e3o, dispon\u00edvel em duas cores de base distintas.<\/p>\n","protected":false},"featured_media":159562,"template":"","meta":[],"product_brand":[],"product_cat":[6145],"product_tag":[],"class_list":{"0":"post-183395","1":"product","2":"type-product","3":"status-publish","4":"has-post-thumbnail","6":"product_cat-aldeco-2-pt-pt-2","7":"pa_cleanability-8282","8":"pa_composition-ext-54-co-46-pl-pt-pt","9":"pa_interior-fabrics-1-pt-pt","10":"pa_line-tecidos","11":"pa_lithfastness-4-pt-pt","12":"pa_outdoor-0-pt-pt","13":"pa_range-bordado","14":"pa_range-cetim","15":"pa_rapport-horizontal-64-5-pt-pt","16":"pa_rapport-vertical-76-pt-pt","19":"first","20":"instock","21":"purchasable","22":"product-type-variable"},"acf":[],"_links":{"self":[{"href":"https:\/\/staging.aldeco.pt\/pt-pt\/wp-json\/wp\/v2\/product\/183395","targetHints":{"allow":["GET"]}}],"collection":[{"href":"https:\/\/staging.aldeco.pt\/pt-pt\/wp-json\/wp\/v2\/product"}],"about":[{"href":"https:\/\/staging.aldeco.pt\/pt-pt\/wp-json\/wp\/v2\/types\/product"}],"version-history":[{"count":1,"href":"https:\/\/staging.aldeco.pt\/pt-pt\/wp-json\/wp\/v2\/product\/183395\/revisions"}],"predecessor-version":[{"id":193740,"href":"https:\/\/staging.aldeco.pt\/pt-pt\/wp-json\/wp\/v2\/product\/183395\/revisions\/193740"}],"wp:featuredmedia":[{"embeddable":true,"href":"https:\/\/staging.aldeco.pt\/pt-pt\/wp-json\/wp\/v2\/media\/159562"}],"wp:attachment":[{"href":"https:\/\/staging.aldeco.pt\/pt-pt\/wp-json\/wp\/v2\/media?parent=183395"}],"wp:term":[{"taxonomy":"product_brand","embeddable":true,"href":"https:\/\/staging.aldeco.pt\/pt-pt\/wp-json\/wp\/v2\/product_brand?post=183395"},{"taxonomy":"product_cat","embeddable":true,"href":"https:\/\/staging.aldeco.pt\/pt-pt\/wp-json\/wp\/v2\/product_cat?post=183395"},{"taxonomy":"product_tag","embeddable":true,"href":"https:\/\/staging.aldeco.pt\/pt-pt\/wp-json\/wp\/v2\/product_tag?post=183395"}],"curies":[{"name":"wp","href":"https:\/\/api.w.org\/{rel}","templated":true}]}}