{"id":183378,"date":"2024-05-09T21:07:18","date_gmt":"2024-05-09T21:07:18","guid":{"rendered":"https:\/\/aldeco.pt\/staging\/product\/mindset-wlb\/"},"modified":"2024-08-06T11:22:44","modified_gmt":"2024-08-06T11:22:44","slug":"mindset-wlb","status":"publish","type":"product","link":"https:\/\/staging.aldeco.pt\/pt-pt\/product\/mindset-wlb\/","title":{"rendered":"MINDSET WLB"},"content":{"rendered":"<p>MINDSET WLB \u00e9 um tecido elegante, mas pesado com uma ca\u00edda maravilhosa, indicado para cortinas. Est\u00e1 dispon\u00edvel em 5 cores muito naturais. Agora dispon\u00edvel com fio de chumbo ecol\u00f3gico.<\/p>\n","protected":false},"excerpt":{"rendered":"<p>MINDSET WLB \u00e9 um tecido elegante, mas pesado com uma ca\u00edda maravilhosa, indicado para cortinas. Est\u00e1 dispon\u00edvel em 5 cores muito naturais. Agora dispon\u00edvel com fio de chumbo ecol\u00f3gico.<\/p>\n<h2>MINDSET WLB \u00e9 um tecido elegante, mas pesado com uma ca\u00edda maravilhosa, indicado para cortinas. Est\u00e1 dispon\u00edvel em 5 cores muito naturais. Agora dispon\u00edvel com fio de chumbo ecol\u00f3gico.<\/h2>\n<p><img fetchpriority=\"high\" decoding=\"async\" class=\"alignnone wp-image-187783 size-medium\" src=\"https:\/\/aldeco.pt\/staging\/wp-content\/uploads\/2024\/01\/T192200001-5-300x200.jpg\" alt=\"Mindset Wlb - Aldeco\" width=\"300\" height=\"200\"><\/p>\n<p><a href=\"https:\/\/www.instagram.com\/aldeco_interiorfabrics\/\">https:\/\/www.instagram.com\/aldeco_interiorfabrics\/<\/a><\/p>\n<p><a href=\"https:\/\/aldeco.pt\/staging\/product\/mindset-wlb\/?attribute_pa_aldeco-color=01-natural-white\">https:\/\/aldeco.pt\/staging\/product\/mindset-wlb\/?attribute_pa_aldeco-color=01-natural-white<\/a><\/p>\n","protected":false},"featured_media":156152,"template":"","meta":[],"product_brand":[],"product_cat":[6153],"product_tag":[],"class_list":{"0":"post-183378","1":"product","2":"type-product","3":"status-publish","4":"has-post-thumbnail","6":"product_cat-aldeco-smarter-pt-pt","7":"pa_cleanability-8282","8":"pa_composition-ext-100-pl-pt-pt","9":"pa_interior-fabrics-1-pt-pt","10":"pa_line-tecidos","11":"pa_lithfastness-4-pt-pt","12":"pa_outdoor-0-pt-pt","13":"pa_range-liso","14":"pa_range-transparente","15":"pa_rapport-vertical-11009","18":"first","19":"instock","20":"purchasable","21":"product-type-variable"},"acf":[],"_links":{"self":[{"href":"https:\/\/staging.aldeco.pt\/pt-pt\/wp-json\/wp\/v2\/product\/183378","targetHints":{"allow":["GET"]}}],"collection":[{"href":"https:\/\/staging.aldeco.pt\/pt-pt\/wp-json\/wp\/v2\/product"}],"about":[{"href":"https:\/\/staging.aldeco.pt\/pt-pt\/wp-json\/wp\/v2\/types\/product"}],"version-history":[{"count":1,"href":"https:\/\/staging.aldeco.pt\/pt-pt\/wp-json\/wp\/v2\/product\/183378\/revisions"}],"predecessor-version":[{"id":193668,"href":"https:\/\/staging.aldeco.pt\/pt-pt\/wp-json\/wp\/v2\/product\/183378\/revisions\/193668"}],"wp:featuredmedia":[{"embeddable":true,"href":"https:\/\/staging.aldeco.pt\/pt-pt\/wp-json\/wp\/v2\/media\/156152"}],"wp:attachment":[{"href":"https:\/\/staging.aldeco.pt\/pt-pt\/wp-json\/wp\/v2\/media?parent=183378"}],"wp:term":[{"taxonomy":"product_brand","embeddable":true,"href":"https:\/\/staging.aldeco.pt\/pt-pt\/wp-json\/wp\/v2\/product_brand?post=183378"},{"taxonomy":"product_cat","embeddable":true,"href":"https:\/\/staging.aldeco.pt\/pt-pt\/wp-json\/wp\/v2\/product_cat?post=183378"},{"taxonomy":"product_tag","embeddable":true,"href":"https:\/\/staging.aldeco.pt\/pt-pt\/wp-json\/wp\/v2\/product_tag?post=183378"}],"curies":[{"name":"wp","href":"https:\/\/api.w.org\/{rel}","templated":true}]}}