{"id":183363,"date":"2024-05-09T21:03:58","date_gmt":"2024-05-09T21:03:58","guid":{"rendered":"https:\/\/aldeco.pt\/staging\/product\/mescla-fr\/"},"modified":"2024-10-10T09:04:05","modified_gmt":"2024-10-10T09:04:05","slug":"mescla-fr","status":"publish","type":"product","link":"https:\/\/staging.aldeco.pt\/pt-pt\/product\/mescla-fr\/","title":{"rendered":"MESCLA FR"},"content":{"rendered":"<p>MESCLA FR \u00e9 o resultado da mistura entre cor, estrutura e um fio fantasia. Essa mistura \u00e9 resulta num tecido resistente, texturizado e com muito car\u00e1ter. Este tecido para estofo \u00e9 f\u00e1cil de limpar e extremamente dur\u00e1vel, apresentando uma excelente resist\u00eancia \u00e0 abras\u00e3o. Possui certifica\u00e7\u00e3o OEKO-TEX Standard 100, n\u00e3o cont\u00e9m subst\u00e2ncias nocivas ao meio ambiente. Possui diversas certifica\u00e7\u00f5es ign\u00edfugas e \u00e9 parcialmente composto por fibras recicladas de garrafas pl\u00e1sticas e res\u00edduos de produ\u00e7\u00e3o. Est\u00e1 dispon\u00edvel em 8 cores.<\/p>\n","protected":false},"excerpt":{"rendered":"<p>MESCLA FR \u00e9 o resultado da mistura entre cor, estrutura e um fio fantasia. Essa mistura \u00e9 resulta num tecido resistente, texturizado e com muito car\u00e1ter. Este tecido para estofo \u00e9 f\u00e1cil de limpar e extremamente dur\u00e1vel, apresentando uma excelente resist\u00eancia \u00e0 abras\u00e3o. Possui certifica\u00e7\u00e3o OEKO-TEX Standard 100, n\u00e3o cont\u00e9m subst\u00e2ncias nocivas ao meio ambiente. Possui diversas certifica\u00e7\u00f5es ign\u00edfugas e \u00e9 parcialmente composto por fibras recicladas de garrafas pl\u00e1sticas e res\u00edduos de produ\u00e7\u00e3o. Est\u00e1 dispon\u00edvel em 8 cores.<\/p>\n<h2>MESCLA FR \u00e9 o resultado da mistura entre cor, estrutura e um fio fantasia. Essa mistura \u00e9 resulta num tecido resistente, texturizado e com muito car\u00e1ter.<\/h2>\n<p><img fetchpriority=\"high\" decoding=\"async\" class=\"alignnone wp-image-89466 size-medium\" src=\"https:\/\/aldeco.pt\/staging\/wp-content\/uploads\/2024\/01\/T019410039-3-300x300.jpg\" alt=\"Mescla FR - Aldeco\" width=\"300\" height=\"300\" \/><\/p>\n<p><a href=\"https:\/\/www.instagram.com\/aldeco_interiorfabrics\/\">https:\/\/www.instagram.com\/aldeco_interiorfabrics\/<\/a><\/p>\n<p><a href=\"https:\/\/aldeco.pt\/staging\/pt-pt\/product\/mescla-fr\/?attribute_pa_aldeco-color=2-pt-pt\">https:\/\/aldeco.pt\/staging\/pt-pt\/product\/mescla-fr\/?attribute_pa_aldeco-color=2-pt-pt<\/a><\/p>\n","protected":false},"featured_media":75649,"template":"","meta":[],"product_brand":[],"product_cat":[6145],"product_tag":[],"class_list":{"0":"post-183363","1":"product","2":"type-product","3":"status-publish","4":"has-post-thumbnail","6":"product_cat-aldeco-2-pt-pt-2","7":"pa_cleanability-8282","8":"pa_composition-ext-42-pp-42-pes-16-co-pt-pt","9":"pa_contract-fabrics-1-pt-pt","10":"pa_interior-fabrics-1-pt-pt","11":"pa_line-tecidos","12":"pa_lithfastness-4-5-pt-pt","13":"pa_outdoor-0-pt-pt","14":"pa_range-liso","15":"pa_rapport-vertical-11009","16":"pa_special-treatments-fabrics-1-pt-pt","17":"pa_sustainable-fabrics-1-pt-pt","20":"first","21":"instock","22":"purchasable","23":"product-type-variable"},"acf":[],"_links":{"self":[{"href":"https:\/\/staging.aldeco.pt\/pt-pt\/wp-json\/wp\/v2\/product\/183363","targetHints":{"allow":["GET"]}}],"collection":[{"href":"https:\/\/staging.aldeco.pt\/pt-pt\/wp-json\/wp\/v2\/product"}],"about":[{"href":"https:\/\/staging.aldeco.pt\/pt-pt\/wp-json\/wp\/v2\/types\/product"}],"version-history":[{"count":2,"href":"https:\/\/staging.aldeco.pt\/pt-pt\/wp-json\/wp\/v2\/product\/183363\/revisions"}],"predecessor-version":[{"id":204820,"href":"https:\/\/staging.aldeco.pt\/pt-pt\/wp-json\/wp\/v2\/product\/183363\/revisions\/204820"}],"wp:featuredmedia":[{"embeddable":true,"href":"https:\/\/staging.aldeco.pt\/pt-pt\/wp-json\/wp\/v2\/media\/75649"}],"wp:attachment":[{"href":"https:\/\/staging.aldeco.pt\/pt-pt\/wp-json\/wp\/v2\/media?parent=183363"}],"wp:term":[{"taxonomy":"product_brand","embeddable":true,"href":"https:\/\/staging.aldeco.pt\/pt-pt\/wp-json\/wp\/v2\/product_brand?post=183363"},{"taxonomy":"product_cat","embeddable":true,"href":"https:\/\/staging.aldeco.pt\/pt-pt\/wp-json\/wp\/v2\/product_cat?post=183363"},{"taxonomy":"product_tag","embeddable":true,"href":"https:\/\/staging.aldeco.pt\/pt-pt\/wp-json\/wp\/v2\/product_tag?post=183363"}],"curies":[{"name":"wp","href":"https:\/\/api.w.org\/{rel}","templated":true}]}}