{"id":183273,"date":"2024-05-09T21:02:52","date_gmt":"2024-05-09T21:02:52","guid":{"rendered":"https:\/\/aldeco.pt\/staging\/product\/melody\/"},"modified":"2024-08-06T11:22:48","modified_gmt":"2024-08-06T11:22:48","slug":"melody","status":"publish","type":"product","link":"https:\/\/staging.aldeco.pt\/pt-pt\/product\/melody\/","title":{"rendered":"MELODY"},"content":{"rendered":"<p>Tecido levemente texturado muito vers\u00e1til de largura dupla. Ideal para cortinas e mantas. Encontra-se dispon\u00edvel em 11 cores muito vers\u00e1teis.<\/p>\n","protected":false},"excerpt":{"rendered":"<p>Tecido levemente texturado muito vers\u00e1til de largura dupla. Ideal para cortinas e mantas. Encontra-se dispon\u00edvel em 11 cores muito vers\u00e1teis.<\/p>\n<h2>MELODY \u00e9 um tecido levemente texturado muito vers\u00e1til de largura dupla. Ideal para cortinas e mantas. Encontra-se dispon\u00edvel em 11 cores muito vers\u00e1teis.<\/h2>\n<p><img fetchpriority=\"high\" decoding=\"async\" class=\"alignnone wp-image-187689 size-medium\" src=\"https:\/\/aldeco.pt\/staging\/wp-content\/uploads\/2024\/01\/T191190001-4-300x212.jpg\" alt=\"Melody - Aldeco\" width=\"300\" height=\"212\"><\/p>\n<p><a href=\"https:\/\/www.instagram.com\/aldeco_interiorfabrics\/\">https:\/\/www.instagram.com\/aldeco_interiorfabrics\/<\/a><\/p>\n<p><a href=\"https:\/\/aldeco.pt\/staging\/product\/melody\/?attribute_pa_aldeco-color=01-ivory\">https:\/\/aldeco.pt\/staging\/product\/melody\/?attribute_pa_aldeco-color=01-ivory<\/a><\/p>\n<p>&nbsp;<\/p>\n<p>&nbsp;<\/p>\n","protected":false},"featured_media":159529,"template":"","meta":[],"product_brand":[],"product_cat":[6145],"product_tag":[],"class_list":{"0":"post-183273","1":"product","2":"type-product","3":"status-publish","4":"has-post-thumbnail","6":"product_cat-aldeco-2-pt-pt-2","7":"pa_cleanability-8282","8":"pa_composition-ext-100-pl-pt-pt","9":"pa_interior-fabrics-1-pt-pt","10":"pa_line-tecidos","11":"pa_lithfastness-5-pt-pt","12":"pa_outdoor-0-pt-pt","13":"pa_range-liso","14":"pa_rapport-vertical-11009","17":"first","18":"instock","19":"purchasable","20":"product-type-variable"},"acf":[],"_links":{"self":[{"href":"https:\/\/staging.aldeco.pt\/pt-pt\/wp-json\/wp\/v2\/product\/183273","targetHints":{"allow":["GET"]}}],"collection":[{"href":"https:\/\/staging.aldeco.pt\/pt-pt\/wp-json\/wp\/v2\/product"}],"about":[{"href":"https:\/\/staging.aldeco.pt\/pt-pt\/wp-json\/wp\/v2\/types\/product"}],"version-history":[{"count":1,"href":"https:\/\/staging.aldeco.pt\/pt-pt\/wp-json\/wp\/v2\/product\/183273\/revisions"}],"predecessor-version":[{"id":193612,"href":"https:\/\/staging.aldeco.pt\/pt-pt\/wp-json\/wp\/v2\/product\/183273\/revisions\/193612"}],"wp:featuredmedia":[{"embeddable":true,"href":"https:\/\/staging.aldeco.pt\/pt-pt\/wp-json\/wp\/v2\/media\/159529"}],"wp:attachment":[{"href":"https:\/\/staging.aldeco.pt\/pt-pt\/wp-json\/wp\/v2\/media?parent=183273"}],"wp:term":[{"taxonomy":"product_brand","embeddable":true,"href":"https:\/\/staging.aldeco.pt\/pt-pt\/wp-json\/wp\/v2\/product_brand?post=183273"},{"taxonomy":"product_cat","embeddable":true,"href":"https:\/\/staging.aldeco.pt\/pt-pt\/wp-json\/wp\/v2\/product_cat?post=183273"},{"taxonomy":"product_tag","embeddable":true,"href":"https:\/\/staging.aldeco.pt\/pt-pt\/wp-json\/wp\/v2\/product_tag?post=183273"}],"curies":[{"name":"wp","href":"https:\/\/api.w.org\/{rel}","templated":true}]}}