{"id":183235,"date":"2024-05-09T20:21:34","date_gmt":"2024-05-09T20:21:34","guid":{"rendered":"https:\/\/aldeco.pt\/staging\/product\/glaze-velvet\/"},"modified":"2024-09-27T16:11:13","modified_gmt":"2024-09-27T16:11:13","slug":"glaze-velvet","status":"publish","type":"product","link":"https:\/\/staging.aldeco.pt\/pt-pt\/product\/glaze-velvet\/","title":{"rendered":"GLAZE VELVET"},"content":{"rendered":"<p>GLAZE VELVET \u00e9 um tecido de dupla face com aspeto de veludo de seda adequado para mantas, colchas, almofadas, cortinados e reposteiros, dispon\u00edvel numa vasta gama de cores. Devido \u00e0 sua largura dupla (300 cm de largura) e corpo pesado, \u00e9 perfeito para cortinas de veludo apresentanto uma resist\u00eancia \u00e0 luz solar muito boa. Embora n\u00e3o seja recomendado o seu uso em estofo.<\/p>\n","protected":false},"excerpt":{"rendered":"<p>GLAZE VELVET \u00e9 um tecido de dupla face com aspeto de veludo de seda adequado para mantas, colchas, almofadas, cortinados e reposteiros, dispon\u00edvel numa vasta gama de cores. Devido \u00e0 sua largura dupla (300 cm de largura) e corpo pesado, \u00e9 perfeito para cortinas de veludo apresentanto uma resist\u00eancia \u00e0 luz solar muito boa. Embora n\u00e3o seja recomendado o seu uso em estofo.<\/p>\n<h2>GLAZE VELVET \u00e9 um tecido de dupla face com aspeto de veludo de seda adequado para mantas, colchas, almofadas, cortinados e reposteiros, dispon\u00edvel numa vasta gama de cores. Devido \u00e0 sua largura dupla (300 cm de largura) e corpo pesado, \u00e9 perfeito para cortinas de veludo apresentanto uma resist\u00eancia \u00e0 luz solar muito boa. Embora n\u00e3o seja recomendado o seu uso em estofo.<\/h2>\n<p>&nbsp;<\/p>\n<p><img fetchpriority=\"high\" decoding=\"async\" class=\"alignnone wp-image-180740 size-medium\" src=\"https:\/\/aldeco.pt\/staging\/wp-content\/uploads\/2024\/01\/T192250001-3-300x200.jpg\" alt=\"Glaze Velvet - Aldeco\" width=\"300\" height=\"200\" \/><\/p>\n<p><a href=\"https:\/\/www.instagram.com\/aldeco_interiorfabrics\/\">https:\/\/www.instagram.com\/aldeco_interiorfabrics\/<\/a><\/p>\n<p><a href=\"https:\/\/aldeco.pt\/staging\/product\/glaze-velvet\/?attribute_pa_aldeco-color=01-bright-white\">https:\/\/aldeco.pt\/staging\/product\/glaze-velvet\/?attribute_pa_aldeco-color=01-bright-white<\/a><\/p>\n<p>&nbsp;<\/p>\n","protected":false},"featured_media":158931,"template":"","meta":[],"product_brand":[],"product_cat":[6145],"product_tag":[],"class_list":{"0":"post-183235","1":"product","2":"type-product","3":"status-publish","4":"has-post-thumbnail","6":"product_cat-aldeco-2-pt-pt-2","7":"pa_cleanability-8282","8":"pa_composition-ext-100-pl-pt-pt","9":"pa_interior-fabrics-1-pt-pt","10":"pa_line-tecidos","11":"pa_lithfastness-4-5-pt-pt","12":"pa_outdoor-0-pt-pt","13":"pa_range-liso","14":"pa_range-veludo","15":"pa_rapport-vertical-11009","18":"first","19":"instock","20":"purchasable","21":"product-type-variable"},"acf":[],"_links":{"self":[{"href":"https:\/\/staging.aldeco.pt\/pt-pt\/wp-json\/wp\/v2\/product\/183235","targetHints":{"allow":["GET"]}}],"collection":[{"href":"https:\/\/staging.aldeco.pt\/pt-pt\/wp-json\/wp\/v2\/product"}],"about":[{"href":"https:\/\/staging.aldeco.pt\/pt-pt\/wp-json\/wp\/v2\/types\/product"}],"version-history":[{"count":2,"href":"https:\/\/staging.aldeco.pt\/pt-pt\/wp-json\/wp\/v2\/product\/183235\/revisions"}],"predecessor-version":[{"id":200882,"href":"https:\/\/staging.aldeco.pt\/pt-pt\/wp-json\/wp\/v2\/product\/183235\/revisions\/200882"}],"wp:featuredmedia":[{"embeddable":true,"href":"https:\/\/staging.aldeco.pt\/pt-pt\/wp-json\/wp\/v2\/media\/158931"}],"wp:attachment":[{"href":"https:\/\/staging.aldeco.pt\/pt-pt\/wp-json\/wp\/v2\/media?parent=183235"}],"wp:term":[{"taxonomy":"product_brand","embeddable":true,"href":"https:\/\/staging.aldeco.pt\/pt-pt\/wp-json\/wp\/v2\/product_brand?post=183235"},{"taxonomy":"product_cat","embeddable":true,"href":"https:\/\/staging.aldeco.pt\/pt-pt\/wp-json\/wp\/v2\/product_cat?post=183235"},{"taxonomy":"product_tag","embeddable":true,"href":"https:\/\/staging.aldeco.pt\/pt-pt\/wp-json\/wp\/v2\/product_tag?post=183235"}],"curies":[{"name":"wp","href":"https:\/\/api.w.org\/{rel}","templated":true}]}}