{"id":183142,"date":"2024-05-09T20:19:56","date_gmt":"2024-05-09T20:19:56","guid":{"rendered":"https:\/\/aldeco.pt\/staging\/product\/georgian-easy-clean\/"},"modified":"2024-08-06T11:34:36","modified_gmt":"2024-08-06T11:34:36","slug":"georgian-easy-clean","status":"publish","type":"product","link":"https:\/\/staging.aldeco.pt\/pt-pt\/product\/georgian-easy-clean\/","title":{"rendered":"GEORGIAN EASY CLEAN"},"content":{"rendered":"<p>Gra\u00e7as \u00e0 sua tecnologia de prote\u00e7\u00e3o especial, DROPEASY permite-lhe aproveitar ao m\u00e1ximo o seu tempo livre: acabe com as longas e dispendiosas lavagens. DROPEASY \u00e9 seguro para si e para o meio ambiente, \u00e9 totalmente n\u00e3o t\u00f3xico e faz com que economize \u00e1gua e detergentes qu\u00edmicos. O seu tratamento protetor evita que as subst\u00e2ncias contaminantes penetrem nas fibras, permitindo a remo\u00e7\u00e3o completa das manchas mais comuns: caf\u00e9, vinho, ketchup, l\u00e1pis de cera, plasticina, tinta, lama, sangue, urina, v\u00f3mito, etc..<\/p>\n","protected":false},"excerpt":{"rendered":"<p>Gra\u00e7as \u00e0 sua tecnologia de prote\u00e7\u00e3o especial, DROPEASY permite-lhe aproveitar ao m\u00e1ximo o seu tempo livre: acabe com as longas e dispendiosas lavagens. DROPEASY \u00e9 seguro para si e para o meio ambiente, \u00e9 totalmente n\u00e3o t\u00f3xico e faz com que economize \u00e1gua e detergentes qu\u00edmicos. O seu tratamento protetor evita que as subst\u00e2ncias contaminantes penetrem nas fibras, permitindo a remo\u00e7\u00e3o completa das manchas mais comuns: caf\u00e9, vinho, ketchup, l\u00e1pis de cera, plasticina, tinta, lama, sangue, urina, v\u00f3mito, etc..<\/p>\n<h2>Georgian Easy Clean. Gra\u00e7as \u00e0 sua tecnologia de prote\u00e7\u00e3o especial, DROPEASY permite-lhe aproveitar ao m\u00e1ximo o seu tempo livre: acabe com as longas e dispendiosas lavagens. DROPEASY \u00e9 seguro para si e para o meio ambiente, \u00e9 totalmente n\u00e3o t\u00f3xico e faz com que economize \u00e1gua e detergentes qu\u00edmicos. O seu tratamento protetor evita que as subst\u00e2ncias contaminantes penetrem nas fibras, permitindo a remo\u00e7\u00e3o completa das manchas mais comuns: caf\u00e9, vinho, ketchup, l\u00e1pis de cera, plasticina, tinta, lama, sangue, urina, v\u00f3mito, etc..<\/h2>\n<p><img fetchpriority=\"high\" decoding=\"async\" class=\"alignnone wp-image-180645 size-medium\" src=\"https:\/\/aldeco.pt\/staging\/wp-content\/uploads\/2024\/01\/T191890001-4-300x225.jpg\" alt=\"Georgian Easy Clean - Aldeco\" width=\"300\" height=\"225\"><\/p>\n<p><a href=\"https:\/\/www.instagram.com\/aldeco_interiorfabrics\/\">https:\/\/www.instagram.com\/aldeco_interiorfabrics\/<\/a><\/p>\n<p><a href=\"https:\/\/aldeco.pt\/staging\/product\/georgian-easy-clean\/?attribute_pa_aldeco-color=01-natural-white\">https:\/\/aldeco.pt\/staging\/product\/georgian-easy-clean\/?attribute_pa_aldeco-color=01-natural-white<\/a><\/p>\n<p>&nbsp;<\/p>\n<p>&nbsp;<\/p>\n<p>&nbsp;<\/p>\n","protected":false},"featured_media":158929,"template":"","meta":[],"product_brand":[],"product_cat":[6153],"product_tag":[],"class_list":{"0":"post-183142","1":"product","2":"type-product","3":"status-publish","4":"has-post-thumbnail","6":"product_cat-aldeco-smarter-pt-pt","7":"pa_cleanability-8282","8":"pa_composition-ext-66-pc-34-pl-pt-pt","9":"pa_interior-fabrics-1-pt-pt","10":"pa_line-tecidos","11":"pa_lithfastness-5-pt-pt","12":"pa_outdoor-0-pt-pt","13":"pa_range-chenile","14":"pa_range-jacquard-pt-pt","15":"pa_range-veludo","16":"pa_rapport-vertical-11009","17":"pa_special-treatments-fabrics-1-pt-pt","20":"first","21":"instock","22":"purchasable","23":"product-type-variable"},"acf":[],"_links":{"self":[{"href":"https:\/\/staging.aldeco.pt\/pt-pt\/wp-json\/wp\/v2\/product\/183142","targetHints":{"allow":["GET"]}}],"collection":[{"href":"https:\/\/staging.aldeco.pt\/pt-pt\/wp-json\/wp\/v2\/product"}],"about":[{"href":"https:\/\/staging.aldeco.pt\/pt-pt\/wp-json\/wp\/v2\/types\/product"}],"version-history":[{"count":1,"href":"https:\/\/staging.aldeco.pt\/pt-pt\/wp-json\/wp\/v2\/product\/183142\/revisions"}],"predecessor-version":[{"id":193090,"href":"https:\/\/staging.aldeco.pt\/pt-pt\/wp-json\/wp\/v2\/product\/183142\/revisions\/193090"}],"wp:featuredmedia":[{"embeddable":true,"href":"https:\/\/staging.aldeco.pt\/pt-pt\/wp-json\/wp\/v2\/media\/158929"}],"wp:attachment":[{"href":"https:\/\/staging.aldeco.pt\/pt-pt\/wp-json\/wp\/v2\/media?parent=183142"}],"wp:term":[{"taxonomy":"product_brand","embeddable":true,"href":"https:\/\/staging.aldeco.pt\/pt-pt\/wp-json\/wp\/v2\/product_brand?post=183142"},{"taxonomy":"product_cat","embeddable":true,"href":"https:\/\/staging.aldeco.pt\/pt-pt\/wp-json\/wp\/v2\/product_cat?post=183142"},{"taxonomy":"product_tag","embeddable":true,"href":"https:\/\/staging.aldeco.pt\/pt-pt\/wp-json\/wp\/v2\/product_tag?post=183142"}],"curies":[{"name":"wp","href":"https:\/\/api.w.org\/{rel}","templated":true}]}}