{"id":183069,"date":"2024-05-09T19:53:01","date_gmt":"2024-05-09T19:53:01","guid":{"rendered":"https:\/\/aldeco.pt\/staging\/product\/daisy-wlb\/"},"modified":"2024-10-01T16:28:37","modified_gmt":"2024-10-01T16:28:37","slug":"daisy-wlb","status":"publish","type":"product","link":"https:\/\/staging.aldeco.pt\/pt-pt\/product\/daisy-wlb\/","title":{"rendered":"DAISY WLB"},"content":{"rendered":"<p>Daisy \u00e9 um tecido estruturado por um elegante micromotivo geom\u00e9trico que se destaca numa transpar\u00eancia de tom neutro.<br \/>\nSua largura \u00e9 de 320 cm e \u00e9 confeccionada em poli\u00e9ster, l\u00e3 e modal. Esta cortina tem um toque fant\u00e1stico e macio como caxemira e tem fio de chumbo. A paleta de cores \u00e9 neutra e em tons suaves.<\/p>\n","protected":false},"excerpt":{"rendered":"<p>Daisy \u00e9 um tecido estruturado por um elegante micromotivo geom\u00e9trico que se destaca numa transpar\u00eancia de tom neutro.<br \/>\nSua largura \u00e9 de 320 cm e \u00e9 confeccionada em poli\u00e9ster, l\u00e3 e modal. Esta cortina tem um toque fant\u00e1stico e macio como caxemira e tem fio de chumbo. A paleta de cores \u00e9 neutra e em tons suaves.<\/p>\n<h2>Daisy Wlb \u00e9 um tecido estruturado por um elegante micromotivo geom\u00e9trico que se destaca numa transpar\u00eancia de tom neutro.<br \/>\nSua largura \u00e9 de 320 cm e \u00e9 confeccionada em poli\u00e9ster, l\u00e3 e modal. Esta cortina tem um toque fant\u00e1stico e macio como caxemira e tem fio de chumbo. A paleta de cores \u00e9 neutra e em tons suaves.<\/h2>\n<p><img fetchpriority=\"high\" decoding=\"async\" class=\"alignnone wp-image-191824 size-medium\" src=\"https:\/\/aldeco.pt\/staging\/wp-content\/uploads\/2024\/03\/T190250001-300x200.jpg\" alt=\"Daisy Wlb - Aldeco\" width=\"300\" height=\"200\" \/><\/p>\n<p><a href=\"https:\/\/aldeco.pt\/staging\/pt-pt\/product\/daisy-wlb\/?attribute_pa_aldeco-color=01-creamy-cloud-pt-pt\">https:\/\/aldeco.pt\/staging\/pt-pt\/product\/daisy-wlb\/?attribute_pa_aldeco-color=01-creamy-cloud-pt-pt<\/a><\/p>\n<p><a href=\"https:\/\/www.instagram.com\/aldeco_interiorfabrics\/\">https:\/\/www.instagram.com\/aldeco_interiorfabrics\/<\/a><\/p>\n","protected":false},"featured_media":158536,"template":"","meta":[],"product_brand":[],"product_cat":[6145],"product_tag":[],"class_list":{"0":"post-183069","1":"product","2":"type-product","3":"status-publish","4":"has-post-thumbnail","6":"product_cat-aldeco-2-pt-pt-2","7":"pa_cleanability-8282","8":"pa_composition-ext-39-13-pes-12-17-wo-48-70-md-pt-pt","9":"pa_interior-fabrics-1-pt-pt","10":"pa_line-tecidos","11":"pa_lithfastness-9680","12":"pa_outdoor-0-pt-pt","13":"pa_range-liso","14":"pa_range-transparente","15":"pa_rapport-vertical-11009","18":"first","19":"instock","20":"purchasable","21":"product-type-variable"},"acf":[],"_links":{"self":[{"href":"https:\/\/staging.aldeco.pt\/pt-pt\/wp-json\/wp\/v2\/product\/183069","targetHints":{"allow":["GET"]}}],"collection":[{"href":"https:\/\/staging.aldeco.pt\/pt-pt\/wp-json\/wp\/v2\/product"}],"about":[{"href":"https:\/\/staging.aldeco.pt\/pt-pt\/wp-json\/wp\/v2\/types\/product"}],"version-history":[{"count":2,"href":"https:\/\/staging.aldeco.pt\/pt-pt\/wp-json\/wp\/v2\/product\/183069\/revisions"}],"predecessor-version":[{"id":201748,"href":"https:\/\/staging.aldeco.pt\/pt-pt\/wp-json\/wp\/v2\/product\/183069\/revisions\/201748"}],"wp:featuredmedia":[{"embeddable":true,"href":"https:\/\/staging.aldeco.pt\/pt-pt\/wp-json\/wp\/v2\/media\/158536"}],"wp:attachment":[{"href":"https:\/\/staging.aldeco.pt\/pt-pt\/wp-json\/wp\/v2\/media?parent=183069"}],"wp:term":[{"taxonomy":"product_brand","embeddable":true,"href":"https:\/\/staging.aldeco.pt\/pt-pt\/wp-json\/wp\/v2\/product_brand?post=183069"},{"taxonomy":"product_cat","embeddable":true,"href":"https:\/\/staging.aldeco.pt\/pt-pt\/wp-json\/wp\/v2\/product_cat?post=183069"},{"taxonomy":"product_tag","embeddable":true,"href":"https:\/\/staging.aldeco.pt\/pt-pt\/wp-json\/wp\/v2\/product_tag?post=183069"}],"curies":[{"name":"wp","href":"https:\/\/api.w.org\/{rel}","templated":true}]}}