{"id":183051,"date":"2024-05-09T19:52:49","date_gmt":"2024-05-09T19:52:49","guid":{"rendered":"https:\/\/aldeco.pt\/staging\/product\/cromatico-fr\/"},"modified":"2024-08-06T11:35:13","modified_gmt":"2024-08-06T11:35:13","slug":"cromatico-fr","status":"publish","type":"product","link":"https:\/\/staging.aldeco.pt\/pt-pt\/product\/cromatico-fr\/","title":{"rendered":"CROMATICO FR"},"content":{"rendered":"<p>CROM\u00c1TICO FR \u00e9 um tecido jacquard que incorpora uma mistura de cores vivas numa trama uniforme e de forte impacto visual. CROM\u00c1TICO FR possui v\u00e1rios certificados ign\u00edfugos (retardante de chama). Este tecido combina decora\u00e7\u00e3o com grande funcionalidade e \u00e9 f\u00e1cil de limpar, com excelente resist\u00eancia \u00e0 fric\u00e7\u00e3o e ao pilling. 17% de Fibras recicladas provenientes de garrafas PET e res\u00edduos p\u00f3s-consumo. Possui certifica\u00e7\u00e3o OEKO-TEX e est\u00e1 em conformidade com REACH, n\u00e3o cont\u00e9m subst\u00e2ncias nocivas ao meio ambiente. Este tecido est\u00e1 dispon\u00edvel em 6 cores.<\/p>\n","protected":false},"excerpt":{"rendered":"<p>CROM\u00c1TICO FR \u00e9 um tecido jacquard que incorpora uma mistura de cores vivas numa trama uniforme e de forte impacto visual. CROM\u00c1TICO FR possui v\u00e1rios certificados ign\u00edfugos (retardante de chama). Este tecido combina decora\u00e7\u00e3o com grande funcionalidade e \u00e9 f\u00e1cil de limpar, com excelente resist\u00eancia \u00e0 fric\u00e7\u00e3o e ao pilling. 17% de Fibras recicladas provenientes de garrafas PET e res\u00edduos p\u00f3s-consumo. Possui certifica\u00e7\u00e3o OEKO-TEX e est\u00e1 em conformidade com REACH, n\u00e3o cont\u00e9m subst\u00e2ncias nocivas ao meio ambiente. Este tecido est\u00e1 dispon\u00edvel em 6 cores.<\/p>\n<h2>CROM\u00c1TICO FR \u00e9 um tecido jacquard que incorpora uma mistura de cores vivas numa trama uniforme e de forte impacto visual. CROM\u00c1TICO FR possui v\u00e1rios certificados ign\u00edfugos (retardante de chama). Este tecido combina decora\u00e7\u00e3o com grande funcionalidade e \u00e9 f\u00e1cil de limpar, com excelente resist\u00eancia \u00e0 fric\u00e7\u00e3o e ao pilling. 17% de Fibras recicladas provenientes de garrafas PET e res\u00edduos p\u00f3s-consumo. Possui certifica\u00e7\u00e3o OEKO-TEX e est\u00e1 em conformidade com REACH, n\u00e3o cont\u00e9m subst\u00e2ncias nocivas ao meio ambiente. Este tecido est\u00e1 dispon\u00edvel em 6 cores.<\/h2>\n<p><img fetchpriority=\"high\" decoding=\"async\" class=\"alignnone wp-image-90615 size-medium\" src=\"https:\/\/aldeco.pt\/staging\/wp-content\/uploads\/2024\/01\/T019420005-3-300x300.jpg\" alt=\"Cromatico FR - Aldeco\" width=\"300\" height=\"300\"><\/p>\n<p><a href=\"https:\/\/aldeco.pt\/staging\/product\/cromatico-fr\/?attribute_pa_aldeco-color=2\">https:\/\/aldeco.pt\/staging\/product\/cromatico-fr\/?attribute_pa_aldeco-color=2<\/a><\/p>\n<p><a href=\"https:\/\/www.instagram.com\/aldeco_interiorfabrics\/\">https:\/\/www.instagram.com\/aldeco_interiorfabrics\/<\/a><\/p>\n","protected":false},"featured_media":76700,"template":"","meta":[],"product_brand":[],"product_cat":[6145],"product_tag":[],"class_list":{"0":"post-183051","1":"product","2":"type-product","3":"status-publish","4":"has-post-thumbnail","6":"product_cat-aldeco-2-pt-pt-2","7":"pa_cleanability-8282","8":"pa_composition-ext-60-pp-35-pes-5-co-pt-pt","9":"pa_contract-fabrics-1-pt-pt","10":"pa_interior-fabrics-1-pt-pt","11":"pa_line-tecidos","12":"pa_lithfastness-5-6-pt-pt","13":"pa_outdoor-0-pt-pt","14":"pa_range-jacquard-pt-pt","15":"pa_rapport-vertical-11009","16":"pa_sustainable-fabrics-1-pt-pt","19":"first","20":"instock","21":"purchasable","22":"product-type-variable"},"acf":[],"_links":{"self":[{"href":"https:\/\/staging.aldeco.pt\/pt-pt\/wp-json\/wp\/v2\/product\/183051","targetHints":{"allow":["GET"]}}],"collection":[{"href":"https:\/\/staging.aldeco.pt\/pt-pt\/wp-json\/wp\/v2\/product"}],"about":[{"href":"https:\/\/staging.aldeco.pt\/pt-pt\/wp-json\/wp\/v2\/types\/product"}],"version-history":[{"count":1,"href":"https:\/\/staging.aldeco.pt\/pt-pt\/wp-json\/wp\/v2\/product\/183051\/revisions"}],"predecessor-version":[{"id":192344,"href":"https:\/\/staging.aldeco.pt\/pt-pt\/wp-json\/wp\/v2\/product\/183051\/revisions\/192344"}],"wp:featuredmedia":[{"embeddable":true,"href":"https:\/\/staging.aldeco.pt\/pt-pt\/wp-json\/wp\/v2\/media\/76700"}],"wp:attachment":[{"href":"https:\/\/staging.aldeco.pt\/pt-pt\/wp-json\/wp\/v2\/media?parent=183051"}],"wp:term":[{"taxonomy":"product_brand","embeddable":true,"href":"https:\/\/staging.aldeco.pt\/pt-pt\/wp-json\/wp\/v2\/product_brand?post=183051"},{"taxonomy":"product_cat","embeddable":true,"href":"https:\/\/staging.aldeco.pt\/pt-pt\/wp-json\/wp\/v2\/product_cat?post=183051"},{"taxonomy":"product_tag","embeddable":true,"href":"https:\/\/staging.aldeco.pt\/pt-pt\/wp-json\/wp\/v2\/product_tag?post=183051"}],"curies":[{"name":"wp","href":"https:\/\/api.w.org\/{rel}","templated":true}]}}