{"id":182915,"date":"2024-05-09T19:53:58","date_gmt":"2024-05-09T19:53:58","guid":{"rendered":"https:\/\/aldeco.pt\/staging\/product\/daydreaming-wlb\/"},"modified":"2024-08-06T11:35:10","modified_gmt":"2024-08-06T11:35:10","slug":"daydreaming-wlb","status":"publish","type":"product","link":"https:\/\/staging.aldeco.pt\/pt-pt\/product\/daydreaming-wlb\/","title":{"rendered":"DAYDREAMING WLB"},"content":{"rendered":"<p>Este tecido de cortina tem uma transpar\u00eancia texturada com uma apar\u00eancia muito natural e verdadeiramente suave. Este misto linho de 60% polyester e 40% linho, tem como principais vantagens oferecer uma apar\u00eancia muito distinta, semelhante a um tecido 100% linho, muito leve e elegante, mas sem as desvantagens inerentes a esta fibra natural, pois \u00e9 resistente \u00e0 luz e \u00e0s lavagens, n\u00e3o encolhe como as op\u00e7\u00f5es 100% linho e tem uma apar\u00eancia mais lisa. \u00c9 uma transpar\u00eancia muito elegante , com apar\u00eancia e textura muito leve e nebulosa, com 320 cm de largura e com fio de chumbo ecol\u00f3gico. A maneira como este tecido cai \u00e9 absolutamente tentadora. Dispon\u00edvel em 2 cores para representar as tonalidades naturais do linho: branco natural e off white.<\/p>\n","protected":false},"excerpt":{"rendered":"<p>Este tecido de cortina tem uma transpar\u00eancia texturada com uma apar\u00eancia muito natural e verdadeiramente suave. \u00c9 uma transpar\u00eancia muito elegante , com apar\u00eancia e textura muito leve e nebulosa, com 320 cm de largura e com fio de chumbo ecol\u00f3gico. A maneira como este tecido cai \u00e9 absolutamente tentadora.<br \/>\nA grande vantagem deste tecido \u00e9 ter um aspeto muito natural, embora seja uma mistura de poli\u00e9ster e linho, o que o torna mais resistente \u00e0 lavagem e mais liso quando lavado e passado a ferro. Opt\u00e1mos por 2 cores vivas para representar os tons naturais do linho.<br \/>\nEste tecido encantador est\u00e1 dispon\u00edvel com Fio de Chumbo Ecol\u00f3gico.<\/p>\n<h2>Daydreaming Wlb, este tecido de cortina tem uma transpar\u00eancia texturada com uma apar\u00eancia muito natural e verdadeiramente suave. \u00c9 uma transpar\u00eancia muito elegante , com apar\u00eancia e textura muito leve e nebulosa, com 320 cm de largura e com fio de chumbo ecol\u00f3gico. A maneira como este tecido cai \u00e9 absolutamente tentadora.<br \/>\nA grande vantagem deste tecido \u00e9 ter um aspeto muito natural, embora seja uma mistura de poli\u00e9ster e linho, o que o torna mais resistente \u00e0 lavagem e mais liso quando lavado e passado a ferro. Opt\u00e1mos por 2 cores vivas para representar os tons naturais do linho.<br \/>\nEste tecido encantador est\u00e1 dispon\u00edvel com Fio de Chumbo Ecol\u00f3gico.<\/h2>\n<p><img fetchpriority=\"high\" decoding=\"async\" class=\"alignnone wp-image-191842 size-medium\" src=\"https:\/\/aldeco.pt\/staging\/wp-content\/uploads\/2024\/01\/T191990001-4-300x225.jpg\" alt=\"Daydreaming Wlb - Aldeco\" width=\"300\" height=\"225\"><\/p>\n<p><a href=\"https:\/\/aldeco.pt\/staging\/pt-pt\/product\/daydreaming-wlb\/?attribute_pa_aldeco-color=01-pure-white-pt-pt\">https:\/\/aldeco.pt\/staging\/pt-pt\/product\/daydreaming-wlb\/?attribute_pa_aldeco-color=01-pure-white-pt-pt<\/a><\/p>\n<p><a href=\"https:\/\/www.instagram.com\/aldeco_interiorfabrics\/\">https:\/\/www.instagram.com\/aldeco_interiorfabrics\/<\/a><\/p>\n","protected":false},"featured_media":158560,"template":"","meta":[],"product_brand":[],"product_cat":[6153],"product_tag":[],"class_list":{"0":"post-182915","1":"product","2":"type-product","3":"status-publish","4":"has-post-thumbnail","6":"product_cat-aldeco-smarter-pt-pt","7":"pa_cleanability-8282","8":"pa_composition-ext-60-pl-40-li-pt-pt","9":"pa_interior-fabrics-1-pt-pt","10":"pa_line-tecidos","11":"pa_lithfastness-5-pt-pt","12":"pa_outdoor-0-pt-pt","13":"pa_range-liso","14":"pa_range-transparente","15":"pa_rapport-vertical-11009","18":"first","19":"instock","20":"purchasable","21":"product-type-variable"},"acf":[],"_links":{"self":[{"href":"https:\/\/staging.aldeco.pt\/pt-pt\/wp-json\/wp\/v2\/product\/182915","targetHints":{"allow":["GET"]}}],"collection":[{"href":"https:\/\/staging.aldeco.pt\/pt-pt\/wp-json\/wp\/v2\/product"}],"about":[{"href":"https:\/\/staging.aldeco.pt\/pt-pt\/wp-json\/wp\/v2\/types\/product"}],"version-history":[{"count":1,"href":"https:\/\/staging.aldeco.pt\/pt-pt\/wp-json\/wp\/v2\/product\/182915\/revisions"}],"predecessor-version":[{"id":192347,"href":"https:\/\/staging.aldeco.pt\/pt-pt\/wp-json\/wp\/v2\/product\/182915\/revisions\/192347"}],"wp:featuredmedia":[{"embeddable":true,"href":"https:\/\/staging.aldeco.pt\/pt-pt\/wp-json\/wp\/v2\/media\/158560"}],"wp:attachment":[{"href":"https:\/\/staging.aldeco.pt\/pt-pt\/wp-json\/wp\/v2\/media?parent=182915"}],"wp:term":[{"taxonomy":"product_brand","embeddable":true,"href":"https:\/\/staging.aldeco.pt\/pt-pt\/wp-json\/wp\/v2\/product_brand?post=182915"},{"taxonomy":"product_cat","embeddable":true,"href":"https:\/\/staging.aldeco.pt\/pt-pt\/wp-json\/wp\/v2\/product_cat?post=182915"},{"taxonomy":"product_tag","embeddable":true,"href":"https:\/\/staging.aldeco.pt\/pt-pt\/wp-json\/wp\/v2\/product_tag?post=182915"}],"curies":[{"name":"wp","href":"https:\/\/api.w.org\/{rel}","templated":true}]}}