{"id":182899,"date":"2024-05-09T19:51:24","date_gmt":"2024-05-09T19:51:24","guid":{"rendered":"https:\/\/aldeco.pt\/staging\/product\/criss-cross-fr\/"},"modified":"2024-08-06T11:35:14","modified_gmt":"2024-08-06T11:35:14","slug":"criss-cross-fr","status":"publish","type":"product","link":"https:\/\/staging.aldeco.pt\/pt-pt\/product\/criss-cross-fr\/","title":{"rendered":"CRISS CROSS FR"},"content":{"rendered":"<p>Criss Cross FR \u00e9 um tecido de inspira\u00e7\u00e3o na cestaria tradicional de vime. \u00c9 para estofo e utiliza\u00e7\u00e3o projecto e espa\u00e7os p\u00fablicos pois \u00e9 retardante de fogo. Dispon\u00edvel em 6 cores imprescind\u00edveis.<\/p>\n","protected":false},"excerpt":{"rendered":"<p>Criss Cross FR \u00e9 um tecido de inspira\u00e7\u00e3o na cestaria tradicional de vime. \u00c9 para estofo e utiliza\u00e7\u00e3o projecto e espa\u00e7os p\u00fablicos pois \u00e9 retardante de fogo. Dispon\u00edvel em 6 cores imprescind\u00edveis.<\/p>\n<h2>Criss Cross FR \u00e9 um tecido de inspira\u00e7\u00e3o na cestaria tradicional de vime. \u00c9 para estofo e utiliza\u00e7\u00e3o projecto e espa\u00e7os p\u00fablicos pois \u00e9 retardante de fogo. Dispon\u00edvel em 6 cores imprescind\u00edveis.<\/h2>\n<p><img fetchpriority=\"high\" decoding=\"async\" class=\"alignnone wp-image-191809 size-medium\" src=\"https:\/\/aldeco.pt\/staging\/wp-content\/uploads\/2024\/03\/T190100001-300x240.jpg\" alt=\"Criss Cross FR - Aldeco\" width=\"300\" height=\"240\"><\/p>\n<p><a href=\"https:\/\/aldeco.pt\/staging\/product\/criss-cross-fr\/?attribute_pa_aldeco-color=01-naturals\">https:\/\/aldeco.pt\/staging\/product\/criss-cross-fr\/?attribute_pa_aldeco-color=01-naturals<\/a><\/p>\n<p><a href=\"https:\/\/www.instagram.com\/aldeco_interiorfabrics\/\">https:\/\/www.instagram.com\/aldeco_interiorfabrics\/<\/a><\/p>\n","protected":false},"featured_media":158530,"template":"","meta":[],"product_brand":[],"product_cat":[6153],"product_tag":[],"class_list":{"0":"post-182899","1":"product","2":"type-product","3":"status-publish","4":"has-post-thumbnail","6":"product_cat-aldeco-smarter-pt-pt","7":"pa_cleanability-8282","8":"pa_composition-ext-38-vi-33-co-21-pl-8-li-pt-pt","9":"pa_contract-fabrics-1-pt-pt","10":"pa_interior-fabrics-1-pt-pt","11":"pa_line-tecidos","12":"pa_lithfastness-4-pt-pt","13":"pa_outdoor-0-pt-pt","14":"pa_range-coated-pt-pt","15":"pa_range-jacquard-pt-pt","16":"pa_rapport-horizontal-3-pt-pt","17":"pa_rapport-vertical-5-pt-pt","18":"pa_special-treatments-fabrics-1-pt-pt","21":"first","22":"instock","23":"purchasable","24":"product-type-variable"},"acf":[],"_links":{"self":[{"href":"https:\/\/staging.aldeco.pt\/pt-pt\/wp-json\/wp\/v2\/product\/182899","targetHints":{"allow":["GET"]}}],"collection":[{"href":"https:\/\/staging.aldeco.pt\/pt-pt\/wp-json\/wp\/v2\/product"}],"about":[{"href":"https:\/\/staging.aldeco.pt\/pt-pt\/wp-json\/wp\/v2\/types\/product"}],"version-history":[{"count":1,"href":"https:\/\/staging.aldeco.pt\/pt-pt\/wp-json\/wp\/v2\/product\/182899\/revisions"}],"predecessor-version":[{"id":192342,"href":"https:\/\/staging.aldeco.pt\/pt-pt\/wp-json\/wp\/v2\/product\/182899\/revisions\/192342"}],"wp:featuredmedia":[{"embeddable":true,"href":"https:\/\/staging.aldeco.pt\/pt-pt\/wp-json\/wp\/v2\/media\/158530"}],"wp:attachment":[{"href":"https:\/\/staging.aldeco.pt\/pt-pt\/wp-json\/wp\/v2\/media?parent=182899"}],"wp:term":[{"taxonomy":"product_brand","embeddable":true,"href":"https:\/\/staging.aldeco.pt\/pt-pt\/wp-json\/wp\/v2\/product_brand?post=182899"},{"taxonomy":"product_cat","embeddable":true,"href":"https:\/\/staging.aldeco.pt\/pt-pt\/wp-json\/wp\/v2\/product_cat?post=182899"},{"taxonomy":"product_tag","embeddable":true,"href":"https:\/\/staging.aldeco.pt\/pt-pt\/wp-json\/wp\/v2\/product_tag?post=182899"}],"curies":[{"name":"wp","href":"https:\/\/api.w.org\/{rel}","templated":true}]}}