{"id":182849,"date":"2024-05-09T19:51:03","date_gmt":"2024-05-09T19:51:03","guid":{"rendered":"https:\/\/aldeco.pt\/staging\/product\/crackle\/"},"modified":"2024-09-24T08:41:44","modified_gmt":"2024-09-24T08:41:44","slug":"crackle","status":"publish","type":"product","link":"https:\/\/staging.aldeco.pt\/pt-pt\/product\/crackle\/","title":{"rendered":"CRACKLE"},"content":{"rendered":"<p>Tecido jacquard macio com textura Cracl\u00e9, que se assemelha \u00e0 textura de uma pintura antiga ao longo dos anos. Este tecido \u00e9 ideal para cortinas delicadas devido \u00e0 sua largura<br \/>\nCrackle tem 310 cm de largura e est\u00e1 dispon\u00edvel em 4 cores naturais.<\/p>\n","protected":false},"excerpt":{"rendered":"<p>Tecido jacquard macio com textura Cracl\u00e9, que se assemelha \u00e0 textura de uma pintura antiga ao longo dos anos. Este tecido \u00e9 ideal para cortinas delicadas devido \u00e0 sua largura<br \/>\nCrackle tem 310 cm de largura e est\u00e1 dispon\u00edvel em 4 cores naturais.<\/p>\n<h2>Crackle, tecido jacquard macio com textura Cracl\u00e9, que se assemelha \u00e0 textura de uma pintura antiga ao longo dos anos. Este tecido \u00e9 ideal para cortinas delicadas devido \u00e0 sua largura<br \/>\nCrackle tem 310 cm de largura e est\u00e1 dispon\u00edvel em 4 cores naturais.<\/h2>\n<p><img fetchpriority=\"high\" decoding=\"async\" class=\"alignnone wp-image-191797 size-medium\" src=\"https:\/\/aldeco.pt\/staging\/wp-content\/uploads\/2024\/01\/T190170001-300x200.jpg\" alt=\"Crackle - Aldeco\" width=\"300\" height=\"200\" \/><\/p>\n<p><a href=\"https:\/\/aldeco.pt\/staging\/product\/crackle\/?attribute_pa_aldeco-color=01-pure-white\">https:\/\/aldeco.pt\/staging\/product\/crackle\/?attribute_pa_aldeco-color=01-pure-white<\/a><\/p>\n<p><a href=\"https:\/\/www.instagram.com\/aldeco_interiorfabrics\/\">https:\/\/www.instagram.com\/aldeco_interiorfabrics\/<\/a><\/p>\n","protected":false},"featured_media":155135,"template":"","meta":[],"product_brand":[],"product_cat":[6145],"product_tag":[],"class_list":{"0":"post-182849","1":"product","2":"type-product","3":"status-publish","4":"has-post-thumbnail","6":"product_cat-aldeco-2-pt-pt-2","7":"pa_cleanability-8282","8":"pa_composition-ext-52-pl-48-cv-pt-pt","9":"pa_interior-fabrics-1-pt-pt","10":"pa_line-tecidos","11":"pa_lithfastness-9680","12":"pa_outdoor-0-pt-pt","13":"pa_range-jacquard-pt-pt","14":"pa_range-transparente","15":"pa_rapport-vertical-11009","18":"first","19":"instock","20":"purchasable","21":"product-type-variable"},"acf":[],"_links":{"self":[{"href":"https:\/\/staging.aldeco.pt\/pt-pt\/wp-json\/wp\/v2\/product\/182849","targetHints":{"allow":["GET"]}}],"collection":[{"href":"https:\/\/staging.aldeco.pt\/pt-pt\/wp-json\/wp\/v2\/product"}],"about":[{"href":"https:\/\/staging.aldeco.pt\/pt-pt\/wp-json\/wp\/v2\/types\/product"}],"version-history":[{"count":2,"href":"https:\/\/staging.aldeco.pt\/pt-pt\/wp-json\/wp\/v2\/product\/182849\/revisions"}],"predecessor-version":[{"id":200780,"href":"https:\/\/staging.aldeco.pt\/pt-pt\/wp-json\/wp\/v2\/product\/182849\/revisions\/200780"}],"wp:featuredmedia":[{"embeddable":true,"href":"https:\/\/staging.aldeco.pt\/pt-pt\/wp-json\/wp\/v2\/media\/155135"}],"wp:attachment":[{"href":"https:\/\/staging.aldeco.pt\/pt-pt\/wp-json\/wp\/v2\/media?parent=182849"}],"wp:term":[{"taxonomy":"product_brand","embeddable":true,"href":"https:\/\/staging.aldeco.pt\/pt-pt\/wp-json\/wp\/v2\/product_brand?post=182849"},{"taxonomy":"product_cat","embeddable":true,"href":"https:\/\/staging.aldeco.pt\/pt-pt\/wp-json\/wp\/v2\/product_cat?post=182849"},{"taxonomy":"product_tag","embeddable":true,"href":"https:\/\/staging.aldeco.pt\/pt-pt\/wp-json\/wp\/v2\/product_tag?post=182849"}],"curies":[{"name":"wp","href":"https:\/\/api.w.org\/{rel}","templated":true}]}}