{"id":182791,"date":"2024-05-09T19:49:26","date_gmt":"2024-05-09T19:49:26","guid":{"rendered":"https:\/\/aldeco.pt\/staging\/product\/confetti\/"},"modified":"2024-10-10T09:39:42","modified_gmt":"2024-10-10T09:39:42","slug":"confetti","status":"publish","type":"product","link":"https:\/\/staging.aldeco.pt\/pt-pt\/product\/confetti\/","title":{"rendered":"CONFETTI"},"content":{"rendered":"<p>Tecido encantador com formas triangulares estampadas numa base em linho. Estas formas semi-soltas s\u00e3o extremamente estimulantes para crian\u00e7as e beb\u00e9s.<\/p>\n","protected":false},"excerpt":{"rendered":"<p>Tecido encantador com formas triangulares estampadas numa base em linho. Estas formas semi-soltas s\u00e3o extremamente estimulantes para crian\u00e7as e beb\u00e9s.<\/p>\n<h2>Confetti, tecido encantador com formas triangulares estampadas numa base em linho. Estas formas semi-soltas s\u00e3o extremamente estimulantes para crian\u00e7as e beb\u00e9s.<\/h2>\n<p><img fetchpriority=\"high\" decoding=\"async\" class=\"alignnone wp-image-191771 size-medium\" src=\"https:\/\/aldeco.pt\/staging\/wp-content\/uploads\/2024\/05\/T019070001-300x240.jpg\" alt=\"Confetti - Aldeco\" width=\"300\" height=\"240\" \/><\/p>\n<p><a href=\"https:\/\/aldeco.pt\/staging\/product\/confetti\/?attribute_pa_aldeco-color=01-cool-party\">https:\/\/aldeco.pt\/staging\/product\/confetti\/?attribute_pa_aldeco-color=01-cool-party<\/a><\/p>\n<p><a href=\"https:\/\/www.instagram.com\/aldeco_interiorfabrics\/\">https:\/\/www.instagram.com\/aldeco_interiorfabrics\/<\/a><\/p>\n","protected":false},"featured_media":158497,"template":"","meta":[],"product_brand":[],"product_cat":[6145],"product_tag":[],"class_list":{"0":"post-182791","1":"product","2":"type-product","3":"status-publish","4":"has-post-thumbnail","6":"product_cat-aldeco-2-pt-pt-2","7":"pa_cleanability-8282","8":"pa_composition-ext-base-100-li-bordado-100-co","9":"pa_interior-fabrics-1-pt-pt","10":"pa_line-tecidos","11":"pa_lithfastness-4-5-pt-pt","12":"pa_outdoor-0-pt-pt","13":"pa_range-bordado","14":"pa_rapport-horizontal-20-pt-pt","15":"pa_rapport-vertical-11-5-pt-pt","18":"first","19":"instock","20":"purchasable","21":"product-type-variable"},"acf":[],"_links":{"self":[{"href":"https:\/\/staging.aldeco.pt\/pt-pt\/wp-json\/wp\/v2\/product\/182791","targetHints":{"allow":["GET"]}}],"collection":[{"href":"https:\/\/staging.aldeco.pt\/pt-pt\/wp-json\/wp\/v2\/product"}],"about":[{"href":"https:\/\/staging.aldeco.pt\/pt-pt\/wp-json\/wp\/v2\/types\/product"}],"version-history":[{"count":2,"href":"https:\/\/staging.aldeco.pt\/pt-pt\/wp-json\/wp\/v2\/product\/182791\/revisions"}],"predecessor-version":[{"id":204906,"href":"https:\/\/staging.aldeco.pt\/pt-pt\/wp-json\/wp\/v2\/product\/182791\/revisions\/204906"}],"wp:featuredmedia":[{"embeddable":true,"href":"https:\/\/staging.aldeco.pt\/pt-pt\/wp-json\/wp\/v2\/media\/158497"}],"wp:attachment":[{"href":"https:\/\/staging.aldeco.pt\/pt-pt\/wp-json\/wp\/v2\/media?parent=182791"}],"wp:term":[{"taxonomy":"product_brand","embeddable":true,"href":"https:\/\/staging.aldeco.pt\/pt-pt\/wp-json\/wp\/v2\/product_brand?post=182791"},{"taxonomy":"product_cat","embeddable":true,"href":"https:\/\/staging.aldeco.pt\/pt-pt\/wp-json\/wp\/v2\/product_cat?post=182791"},{"taxonomy":"product_tag","embeddable":true,"href":"https:\/\/staging.aldeco.pt\/pt-pt\/wp-json\/wp\/v2\/product_tag?post=182791"}],"curies":[{"name":"wp","href":"https:\/\/api.w.org\/{rel}","templated":true}]}}