{"id":182788,"date":"2024-05-09T19:50:34","date_gmt":"2024-05-09T19:50:34","guid":{"rendered":"https:\/\/aldeco.pt\/staging\/product\/cottage-garden\/"},"modified":"2024-08-06T11:35:17","modified_gmt":"2024-08-06T11:35:17","slug":"cottage-garden","status":"publish","type":"product","link":"https:\/\/staging.aldeco.pt\/pt-pt\/product\/cottage-garden\/","title":{"rendered":"COTTAGE GARDEN"},"content":{"rendered":"<p>Este deslumbrante tecido trata-se de uma composi\u00e7\u00e3o rica e colorida de flores com variadas formas que encaixam perfeitamente nesta cole\u00e7\u00e3o.<\/p>\n","protected":false},"excerpt":{"rendered":"<p>Este deslumbrante tecido trata-se de uma composi\u00e7\u00e3o rica e colorida de flores com variadas formas que encaixam perfeitamente nesta cole\u00e7\u00e3o.<\/p>\n<h2>Cottage Garden, deslumbrante tecido que apresenta uma composi\u00e7\u00e3o rica e colorida de flores com variadas formas que encaixam perfeitamente nesta cole\u00e7\u00e3o.<\/h2>\n<p><img fetchpriority=\"high\" decoding=\"async\" class=\"alignnone size-medium wp-image-191784\" src=\"https:\/\/aldeco.pt\/staging\/wp-content\/uploads\/2024\/05\/T019140001-300x240.jpg\" alt=\"\" width=\"300\" height=\"240\"><\/p>\n<p><a href=\"https:\/\/aldeco.pt\/staging\/product\/cottage-garden\/?attribute_pa_aldeco-color=01-happy-party\">https:\/\/aldeco.pt\/staging\/product\/cottage-garden\/?attribute_pa_aldeco-color=01-happy-party<\/a><\/p>\n<p><a href=\"https:\/\/www.instagram.com\/aldeco_interiorfabrics\/\">https:\/\/www.instagram.com\/aldeco_interiorfabrics\/<\/a><\/p>\n","protected":false},"featured_media":158503,"template":"","meta":[],"product_brand":[],"product_cat":[6145],"product_tag":[],"class_list":{"0":"post-182788","1":"product","2":"type-product","3":"status-publish","4":"has-post-thumbnail","6":"product_cat-aldeco-2-pt-pt-2","7":"pa_cleanability-8282","8":"pa_composition-ext-base-100-li-pt-pt","9":"pa_interior-fabrics-1-pt-pt","10":"pa_line-tecidos","11":"pa_lithfastness-9680","12":"pa_outdoor-0-pt-pt","13":"pa_range-estampado","14":"pa_rapport-horizontal-70-pt-pt","15":"pa_rapport-vertical-63-5-pt-pt","18":"first","19":"instock","20":"purchasable","21":"product-type-variable"},"acf":[],"_links":{"self":[{"href":"https:\/\/staging.aldeco.pt\/pt-pt\/wp-json\/wp\/v2\/product\/182788","targetHints":{"allow":["GET"]}}],"collection":[{"href":"https:\/\/staging.aldeco.pt\/pt-pt\/wp-json\/wp\/v2\/product"}],"about":[{"href":"https:\/\/staging.aldeco.pt\/pt-pt\/wp-json\/wp\/v2\/types\/product"}],"version-history":[{"count":1,"href":"https:\/\/staging.aldeco.pt\/pt-pt\/wp-json\/wp\/v2\/product\/182788\/revisions"}],"predecessor-version":[{"id":192338,"href":"https:\/\/staging.aldeco.pt\/pt-pt\/wp-json\/wp\/v2\/product\/182788\/revisions\/192338"}],"wp:featuredmedia":[{"embeddable":true,"href":"https:\/\/staging.aldeco.pt\/pt-pt\/wp-json\/wp\/v2\/media\/158503"}],"wp:attachment":[{"href":"https:\/\/staging.aldeco.pt\/pt-pt\/wp-json\/wp\/v2\/media?parent=182788"}],"wp:term":[{"taxonomy":"product_brand","embeddable":true,"href":"https:\/\/staging.aldeco.pt\/pt-pt\/wp-json\/wp\/v2\/product_brand?post=182788"},{"taxonomy":"product_cat","embeddable":true,"href":"https:\/\/staging.aldeco.pt\/pt-pt\/wp-json\/wp\/v2\/product_cat?post=182788"},{"taxonomy":"product_tag","embeddable":true,"href":"https:\/\/staging.aldeco.pt\/pt-pt\/wp-json\/wp\/v2\/product_tag?post=182788"}],"curies":[{"name":"wp","href":"https:\/\/api.w.org\/{rel}","templated":true}]}}