{"id":182761,"date":"2024-05-09T19:48:35","date_gmt":"2024-05-09T19:48:35","guid":{"rendered":"https:\/\/aldeco.pt\/staging\/product\/clan\/"},"modified":"2024-09-27T16:04:47","modified_gmt":"2024-09-27T16:04:47","slug":"clan","status":"publish","type":"product","link":"https:\/\/staging.aldeco.pt\/pt-pt\/product\/clan\/","title":{"rendered":"CLAN"},"content":{"rendered":"<p>Tecido liso e elegante dispon\u00edvel em 11 cores brilhantes e arrojadas. Este tecido tamb\u00e9m \u00e9 adequado para estofo, uma vez que resiste a mais de 50.000 ciclos de abras\u00e3o.<\/p>\n","protected":false},"excerpt":{"rendered":"<p>Tecido liso e elegante dispon\u00edvel em 11 cores brilhantes e arrojadas. Este tecido tamb\u00e9m \u00e9 adequado para estofo, uma vez que resiste a mais de 50.000 ciclos de abras\u00e3o.<\/p>\n<h2>Clan, tecido liso e elegante dispon\u00edvel em cores brilhantes e arrojadas. Este tecido tamb\u00e9m \u00e9 adequado para estofo, uma vez que resiste a mais de 50.000 ciclos de abras\u00e3o.<\/h2>\n<p><img fetchpriority=\"high\" decoding=\"async\" class=\"alignnone wp-image-191758 size-medium\" src=\"https:\/\/aldeco.pt\/staging\/wp-content\/uploads\/2024\/03\/T018680001-300x280.jpg\" alt=\"Clan - Aldeco\" width=\"300\" height=\"280\" \/><\/p>\n<p><a href=\"https:\/\/www.instagram.com\/aldeco_interiorfabrics\/\">https:\/\/www.instagram.com\/aldeco_interiorfabrics\/<\/a><\/p>\n<p><a href=\"https:\/\/aldeco.pt\/staging\/product\/clan\/?attribute_pa_aldeco-color=01-snow-white\">https:\/\/aldeco.pt\/staging\/product\/clan\/?attribute_pa_aldeco-color=01-snow-white<\/a><\/p>\n<p>&nbsp;<\/p>\n","protected":false},"featured_media":177729,"template":"","meta":[],"product_brand":[],"product_cat":[6145],"product_tag":[],"class_list":{"0":"post-182761","1":"product","2":"type-product","3":"status-publish","4":"has-post-thumbnail","6":"product_cat-aldeco-2-pt-pt-2","7":"pa_cleanability-8282","8":"pa_composition-ext-61-li-39-pa-pt-pt","9":"pa_interior-fabrics-1-pt-pt","10":"pa_line-tecidos","11":"pa_lithfastness-9680","12":"pa_outdoor-0-pt-pt","13":"pa_range-cetim","14":"pa_rapport-vertical-11009","17":"first","18":"instock","19":"purchasable","20":"product-type-variable"},"acf":[],"_links":{"self":[{"href":"https:\/\/staging.aldeco.pt\/pt-pt\/wp-json\/wp\/v2\/product\/182761","targetHints":{"allow":["GET"]}}],"collection":[{"href":"https:\/\/staging.aldeco.pt\/pt-pt\/wp-json\/wp\/v2\/product"}],"about":[{"href":"https:\/\/staging.aldeco.pt\/pt-pt\/wp-json\/wp\/v2\/types\/product"}],"version-history":[{"count":2,"href":"https:\/\/staging.aldeco.pt\/pt-pt\/wp-json\/wp\/v2\/product\/182761\/revisions"}],"predecessor-version":[{"id":200878,"href":"https:\/\/staging.aldeco.pt\/pt-pt\/wp-json\/wp\/v2\/product\/182761\/revisions\/200878"}],"wp:featuredmedia":[{"embeddable":true,"href":"https:\/\/staging.aldeco.pt\/pt-pt\/wp-json\/wp\/v2\/media\/177729"}],"wp:attachment":[{"href":"https:\/\/staging.aldeco.pt\/pt-pt\/wp-json\/wp\/v2\/media?parent=182761"}],"wp:term":[{"taxonomy":"product_brand","embeddable":true,"href":"https:\/\/staging.aldeco.pt\/pt-pt\/wp-json\/wp\/v2\/product_brand?post=182761"},{"taxonomy":"product_cat","embeddable":true,"href":"https:\/\/staging.aldeco.pt\/pt-pt\/wp-json\/wp\/v2\/product_cat?post=182761"},{"taxonomy":"product_tag","embeddable":true,"href":"https:\/\/staging.aldeco.pt\/pt-pt\/wp-json\/wp\/v2\/product_tag?post=182761"}],"curies":[{"name":"wp","href":"https:\/\/api.w.org\/{rel}","templated":true}]}}