{"id":182722,"date":"2024-05-09T19:46:26","date_gmt":"2024-05-09T19:46:26","guid":{"rendered":"https:\/\/aldeco.pt\/staging\/product\/checksy\/"},"modified":"2024-08-07T12:13:53","modified_gmt":"2024-08-07T12:13:53","slug":"checksy","status":"publish","type":"product","link":"https:\/\/staging.aldeco.pt\/pt-pt\/product\/checksy\/","title":{"rendered":"CHECKSY"},"content":{"rendered":"<p>Inspirado nos micromotivos efeiro xadrez, surge este tecido. Pertence \u00e0 categoria dos tecidos \u201cin between\u201d , com 300 cm de largura e em 3 cores: Bright Pastel, Warm Autumn e Storm Gray.<\/p>\n","protected":false},"excerpt":{"rendered":"<p>Inspirado nos micromotivos efeiro xadrez, surge este tecido. Pertence \u00e0 categoria dos tecidos \u201cin between\u201d , com 300 cm de largura e em 3 cores: Bright Pastel, Warm Autumn e Storm Gray. <\/p>\n<h2>Checksy, este tecido surge com inspira\u00e7\u00e3o nos micromotivos efeito xadrez. Pertence \u00e0 categoria dos tecidos \u201cin between\u201d , com 300 cm de largura e em 3 cores: Bright Pastel, Warm Autumn e Storm Gray.<\/h2>\n<p><img fetchpriority=\"high\" decoding=\"async\" class=\"alignnone wp-image-191738 size-medium\" src=\"https:\/\/aldeco.pt\/staging\/wp-content\/uploads\/2024\/03\/T019750001-300x240.jpg\" alt=\"Checksy - Aldeco\" width=\"300\" height=\"240\"><\/p>\n<p><a href=\"https:\/\/aldeco.pt\/staging\/product\/checksy\/?attribute_pa_aldeco-color=01-bright-pastel\">https:\/\/aldeco.pt\/staging\/product\/checksy\/?attribute_pa_aldeco-color=01-bright-pastel<\/a><a href=\"https:\/\/www.instagram.com\/aldeco_interiorfabrics\/\">https:\/\/www.instagram.com\/aldeco_interiorfabrics\/<\/a><\/p>\n","protected":false},"featured_media":158449,"template":"","meta":[],"product_brand":[],"product_cat":[6145],"product_tag":[],"class_list":{"0":"post-182722","1":"product","2":"type-product","3":"status-publish","4":"has-post-thumbnail","6":"product_cat-aldeco-2-pt-pt-2","7":"pa_cleanability-8282","8":"pa_composition-ext-100-pl-pt-pt","9":"pa_interior-fabrics-1-pt-pt","10":"pa_line-tecidos","11":"pa_lithfastness-4-5-pt-pt","12":"pa_outdoor-0-pt-pt","13":"pa_range-jacquard-pt-pt","14":"pa_rapport-horizontal-0-4-pt-pt","15":"pa_rapport-vertical-9-pt-pt","18":"first","19":"instock","20":"purchasable","21":"product-type-variable"},"acf":[],"_links":{"self":[{"href":"https:\/\/staging.aldeco.pt\/pt-pt\/wp-json\/wp\/v2\/product\/182722","targetHints":{"allow":["GET"]}}],"collection":[{"href":"https:\/\/staging.aldeco.pt\/pt-pt\/wp-json\/wp\/v2\/product"}],"about":[{"href":"https:\/\/staging.aldeco.pt\/pt-pt\/wp-json\/wp\/v2\/types\/product"}],"version-history":[{"count":2,"href":"https:\/\/staging.aldeco.pt\/pt-pt\/wp-json\/wp\/v2\/product\/182722\/revisions"}],"predecessor-version":[{"id":198544,"href":"https:\/\/staging.aldeco.pt\/pt-pt\/wp-json\/wp\/v2\/product\/182722\/revisions\/198544"}],"wp:featuredmedia":[{"embeddable":true,"href":"https:\/\/staging.aldeco.pt\/pt-pt\/wp-json\/wp\/v2\/media\/158449"}],"wp:attachment":[{"href":"https:\/\/staging.aldeco.pt\/pt-pt\/wp-json\/wp\/v2\/media?parent=182722"}],"wp:term":[{"taxonomy":"product_brand","embeddable":true,"href":"https:\/\/staging.aldeco.pt\/pt-pt\/wp-json\/wp\/v2\/product_brand?post=182722"},{"taxonomy":"product_cat","embeddable":true,"href":"https:\/\/staging.aldeco.pt\/pt-pt\/wp-json\/wp\/v2\/product_cat?post=182722"},{"taxonomy":"product_tag","embeddable":true,"href":"https:\/\/staging.aldeco.pt\/pt-pt\/wp-json\/wp\/v2\/product_tag?post=182722"}],"curies":[{"name":"wp","href":"https:\/\/api.w.org\/{rel}","templated":true}]}}