{"id":182653,"date":"2024-05-09T19:44:01","date_gmt":"2024-05-09T19:44:01","guid":{"rendered":"https:\/\/aldeco.pt\/staging\/product\/carver-embossed-velvet-wr\/"},"modified":"2024-08-06T11:35:25","modified_gmt":"2024-08-06T11:35:25","slug":"carver-embossed-velvet-wr","status":"publish","type":"product","link":"https:\/\/staging.aldeco.pt\/pt-pt\/product\/carver-embossed-velvet-wr\/","title":{"rendered":"CARVER EMBOSSED VELVET WR"},"content":{"rendered":"<p>O Carver Embossed Velvet \u00e9 repelente \u00e0 \u00e1gua, como o Carver vers\u00e3o veludo liso. Ambos s\u00e3o altamente resistentes \u00e0 abras\u00e3o e est\u00e3o dispon\u00edveis em mais de 40 cores.<\/p>\n","protected":false},"excerpt":{"rendered":"<p>O Carver Embossed Velvet \u00e9 repelente \u00e0 \u00e1gua, como o Carver vers\u00e3o veludo liso. Ambos s\u00e3o altamente resistentes \u00e0 abras\u00e3o e est\u00e3o dispon\u00edveis em mais de 40 cores.<\/p>\n<h2>O Carver Embossed Velvet \u00e9 repelente \u00e0 \u00e1gua, como o Carver vers\u00e3o veludo liso. Ambos s\u00e3o altamente resistentes \u00e0 abras\u00e3o e est\u00e3o dispon\u00edveis em mais de 40 cores.<\/h2>\n<p><img fetchpriority=\"high\" decoding=\"async\" class=\"alignnone wp-image-191712 size-medium\" src=\"https:\/\/aldeco.pt\/staging\/wp-content\/uploads\/2024\/01\/T191520042-4-300x225.jpg\" alt=\"Carver Embossed - Aldeco\" width=\"300\" height=\"225\"><\/p>\n<p><a href=\"https:\/\/aldeco.pt\/staging\/product\/carver-embossed-velvet-wr\/?attribute_pa_aldeco-color=01-natural-white\">https:\/\/aldeco.pt\/staging\/product\/carver-embossed-velvet-wr\/?attribute_pa_aldeco-color=01-natural-white<\/a><\/p>\n<p><a href=\"https:\/\/www.instagram.com\/aldeco_interiorfabrics\/\">https:\/\/www.instagram.com\/aldeco_interiorfabrics\/<\/a><\/p>\n<p>&nbsp;<\/p>\n","protected":false},"featured_media":158438,"template":"","meta":[],"product_brand":[],"product_cat":[6153],"product_tag":[],"class_list":{"0":"post-182653","1":"product","2":"type-product","3":"status-publish","4":"has-post-thumbnail","6":"product_cat-aldeco-smarter-pt-pt","7":"pa_cleanability-8282","8":"pa_composition-ext-100-poliester-com-motivo-em-relevo","9":"pa_interior-fabrics-1-pt-pt","10":"pa_line-tecidos","11":"pa_lithfastness-5-pt-pt","12":"pa_outdoor-0-pt-pt","13":"pa_range-veludo","14":"pa_rapport-vertical-11009","15":"pa_special-treatments-fabrics-1-pt-pt","18":"first","19":"instock","20":"purchasable","21":"product-type-variable"},"acf":[],"_links":{"self":[{"href":"https:\/\/staging.aldeco.pt\/pt-pt\/wp-json\/wp\/v2\/product\/182653","targetHints":{"allow":["GET"]}}],"collection":[{"href":"https:\/\/staging.aldeco.pt\/pt-pt\/wp-json\/wp\/v2\/product"}],"about":[{"href":"https:\/\/staging.aldeco.pt\/pt-pt\/wp-json\/wp\/v2\/types\/product"}],"version-history":[{"count":1,"href":"https:\/\/staging.aldeco.pt\/pt-pt\/wp-json\/wp\/v2\/product\/182653\/revisions"}],"predecessor-version":[{"id":192307,"href":"https:\/\/staging.aldeco.pt\/pt-pt\/wp-json\/wp\/v2\/product\/182653\/revisions\/192307"}],"wp:featuredmedia":[{"embeddable":true,"href":"https:\/\/staging.aldeco.pt\/pt-pt\/wp-json\/wp\/v2\/media\/158438"}],"wp:attachment":[{"href":"https:\/\/staging.aldeco.pt\/pt-pt\/wp-json\/wp\/v2\/media?parent=182653"}],"wp:term":[{"taxonomy":"product_brand","embeddable":true,"href":"https:\/\/staging.aldeco.pt\/pt-pt\/wp-json\/wp\/v2\/product_brand?post=182653"},{"taxonomy":"product_cat","embeddable":true,"href":"https:\/\/staging.aldeco.pt\/pt-pt\/wp-json\/wp\/v2\/product_cat?post=182653"},{"taxonomy":"product_tag","embeddable":true,"href":"https:\/\/staging.aldeco.pt\/pt-pt\/wp-json\/wp\/v2\/product_tag?post=182653"}],"curies":[{"name":"wp","href":"https:\/\/api.w.org\/{rel}","templated":true}]}}