{"id":182473,"date":"2024-05-09T19:47:33","date_gmt":"2024-05-09T19:47:33","guid":{"rendered":"https:\/\/aldeco.pt\/staging\/product\/chill-fr\/"},"modified":"2024-08-07T12:17:37","modified_gmt":"2024-08-07T12:17:37","slug":"chill-fr","status":"publish","type":"product","link":"https:\/\/staging.aldeco.pt\/pt-pt\/product\/chill-fr\/","title":{"rendered":"CHILL FR"},"content":{"rendered":"<p>Chill FR \u00e9 a nossa proposta para magnitude e grandeza nos reposteiros. Este tecido de 300 cm de largura \u00e9 muito pesado e encorpado. Tem uma estrutura \u00fanica e oferece uma textura natural e rica. Tecido tingido em pe\u00e7a, dispon\u00edvel em 31 cores fabulosas, com um surpreendente efeito mesclado.<\/p>\n","protected":false},"excerpt":{"rendered":"<p>Chill FR \u00e9 a nossa proposta para magnitude e grandeza nos reposteiros. Este tecido de 300 cm de largura \u00e9 muito pesado e encorpado. Tem uma estrutura \u00fanica e oferece uma textura natural e rica. Tecido tingido em pe\u00e7a, dispon\u00edvel em 31 cores fabulosas, com um surpreendente efeito mesclado. <\/p>\n<h2>Chill FR \u00e9 a nossa proposta para magnitude e grandeza nos reposteiros. Este tecido de 300 cm de largura \u00e9 muito pesado e encorpado. Tem uma estrutura \u00fanica e oferece uma textura natural e rica. Tecido tingido em pe\u00e7a, dispon\u00edvel em 31 cores fabulosas, com um surpreendente efeito mesclado.<\/h2>\n<p><img fetchpriority=\"high\" decoding=\"async\" class=\"alignnone wp-image-191751 size-medium\" src=\"https:\/\/aldeco.pt\/staging\/wp-content\/uploads\/2024\/01\/T191920001-4-300x225.jpg\" alt=\"Chill FR - Aldeco\" width=\"300\" height=\"225\"><\/p>\n<p><a href=\"https:\/\/aldeco.pt\/staging\/product\/chiado-fr\/?attribute_pa_aldeco-color=01-linen-gray\">https:\/\/aldeco.pt\/staging\/product\/chiado-fr\/?attribute_pa_aldeco-color=01-linen-gray<\/a><a href=\"https:\/\/www.instagram.com\/aldeco_interiorfabrics\/\">https:\/\/www.instagram.com\/aldeco_interiorfabrics\/<\/a><\/p>\n","protected":false},"featured_media":158469,"template":"","meta":[],"product_brand":[],"product_cat":[6145],"product_tag":[],"class_list":{"0":"post-182473","1":"product","2":"type-product","3":"status-publish","4":"has-post-thumbnail","6":"product_cat-aldeco-2-pt-pt-2","7":"pa_cleanability-8282","8":"pa_composition-ext-100-pl-pt-pt","9":"pa_contract-fabrics-1-pt-pt","10":"pa_interior-fabrics-1-pt-pt","11":"pa_line-tecidos","12":"pa_lithfastness-5-pt-pt","13":"pa_outdoor-0-pt-pt","14":"pa_range-dobby-pt-pt","15":"pa_rapport-horizontal-30-001-pt-pt","16":"pa_rapport-vertical-11009","17":"pa_rapport-vertical-30-002-pt-pt","18":"pa_special-treatments-fabrics-1-pt-pt","21":"first","22":"instock","23":"purchasable","24":"product-type-variable"},"acf":[],"_links":{"self":[{"href":"https:\/\/staging.aldeco.pt\/pt-pt\/wp-json\/wp\/v2\/product\/182473","targetHints":{"allow":["GET"]}}],"collection":[{"href":"https:\/\/staging.aldeco.pt\/pt-pt\/wp-json\/wp\/v2\/product"}],"about":[{"href":"https:\/\/staging.aldeco.pt\/pt-pt\/wp-json\/wp\/v2\/types\/product"}],"version-history":[{"count":2,"href":"https:\/\/staging.aldeco.pt\/pt-pt\/wp-json\/wp\/v2\/product\/182473\/revisions"}],"predecessor-version":[{"id":198546,"href":"https:\/\/staging.aldeco.pt\/pt-pt\/wp-json\/wp\/v2\/product\/182473\/revisions\/198546"}],"wp:featuredmedia":[{"embeddable":true,"href":"https:\/\/staging.aldeco.pt\/pt-pt\/wp-json\/wp\/v2\/media\/158469"}],"wp:attachment":[{"href":"https:\/\/staging.aldeco.pt\/pt-pt\/wp-json\/wp\/v2\/media?parent=182473"}],"wp:term":[{"taxonomy":"product_brand","embeddable":true,"href":"https:\/\/staging.aldeco.pt\/pt-pt\/wp-json\/wp\/v2\/product_brand?post=182473"},{"taxonomy":"product_cat","embeddable":true,"href":"https:\/\/staging.aldeco.pt\/pt-pt\/wp-json\/wp\/v2\/product_cat?post=182473"},{"taxonomy":"product_tag","embeddable":true,"href":"https:\/\/staging.aldeco.pt\/pt-pt\/wp-json\/wp\/v2\/product_tag?post=182473"}],"curies":[{"name":"wp","href":"https:\/\/api.w.org\/{rel}","templated":true}]}}