{"id":182452,"date":"2024-05-09T19:45:33","date_gmt":"2024-05-09T19:45:33","guid":{"rendered":"https:\/\/aldeco.pt\/staging\/product\/celebration\/"},"modified":"2024-08-06T11:35:24","modified_gmt":"2024-08-06T11:35:24","slug":"celebration","status":"publish","type":"product","link":"https:\/\/staging.aldeco.pt\/pt-pt\/product\/celebration\/","title":{"rendered":"CELEBRATION"},"content":{"rendered":"<p>Celebration \u00e9 a vers\u00e3o \u201criscas\u201d do nosso novo design Blessed. Ambos podem ser combinados de v\u00e1rias formas devido \u00e0s riscas multicoloridas de Celebration. Todas as cores est\u00e3o tamb\u00e9m dispon\u00edveis em Blessed.<\/p>\n","protected":false},"excerpt":{"rendered":"<p>Celebration \u00e9 a vers\u00e3o \u201criscas\u201d do nosso novo design Blessed. Ambos podem ser combinados de v\u00e1rias formas devido \u00e0s riscas multicoloridas de Celebration. Todas as cores est\u00e3o tamb\u00e9m dispon\u00edveis em Blessed.<\/p>\n<h2>Celebration \u00e9 a vers\u00e3o \u201criscas\u201d do nosso novo design Blessed. Ambos podem ser combinados de v\u00e1rias formas devido \u00e0s riscas multicoloridas de Celebration. Todas as cores est\u00e3o tamb\u00e9m dispon\u00edveis em Blessed.<\/h2>\n<p><img fetchpriority=\"high\" decoding=\"async\" class=\"alignnone wp-image-191726 size-medium\" src=\"https:\/\/aldeco.pt\/staging\/wp-content\/uploads\/2024\/01\/T190630001-3-300x200.jpg\" alt=\"Celebration - Aldeco\" width=\"300\" height=\"200\"><\/p>\n<p><a href=\"https:\/\/aldeco.pt\/staging\/product\/celebration\/?attribute_pa_aldeco-color=01-cloudy-gray\">https:\/\/aldeco.pt\/staging\/product\/celebration\/?attribute_pa_aldeco-color=01-cloudy-gray<\/a><\/p>\n<p><a href=\"https:\/\/www.instagram.com\/aldeco_interiorfabrics\/\">https:\/\/www.instagram.com\/aldeco_interiorfabrics\/<\/a><\/p>\n","protected":false},"featured_media":155056,"template":"","meta":[],"product_brand":[],"product_cat":[6145],"product_tag":[],"class_list":{"0":"post-182452","1":"product","2":"type-product","3":"status-publish","4":"has-post-thumbnail","6":"product_cat-aldeco-2-pt-pt-2","7":"pa_cleanability-8282","8":"pa_composition-ext-46-vi-22-li-20-co-12-pl-pt-pt","9":"pa_interior-fabrics-1-pt-pt","10":"pa_line-tecidos","11":"pa_lithfastness-4-pt-pt","12":"pa_outdoor-0-pt-pt","13":"pa_range-jacquard-pt-pt","14":"pa_rapport-horizontal-7-5-pt-pt","15":"pa_rapport-vertical-11009","18":"first","19":"instock","20":"purchasable","21":"product-type-variable"},"acf":[],"_links":{"self":[{"href":"https:\/\/staging.aldeco.pt\/pt-pt\/wp-json\/wp\/v2\/product\/182452","targetHints":{"allow":["GET"]}}],"collection":[{"href":"https:\/\/staging.aldeco.pt\/pt-pt\/wp-json\/wp\/v2\/product"}],"about":[{"href":"https:\/\/staging.aldeco.pt\/pt-pt\/wp-json\/wp\/v2\/types\/product"}],"version-history":[{"count":1,"href":"https:\/\/staging.aldeco.pt\/pt-pt\/wp-json\/wp\/v2\/product\/182452\/revisions"}],"predecessor-version":[{"id":192310,"href":"https:\/\/staging.aldeco.pt\/pt-pt\/wp-json\/wp\/v2\/product\/182452\/revisions\/192310"}],"wp:featuredmedia":[{"embeddable":true,"href":"https:\/\/staging.aldeco.pt\/pt-pt\/wp-json\/wp\/v2\/media\/155056"}],"wp:attachment":[{"href":"https:\/\/staging.aldeco.pt\/pt-pt\/wp-json\/wp\/v2\/media?parent=182452"}],"wp:term":[{"taxonomy":"product_brand","embeddable":true,"href":"https:\/\/staging.aldeco.pt\/pt-pt\/wp-json\/wp\/v2\/product_brand?post=182452"},{"taxonomy":"product_cat","embeddable":true,"href":"https:\/\/staging.aldeco.pt\/pt-pt\/wp-json\/wp\/v2\/product_cat?post=182452"},{"taxonomy":"product_tag","embeddable":true,"href":"https:\/\/staging.aldeco.pt\/pt-pt\/wp-json\/wp\/v2\/product_tag?post=182452"}],"curies":[{"name":"wp","href":"https:\/\/api.w.org\/{rel}","templated":true}]}}