{"id":182422,"date":"2024-05-09T19:44:11","date_gmt":"2024-05-09T19:44:11","guid":{"rendered":"https:\/\/aldeco.pt\/staging\/product\/carver-velvet-water-repellent\/"},"modified":"2024-08-06T11:35:25","modified_gmt":"2024-08-06T11:35:25","slug":"carver-velvet-water-repellent","status":"publish","type":"product","link":"https:\/\/staging.aldeco.pt\/pt-pt\/product\/carver-velvet-water-repellent\/","title":{"rendered":"CARVER VELVET WATER REPELLENT"},"content":{"rendered":"<p>\u00c9 tecido de estofo, um veludo com uma elevada resist\u00eancia \u00e0 abras\u00e3o e com tratamento repelente \u00e0 \u00e1gua, ideal para estofo e decora\u00e7\u00e3o. Este veludo suave tem um look mate e est\u00e1 dispon\u00edvel em mais de 40 cores. Pode ser facilmente coordenado com o tecido CARVER EMBOSSED VELVET WATER REPELLENT.<\/p>\n","protected":false},"excerpt":{"rendered":"<p>\u00c9 tecido de estofo, um veludo com uma elevada resist\u00eancia \u00e0 abras\u00e3o e com tratamento repelente \u00e0 \u00e1gua, ideal para estofo e decora\u00e7\u00e3o. Este veludo suave tem um look mate e est\u00e1 dispon\u00edvel em mais de 40 cores. Pode ser facilmente coordenado com o tecido CARVER EMBOSSED VELVET WATER REPELLENT.<\/p>\n<h2>\u00c9 tecido de estofo, um veludo com uma elevada resist\u00eancia \u00e0 abras\u00e3o e com tratamento repelente \u00e0 \u00e1gua, ideal para estofo e decora\u00e7\u00e3o. Este veludo suave tem um look mate e est\u00e1 dispon\u00edvel em mais de 40 cores.<\/h2>\n<p><img fetchpriority=\"high\" decoding=\"async\" class=\"alignnone wp-image-91302 size-medium\" src=\"https:\/\/aldeco.pt\/staging\/wp-content\/uploads\/2024\/01\/T191510017-3-300x225.jpg\" alt=\"Carver Velvet - Aldeco\" width=\"300\" height=\"225\"><\/p>\n<p><a href=\"https:\/\/aldeco.pt\/staging\/product\/carver-velvet-water-repellent\/?attribute_pa_aldeco-color=01-natural-white\">https:\/\/aldeco.pt\/staging\/product\/carver-velvet-water-repellent\/?attribute_pa_aldeco-color=01-natural-white<\/a><\/p>\n<p><a href=\"https:\/\/www.instagram.com\/aldeco_interiorfabrics\/\">https:\/\/www.instagram.com\/aldeco_interiorfabrics\/<\/a><\/p>\n","protected":false},"featured_media":158440,"template":"","meta":[],"product_brand":[],"product_cat":[6153],"product_tag":[],"class_list":{"0":"post-182422","1":"product","2":"type-product","3":"status-publish","4":"has-post-thumbnail","6":"product_cat-aldeco-smarter-pt-pt","7":"pa_cleanability-8282","8":"pa_composition-ext-100-pes-pt-pt","9":"pa_composition-ext-100-pl-pt-pt","10":"pa_interior-fabrics-1-pt-pt","11":"pa_line-tecidos","12":"pa_lithfastness-5-pt-pt","13":"pa_outdoor-0-pt-pt","14":"pa_range-veludo","15":"pa_rapport-vertical-11009","16":"pa_special-treatments-fabrics-1-pt-pt","19":"first","20":"instock","21":"purchasable","22":"product-type-variable"},"acf":[],"_links":{"self":[{"href":"https:\/\/staging.aldeco.pt\/pt-pt\/wp-json\/wp\/v2\/product\/182422","targetHints":{"allow":["GET"]}}],"collection":[{"href":"https:\/\/staging.aldeco.pt\/pt-pt\/wp-json\/wp\/v2\/product"}],"about":[{"href":"https:\/\/staging.aldeco.pt\/pt-pt\/wp-json\/wp\/v2\/types\/product"}],"version-history":[{"count":1,"href":"https:\/\/staging.aldeco.pt\/pt-pt\/wp-json\/wp\/v2\/product\/182422\/revisions"}],"predecessor-version":[{"id":192308,"href":"https:\/\/staging.aldeco.pt\/pt-pt\/wp-json\/wp\/v2\/product\/182422\/revisions\/192308"}],"wp:featuredmedia":[{"embeddable":true,"href":"https:\/\/staging.aldeco.pt\/pt-pt\/wp-json\/wp\/v2\/media\/158440"}],"wp:attachment":[{"href":"https:\/\/staging.aldeco.pt\/pt-pt\/wp-json\/wp\/v2\/media?parent=182422"}],"wp:term":[{"taxonomy":"product_brand","embeddable":true,"href":"https:\/\/staging.aldeco.pt\/pt-pt\/wp-json\/wp\/v2\/product_brand?post=182422"},{"taxonomy":"product_cat","embeddable":true,"href":"https:\/\/staging.aldeco.pt\/pt-pt\/wp-json\/wp\/v2\/product_cat?post=182422"},{"taxonomy":"product_tag","embeddable":true,"href":"https:\/\/staging.aldeco.pt\/pt-pt\/wp-json\/wp\/v2\/product_tag?post=182422"}],"curies":[{"name":"wp","href":"https:\/\/api.w.org\/{rel}","templated":true}]}}