{"id":182337,"date":"2024-05-09T19:41:31","date_gmt":"2024-05-09T19:41:31","guid":{"rendered":"https:\/\/aldeco.pt\/staging\/product\/carousel-cord\/"},"modified":"2024-08-06T11:35:28","modified_gmt":"2024-08-06T11:35:28","slug":"carousel-cord","status":"publish","type":"product","link":"https:\/\/staging.aldeco.pt\/pt-pt\/product\/carousel-cord\/","title":{"rendered":"CAROUSEL CORD"},"content":{"rendered":"<p>Tecido jacquard rico e elegante que representa a constru\u00e7\u00e3o simples e \u00fanica das cordas de forma torcida, limpa e organizada. Este elemento est\u00e1 presente nos var\u00f5es dos carroceis e \u00e9 representado de forma bastante \u00fanica e arquitet\u00f3nica. Cada cor tem 3 cores de fios diferentes, o que torna mais f\u00e1cil misturar e combinar com a restante decora\u00e7\u00e3o.<\/p>\n","protected":false},"excerpt":{"rendered":"<p>Tecido jacquard rico e elegante que representa a constru\u00e7\u00e3o simples e \u00fanica das cordas de forma torcida, limpa e organizada. Este elemento est\u00e1 presente nos var\u00f5es dos carroceis e \u00e9 representado de forma bastante \u00fanica e arquitet\u00f3nica. Cada cor tem 3 cores de fios diferentes, o que torna mais f\u00e1cil misturar e combinar com a restante decora\u00e7\u00e3o.<\/p>\n<p>&nbsp;<\/p>\n<h2>Tecido jacquard rico e elegante que representa a constru\u00e7\u00e3o simples e \u00fanica das cordas de forma torcida, limpa e organizada. Este elemento est\u00e1 presente nos var\u00f5es dos carroceis e \u00e9 representado de forma bastante \u00fanica e arquitet\u00f3nica. Cada cor tem 3 cores de fios diferentes, o que torna mais f\u00e1cil misturar e combinar com a restante decora\u00e7\u00e3o.<\/h2>\n<p><img fetchpriority=\"high\" decoding=\"async\" class=\"alignnone wp-image-191684 size-medium\" src=\"https:\/\/aldeco.pt\/staging\/wp-content\/uploads\/2024\/01\/T192110001-3-300x200.jpg\" alt=\"Carousel Cord - Aldeco\" width=\"300\" height=\"200\"><\/p>\n<p><a href=\"https:\/\/aldeco.pt\/staging\/product\/carousel-cord\/?attribute_pa_aldeco-color=01-babys-breath\">https:\/\/aldeco.pt\/staging\/product\/carousel-cord\/?attribute_pa_aldeco-color=01-babys-breath<\/a><\/p>\n<p><a href=\"https:\/\/www.instagram.com\/aldeco_interiorfabrics\/\">https:\/\/www.instagram.com\/aldeco_interiorfabrics\/<\/a><\/p>\n","protected":false},"featured_media":158423,"template":"","meta":[],"product_brand":[],"product_cat":[6145],"product_tag":[],"class_list":{"0":"post-182337","1":"product","2":"type-product","3":"status-publish","4":"has-post-thumbnail","6":"product_cat-aldeco-2-pt-pt-2","7":"pa_cleanability-8282","8":"pa_composition-ext-23-pa-77-vi-pt-pt","9":"pa_interior-fabrics-1-pt-pt","10":"pa_line-tecidos","11":"pa_lithfastness-4-5-pt-pt","12":"pa_outdoor-0-pt-pt","13":"pa_range-cetim","14":"pa_rapport-horizontal-8-5-pt-pt","15":"pa_rapport-vertical-3-5-pt-pt","18":"first","19":"instock","20":"purchasable","21":"product-type-variable"},"acf":[],"_links":{"self":[{"href":"https:\/\/staging.aldeco.pt\/pt-pt\/wp-json\/wp\/v2\/product\/182337","targetHints":{"allow":["GET"]}}],"collection":[{"href":"https:\/\/staging.aldeco.pt\/pt-pt\/wp-json\/wp\/v2\/product"}],"about":[{"href":"https:\/\/staging.aldeco.pt\/pt-pt\/wp-json\/wp\/v2\/types\/product"}],"version-history":[{"count":1,"href":"https:\/\/staging.aldeco.pt\/pt-pt\/wp-json\/wp\/v2\/product\/182337\/revisions"}],"predecessor-version":[{"id":192306,"href":"https:\/\/staging.aldeco.pt\/pt-pt\/wp-json\/wp\/v2\/product\/182337\/revisions\/192306"}],"wp:featuredmedia":[{"embeddable":true,"href":"https:\/\/staging.aldeco.pt\/pt-pt\/wp-json\/wp\/v2\/media\/158423"}],"wp:attachment":[{"href":"https:\/\/staging.aldeco.pt\/pt-pt\/wp-json\/wp\/v2\/media?parent=182337"}],"wp:term":[{"taxonomy":"product_brand","embeddable":true,"href":"https:\/\/staging.aldeco.pt\/pt-pt\/wp-json\/wp\/v2\/product_brand?post=182337"},{"taxonomy":"product_cat","embeddable":true,"href":"https:\/\/staging.aldeco.pt\/pt-pt\/wp-json\/wp\/v2\/product_cat?post=182337"},{"taxonomy":"product_tag","embeddable":true,"href":"https:\/\/staging.aldeco.pt\/pt-pt\/wp-json\/wp\/v2\/product_tag?post=182337"}],"curies":[{"name":"wp","href":"https:\/\/api.w.org\/{rel}","templated":true}]}}