{"id":182321,"date":"2024-05-09T19:41:43","date_gmt":"2024-05-09T19:41:43","guid":{"rendered":"https:\/\/aldeco.pt\/staging\/product\/carry\/"},"modified":"2024-08-06T11:35:27","modified_gmt":"2024-08-06T11:35:27","slug":"carry","status":"publish","type":"product","link":"https:\/\/staging.aldeco.pt\/pt-pt\/product\/carry\/","title":{"rendered":"CARRY"},"content":{"rendered":"<p>Composto exclusivamente por fibras naturais, este tecido combina algod\u00e3o e linho numa textura natural. Este tecido para estofo est\u00e1 dispon\u00edvel em 33 cores.<\/p>\n","protected":false},"excerpt":{"rendered":"<p>Composto exclusivamente por fibras naturais, este tecido combina algod\u00e3o e linho numa textura natural. Este tecido para estofo est\u00e1 dispon\u00edvel em 33 cores.<\/p>\n","protected":false},"featured_media":158425,"template":"","meta":[],"product_brand":[],"product_cat":[6145],"product_tag":[],"class_list":{"0":"post-182321","1":"product","2":"type-product","3":"status-publish","4":"has-post-thumbnail","6":"product_cat-aldeco-2-pt-pt-2","7":"pa_cleanability-8282","8":"pa_composition-ext-63-co-37-li-pt-pt","9":"pa_interior-fabrics-1-pt-pt","10":"pa_line-tecidos","11":"pa_lithfastness-4-5-pt-pt","12":"pa_outdoor-0-pt-pt","13":"pa_range-liso","14":"pa_range-panama-pt-pt","15":"pa_rapport-vertical-11009","18":"first","19":"instock","20":"purchasable","21":"product-type-variable"},"acf":[],"_links":{"self":[{"href":"https:\/\/staging.aldeco.pt\/pt-pt\/wp-json\/wp\/v2\/product\/182321","targetHints":{"allow":["GET"]}}],"collection":[{"href":"https:\/\/staging.aldeco.pt\/pt-pt\/wp-json\/wp\/v2\/product"}],"about":[{"href":"https:\/\/staging.aldeco.pt\/pt-pt\/wp-json\/wp\/v2\/types\/product"}],"version-history":[{"count":1,"href":"https:\/\/staging.aldeco.pt\/pt-pt\/wp-json\/wp\/v2\/product\/182321\/revisions"}],"predecessor-version":[{"id":193760,"href":"https:\/\/staging.aldeco.pt\/pt-pt\/wp-json\/wp\/v2\/product\/182321\/revisions\/193760"}],"wp:featuredmedia":[{"embeddable":true,"href":"https:\/\/staging.aldeco.pt\/pt-pt\/wp-json\/wp\/v2\/media\/158425"}],"wp:attachment":[{"href":"https:\/\/staging.aldeco.pt\/pt-pt\/wp-json\/wp\/v2\/media?parent=182321"}],"wp:term":[{"taxonomy":"product_brand","embeddable":true,"href":"https:\/\/staging.aldeco.pt\/pt-pt\/wp-json\/wp\/v2\/product_brand?post=182321"},{"taxonomy":"product_cat","embeddable":true,"href":"https:\/\/staging.aldeco.pt\/pt-pt\/wp-json\/wp\/v2\/product_cat?post=182321"},{"taxonomy":"product_tag","embeddable":true,"href":"https:\/\/staging.aldeco.pt\/pt-pt\/wp-json\/wp\/v2\/product_tag?post=182321"}],"curies":[{"name":"wp","href":"https:\/\/api.w.org\/{rel}","templated":true}]}}