{"id":180278,"date":"2024-05-09T22:15:58","date_gmt":"2024-05-09T22:15:58","guid":{"rendered":"https:\/\/aldeco.pt\/staging\/product\/spin-velvet-2\/"},"modified":"2024-11-13T11:25:56","modified_gmt":"2024-11-13T11:25:56","slug":"spin-velvet-2","status":"publish","type":"product","link":"https:\/\/staging.aldeco.pt\/pt-pt\/product\/spin-velvet-2\/","title":{"rendered":"SPIN VELVET"},"content":{"rendered":"<p>Um vers\u00e1til veludo estampado com um discreto motivo chevron muito elegante. SPIN VELVET \u00e9 um veludo de algod\u00e3o muito resistente para os seus projectos de estofo.<\/p>\n","protected":false},"excerpt":{"rendered":"<p>Um vers\u00e1til veludo estampado com um discreto motivo chevron muito elegante. SPIN VELVET \u00e9 um veludo de algod\u00e3o muito resistente para os seus projectos de estofo.<\/p>\n<h2>Spin Velvet um vers\u00e1til veludo estampado com um discreto motivo chevron muito elegante. SPIN VELVET \u00e9 um veludo de algod\u00e3o muito resistente para os seus projectos de estofo.<\/h2>\n<p><img fetchpriority=\"high\" decoding=\"async\" class=\"alignnone wp-image-189019 size-full\" src=\"https:\/\/aldeco.pt\/staging\/wp-content\/uploads\/2024\/03\/T018360001.jpg\" alt=\"Spin Velvet - Aldeco\" width=\"300\" height=\"300\"><\/p>\n<p><a href=\"https:\/\/www.instagram.com\/aldeco_interiorfabrics\/\">https:\/\/www.instagram.com\/aldeco_interiorfabrics\/<\/a><\/p>\n<p><a href=\"https:\/\/aldeco.pt\/staging\/product\/spin-velvet\/?attribute_pa_aldeco-color=1-hummus\">https:\/\/aldeco.pt\/staging\/product\/spin-velvet\/?attribute_pa_aldeco-color=1-hummus<\/a><\/p>\n","protected":false},"featured_media":137652,"template":"","meta":[],"product_brand":[],"product_cat":[6145],"product_tag":[],"class_list":{"0":"post-180278","1":"product","2":"type-product","3":"status-publish","4":"has-post-thumbnail","6":"product_cat-aldeco-2-pt-pt-2","7":"pa_cleanability-8282","8":"pa_composition-ext-91-co-9-pl-pelo-100-co","9":"pa_interior-fabrics-1-pt-pt","10":"pa_line-tecidos","11":"pa_lithfastness-4-5-pt-pt","12":"pa_outdoor-0-pt-pt","13":"pa_range-veludo","14":"pa_rapport-horizontal-3-pt-pt","15":"pa_rapport-vertical-11009","18":"first","19":"instock","20":"purchasable","21":"product-type-variable"},"acf":[],"_links":{"self":[{"href":"https:\/\/staging.aldeco.pt\/pt-pt\/wp-json\/wp\/v2\/product\/180278","targetHints":{"allow":["GET"]}}],"collection":[{"href":"https:\/\/staging.aldeco.pt\/pt-pt\/wp-json\/wp\/v2\/product"}],"about":[{"href":"https:\/\/staging.aldeco.pt\/pt-pt\/wp-json\/wp\/v2\/types\/product"}],"version-history":[{"count":3,"href":"https:\/\/staging.aldeco.pt\/pt-pt\/wp-json\/wp\/v2\/product\/180278\/revisions"}],"predecessor-version":[{"id":212653,"href":"https:\/\/staging.aldeco.pt\/pt-pt\/wp-json\/wp\/v2\/product\/180278\/revisions\/212653"}],"wp:featuredmedia":[{"embeddable":true,"href":"https:\/\/staging.aldeco.pt\/pt-pt\/wp-json\/wp\/v2\/media\/137652"}],"wp:attachment":[{"href":"https:\/\/staging.aldeco.pt\/pt-pt\/wp-json\/wp\/v2\/media?parent=180278"}],"wp:term":[{"taxonomy":"product_brand","embeddable":true,"href":"https:\/\/staging.aldeco.pt\/pt-pt\/wp-json\/wp\/v2\/product_brand?post=180278"},{"taxonomy":"product_cat","embeddable":true,"href":"https:\/\/staging.aldeco.pt\/pt-pt\/wp-json\/wp\/v2\/product_cat?post=180278"},{"taxonomy":"product_tag","embeddable":true,"href":"https:\/\/staging.aldeco.pt\/pt-pt\/wp-json\/wp\/v2\/product_tag?post=180278"}],"curies":[{"name":"wp","href":"https:\/\/api.w.org\/{rel}","templated":true}]}}