{"id":180274,"date":"2024-05-09T22:17:14","date_gmt":"2024-05-09T22:17:14","guid":{"rendered":"https:\/\/aldeco.pt\/staging\/product\/starlight-2\/"},"modified":"2024-10-07T09:44:27","modified_gmt":"2024-10-07T09:44:27","slug":"starlight-2","status":"publish","type":"product","link":"https:\/\/staging.aldeco.pt\/pt-pt\/product\/starlight-2\/","title":{"rendered":"STARLIGHT"},"content":{"rendered":"<p>STARLIGHT \u00e9 um maravilhoso tecido dobby, caracterizado por um padr\u00e3o com estrelas e textura extra. O seu design multi-tom e o padr\u00e3o acentuam a textura num tecido equilibrado.<\/p>\n","protected":false},"excerpt":{"rendered":"<p>STARLIGHT \u00e9 um maravilhoso tecido dobby, caracterizado por um padr\u00e3o com estrelas e textura extra. O seu design multi-tom e o padr\u00e3o acentuam a textura num tecido equilibrado.<\/p>\n<h2>STARLIGHT \u00e9 um maravilhoso tecido dobby, caracterizado por um padr\u00e3o com estrelas e textura extra. O seu design multi-tom e o padr\u00e3o acentuam a textura num tecido equilibrado.<\/h2>\n<p><img fetchpriority=\"high\" decoding=\"async\" class=\"alignnone wp-image-189051 size-medium\" src=\"https:\/\/aldeco.pt\/staging\/wp-content\/uploads\/2024\/01\/T190720001-3-300x200.jpg\" alt=\"Starlight - Aldeco\" width=\"300\" height=\"200\" \/><\/p>\n<p><a href=\"https:\/\/www.instagram.com\/aldeco_interiorfabrics\/\">https:\/\/www.instagram.com\/aldeco_interiorfabrics\/<\/a><\/p>\n<p><a href=\"https:\/\/aldeco.pt\/staging\/product\/starlight\/?attribute_pa_aldeco-color=01-natural-shades-stone\">https:\/\/aldeco.pt\/staging\/product\/starlight\/?attribute_pa_aldeco-color=01-natural-shades-stone<\/a><\/p>\n","protected":false},"featured_media":157193,"template":"","meta":[],"product_brand":[],"product_cat":[6145],"product_tag":[],"class_list":{"0":"post-180274","1":"product","2":"type-product","3":"status-publish","4":"has-post-thumbnail","6":"product_cat-aldeco-2-pt-pt-2","7":"pa_cleanability-8282","8":"pa_composition-ext-68-vi-32-li-pt-pt","9":"pa_interior-fabrics-1-pt-pt","10":"pa_line-tecidos","11":"pa_lithfastness-4-pt-pt","12":"pa_outdoor-0-pt-pt","13":"pa_range-jacquard-pt-pt","14":"pa_rapport-horizontal-14-pt-pt","15":"pa_rapport-vertical-14-pt-pt","18":"first","19":"instock","20":"purchasable","21":"product-type-variable"},"acf":[],"_links":{"self":[{"href":"https:\/\/staging.aldeco.pt\/pt-pt\/wp-json\/wp\/v2\/product\/180274","targetHints":{"allow":["GET"]}}],"collection":[{"href":"https:\/\/staging.aldeco.pt\/pt-pt\/wp-json\/wp\/v2\/product"}],"about":[{"href":"https:\/\/staging.aldeco.pt\/pt-pt\/wp-json\/wp\/v2\/types\/product"}],"version-history":[{"count":2,"href":"https:\/\/staging.aldeco.pt\/pt-pt\/wp-json\/wp\/v2\/product\/180274\/revisions"}],"predecessor-version":[{"id":202092,"href":"https:\/\/staging.aldeco.pt\/pt-pt\/wp-json\/wp\/v2\/product\/180274\/revisions\/202092"}],"wp:featuredmedia":[{"embeddable":true,"href":"https:\/\/staging.aldeco.pt\/pt-pt\/wp-json\/wp\/v2\/media\/157193"}],"wp:attachment":[{"href":"https:\/\/staging.aldeco.pt\/pt-pt\/wp-json\/wp\/v2\/media?parent=180274"}],"wp:term":[{"taxonomy":"product_brand","embeddable":true,"href":"https:\/\/staging.aldeco.pt\/pt-pt\/wp-json\/wp\/v2\/product_brand?post=180274"},{"taxonomy":"product_cat","embeddable":true,"href":"https:\/\/staging.aldeco.pt\/pt-pt\/wp-json\/wp\/v2\/product_cat?post=180274"},{"taxonomy":"product_tag","embeddable":true,"href":"https:\/\/staging.aldeco.pt\/pt-pt\/wp-json\/wp\/v2\/product_tag?post=180274"}],"curies":[{"name":"wp","href":"https:\/\/api.w.org\/{rel}","templated":true}]}}