{"id":180265,"date":"2024-05-09T22:17:28","date_gmt":"2024-05-09T22:17:28","guid":{"rendered":"https:\/\/aldeco.pt\/staging\/product\/stay-2\/"},"modified":"2024-10-11T09:33:25","modified_gmt":"2024-10-11T09:33:25","slug":"stay-2","status":"publish","type":"product","link":"https:\/\/staging.aldeco.pt\/pt-pt\/product\/stay-2\/","title":{"rendered":"STAY"},"content":{"rendered":"<p>A vers\u00e3o lisa do tecido hexaddiction, que se conjuga na perfei\u00e7\u00e3o com o resto da cole\u00e7\u00e3o. Feita de linho e viscose e tamb\u00e9m apropriado para estofos.<\/p>\n","protected":false},"excerpt":{"rendered":"<p>STAY, vers\u00e3o lisa do tecido hexaddiction, que se conjuga na perfei\u00e7\u00e3o com o resto da cole\u00e7\u00e3o. Feita de linho e viscose e tamb\u00e9m apropriado para estofos.<\/p>\n<h2>STAY, vers\u00e3o lisa do tecido hexaddiction, que se conjuga na perfei\u00e7\u00e3o com o resto da cole\u00e7\u00e3o. Feita de linho e viscose e tamb\u00e9m apropriado para estofos.<\/h2>\n<p><img fetchpriority=\"high\" decoding=\"async\" class=\"alignnone wp-image-160580 size-medium\" src=\"https:\/\/aldeco.pt\/staging\/wp-content\/uploads\/2024\/05\/T018610006-300x280.jpg\" alt=\"STAY - Aldeco\" width=\"300\" height=\"280\" \/><\/p>\n<p><a href=\"https:\/\/www.instagram.com\/aldeco_interiorfabrics\/\">https:\/\/www.instagram.com\/aldeco_interiorfabrics\/<\/a><\/p>\n<p><a href=\"https:\/\/aldeco.pt\/staging\/product\/stay\/?attribute_pa_aldeco-color=01-natural\">https:\/\/aldeco.pt\/staging\/product\/stay\/?attribute_pa_aldeco-color=01-natural<\/a><\/p>\n","protected":false},"featured_media":177977,"template":"","meta":[],"product_brand":[],"product_cat":[6145],"product_tag":[],"class_list":{"0":"post-180265","1":"product","2":"type-product","3":"status-publish","4":"has-post-thumbnail","6":"product_cat-aldeco-2-pt-pt-2","7":"pa_cleanability-8282","8":"pa_composition-ext-70-vi-30-li-pt-pt","9":"pa_interior-fabrics-1-pt-pt","10":"pa_line-tecidos","11":"pa_lithfastness-9680","12":"pa_outdoor-0-pt-pt","13":"pa_range-liso","14":"pa_rapport-vertical-11009","17":"first","18":"instock","19":"purchasable","20":"product-type-variable"},"acf":[],"_links":{"self":[{"href":"https:\/\/staging.aldeco.pt\/pt-pt\/wp-json\/wp\/v2\/product\/180265","targetHints":{"allow":["GET"]}}],"collection":[{"href":"https:\/\/staging.aldeco.pt\/pt-pt\/wp-json\/wp\/v2\/product"}],"about":[{"href":"https:\/\/staging.aldeco.pt\/pt-pt\/wp-json\/wp\/v2\/types\/product"}],"version-history":[{"count":4,"href":"https:\/\/staging.aldeco.pt\/pt-pt\/wp-json\/wp\/v2\/product\/180265\/revisions"}],"predecessor-version":[{"id":205098,"href":"https:\/\/staging.aldeco.pt\/pt-pt\/wp-json\/wp\/v2\/product\/180265\/revisions\/205098"}],"wp:featuredmedia":[{"embeddable":true,"href":"https:\/\/staging.aldeco.pt\/pt-pt\/wp-json\/wp\/v2\/media\/177977"}],"wp:attachment":[{"href":"https:\/\/staging.aldeco.pt\/pt-pt\/wp-json\/wp\/v2\/media?parent=180265"}],"wp:term":[{"taxonomy":"product_brand","embeddable":true,"href":"https:\/\/staging.aldeco.pt\/pt-pt\/wp-json\/wp\/v2\/product_brand?post=180265"},{"taxonomy":"product_cat","embeddable":true,"href":"https:\/\/staging.aldeco.pt\/pt-pt\/wp-json\/wp\/v2\/product_cat?post=180265"},{"taxonomy":"product_tag","embeddable":true,"href":"https:\/\/staging.aldeco.pt\/pt-pt\/wp-json\/wp\/v2\/product_tag?post=180265"}],"curies":[{"name":"wp","href":"https:\/\/api.w.org\/{rel}","templated":true}]}}