{"id":180260,"date":"2024-05-09T22:18:08","date_gmt":"2024-05-09T22:18:08","guid":{"rendered":"https:\/\/aldeco.pt\/staging\/product\/stick-wlb-2\/"},"modified":"2024-08-06T11:20:44","modified_gmt":"2024-08-06T11:20:44","slug":"stick-wlb-2","status":"publish","type":"product","link":"https:\/\/staging.aldeco.pt\/pt-pt\/product\/stick-wlb-2\/","title":{"rendered":"STICK WLB"},"content":{"rendered":"<p>STICK WLB \u00e9 um tecido com estrutura de rede leve e aberta, dispon\u00edvel em 4 cores naturais. Agora dispon\u00edvel com fio de chumbo ecol\u00f3gico.<\/p>\n","protected":false},"excerpt":{"rendered":"<p>STICK WLB \u00e9 um tecido com estrutura de rede leve e aberta, dispon\u00edvel em 4 cores naturais. Agora dispon\u00edvel com fio de chumbo ecol\u00f3gico.<\/p>\n<h2>STICK WLB \u00e9 um tecido com estrutura de rede leve e aberta, dispon\u00edvel em 4 cores naturais. Agora dispon\u00edvel com fio de chumbo ecol\u00f3gico.<\/h2>\n<p><img fetchpriority=\"high\" decoding=\"async\" class=\"alignnone wp-image-189071 size-medium\" src=\"https:\/\/aldeco.pt\/staging\/wp-content\/uploads\/2024\/01\/T192180001-5-300x200.jpg\" alt=\"Stick Wlb - Aldeco\" width=\"300\" height=\"200\"><\/p>\n<p><a href=\"https:\/\/www.instagram.com\/aldeco_interiorfabrics\/\">https:\/\/www.instagram.com\/aldeco_interiorfabrics\/<\/a><\/p>\n<p><a href=\"https:\/\/aldeco.pt\/staging\/product\/stick-wlb\/?attribute_pa_aldeco-color=01-natural-white\">https:\/\/aldeco.pt\/staging\/product\/stick-wlb\/?attribute_pa_aldeco-color=01-natural-white<\/a><\/p>\n","protected":false},"featured_media":157207,"template":"","meta":[],"product_brand":[],"product_cat":[6145],"product_tag":[],"class_list":{"0":"post-180260","1":"product","2":"type-product","3":"status-publish","4":"has-post-thumbnail","6":"product_cat-aldeco-2-pt-pt-2","7":"pa_cleanability-8282","8":"pa_composition-ext-58-pl-42-pc-pt-pt","9":"pa_interior-fabrics-1-pt-pt","10":"pa_line-tecidos","11":"pa_lithfastness-4-pt-pt","12":"pa_outdoor-0-pt-pt","13":"pa_range-liso","14":"pa_range-transparente","15":"pa_rapport-vertical-11009","18":"first","19":"instock","20":"purchasable","21":"product-type-variable"},"acf":[],"_links":{"self":[{"href":"https:\/\/staging.aldeco.pt\/pt-pt\/wp-json\/wp\/v2\/product\/180260","targetHints":{"allow":["GET"]}}],"collection":[{"href":"https:\/\/staging.aldeco.pt\/pt-pt\/wp-json\/wp\/v2\/product"}],"about":[{"href":"https:\/\/staging.aldeco.pt\/pt-pt\/wp-json\/wp\/v2\/types\/product"}],"version-history":[{"count":1,"href":"https:\/\/staging.aldeco.pt\/pt-pt\/wp-json\/wp\/v2\/product\/180260\/revisions"}],"predecessor-version":[{"id":193312,"href":"https:\/\/staging.aldeco.pt\/pt-pt\/wp-json\/wp\/v2\/product\/180260\/revisions\/193312"}],"wp:featuredmedia":[{"embeddable":true,"href":"https:\/\/staging.aldeco.pt\/pt-pt\/wp-json\/wp\/v2\/media\/157207"}],"wp:attachment":[{"href":"https:\/\/staging.aldeco.pt\/pt-pt\/wp-json\/wp\/v2\/media?parent=180260"}],"wp:term":[{"taxonomy":"product_brand","embeddable":true,"href":"https:\/\/staging.aldeco.pt\/pt-pt\/wp-json\/wp\/v2\/product_brand?post=180260"},{"taxonomy":"product_cat","embeddable":true,"href":"https:\/\/staging.aldeco.pt\/pt-pt\/wp-json\/wp\/v2\/product_cat?post=180260"},{"taxonomy":"product_tag","embeddable":true,"href":"https:\/\/staging.aldeco.pt\/pt-pt\/wp-json\/wp\/v2\/product_tag?post=180260"}],"curies":[{"name":"wp","href":"https:\/\/api.w.org\/{rel}","templated":true}]}}