{"id":180217,"date":"2024-05-09T22:54:40","date_gmt":"2024-05-09T22:54:40","guid":{"rendered":"https:\/\/aldeco.pt\/staging\/product\/velvalpaca-2\/"},"modified":"2024-08-07T13:43:45","modified_gmt":"2024-08-07T13:43:45","slug":"velvalpaca-2","status":"publish","type":"product","link":"https:\/\/staging.aldeco.pt\/pt-pt\/product\/velvalpaca-2\/","title":{"rendered":"VELVALPACA"},"content":{"rendered":"<p>O veludo de malha de dupla largura com look de alpaca, consiste em fios que est\u00e3o dispostos em forma de onda e depois passam um pelo outro. Veludo largo feito a partir de uma sele\u00e7\u00e3o de fios poli\u00e9ster. Possui um aspecto e toque muito suave de l\u00e3 de alpaca.<\/p>\n","protected":false},"excerpt":{"rendered":"<p>O veludo de malha de dupla largura com look de alpaca, consiste em fios que est\u00e3o dispostos em forma de onda e depois passam um pelo outro. Veludo largo feito a partir de uma sele\u00e7\u00e3o de fios poli\u00e9ster. Possui um aspecto e toque muito suave de l\u00e3 de alpaca. <\/p>\n<h2>Velvalpaca, veludo de malha de dupla largura com look de alpaca, consiste em fios que est\u00e3o dispostos em forma de onda e depois passam um pelo outro. Veludo largo feito a partir de uma sele\u00e7\u00e3o de fios poli\u00e9ster. Possui um aspecto e toque muito suave de l\u00e3 de alpaca.<\/h2>\n<p><img fetchpriority=\"high\" decoding=\"async\" class=\"alignnone wp-image-189295 size-medium\" src=\"https:\/\/aldeco.pt\/staging\/wp-content\/uploads\/2024\/01\/T191580001-3-300x225.jpg\" alt=\"Velvalpaca - Aldeco\" width=\"300\" height=\"225\"><\/p>\n<p><a href=\"https:\/\/www.instagram.com\/aldeco_interiorfabrics\/\">https:\/\/www.instagram.com\/aldeco_interiorfabrics\/<\/a><a href=\"https:\/\/aldeco.pt\/staging\/product\/velvalpaca\/?attribute_pa_aldeco-color=01-ecru\">https:\/\/aldeco.pt\/staging\/product\/velvalpaca\/?attribute_pa_aldeco-color=01-ecru<\/a><\/p>\n","protected":false},"featured_media":157639,"template":"","meta":[],"product_brand":[],"product_cat":[6153],"product_tag":[],"class_list":{"0":"post-180217","1":"product","2":"type-product","3":"status-publish","4":"has-post-thumbnail","6":"product_cat-aldeco-smarter-pt-pt","7":"pa_cleanability-8282","8":"pa_composition-ext-100-pl-pt-pt","9":"pa_interior-fabrics-1-pt-pt","10":"pa_line-tecidos","11":"pa_lithfastness-5-pt-pt","12":"pa_outdoor-0-pt-pt","13":"pa_range-liso","14":"pa_range-veludo","15":"pa_rapport-vertical-11009","18":"first","19":"instock","20":"purchasable","21":"product-type-variable"},"acf":[],"_links":{"self":[{"href":"https:\/\/staging.aldeco.pt\/pt-pt\/wp-json\/wp\/v2\/product\/180217","targetHints":{"allow":["GET"]}}],"collection":[{"href":"https:\/\/staging.aldeco.pt\/pt-pt\/wp-json\/wp\/v2\/product"}],"about":[{"href":"https:\/\/staging.aldeco.pt\/pt-pt\/wp-json\/wp\/v2\/types\/product"}],"version-history":[{"count":2,"href":"https:\/\/staging.aldeco.pt\/pt-pt\/wp-json\/wp\/v2\/product\/180217\/revisions"}],"predecessor-version":[{"id":198576,"href":"https:\/\/staging.aldeco.pt\/pt-pt\/wp-json\/wp\/v2\/product\/180217\/revisions\/198576"}],"wp:featuredmedia":[{"embeddable":true,"href":"https:\/\/staging.aldeco.pt\/pt-pt\/wp-json\/wp\/v2\/media\/157639"}],"wp:attachment":[{"href":"https:\/\/staging.aldeco.pt\/pt-pt\/wp-json\/wp\/v2\/media?parent=180217"}],"wp:term":[{"taxonomy":"product_brand","embeddable":true,"href":"https:\/\/staging.aldeco.pt\/pt-pt\/wp-json\/wp\/v2\/product_brand?post=180217"},{"taxonomy":"product_cat","embeddable":true,"href":"https:\/\/staging.aldeco.pt\/pt-pt\/wp-json\/wp\/v2\/product_cat?post=180217"},{"taxonomy":"product_tag","embeddable":true,"href":"https:\/\/staging.aldeco.pt\/pt-pt\/wp-json\/wp\/v2\/product_tag?post=180217"}],"curies":[{"name":"wp","href":"https:\/\/api.w.org\/{rel}","templated":true}]}}