{"id":180210,"date":"2024-05-09T22:57:03","date_gmt":"2024-05-09T22:57:03","guid":{"rendered":"https:\/\/aldeco.pt\/staging\/product\/ville-wlb-2\/"},"modified":"2024-09-19T16:27:11","modified_gmt":"2024-09-19T16:27:11","slug":"ville-wlb-2","status":"publish","type":"product","link":"https:\/\/staging.aldeco.pt\/pt-pt\/product\/ville-wlb-2\/","title":{"rendered":"VILLE WLB"},"content":{"rendered":"<p>Ville tem um cair muito natural e delicado, est\u00e1 inspirado nos designs de Trellis e gradeamentos de ferro fundido das cl\u00e1ssicas \u201cvillas\u201d, est\u00e1 dispon\u00edvel em 6 ador\u00e1veis cores.<\/p>\n","protected":false},"excerpt":{"rendered":"<p>Ville tem um cair muito natural e delicado, est\u00e1 inspirado nos designs de Trellis e gradeamentos de ferro fundido das cl\u00e1ssicas \u201cvillas\u201d, est\u00e1 dispon\u00edvel em 6 ador\u00e1veis cores.<\/p>\n","protected":false},"featured_media":157641,"template":"","meta":[],"product_brand":[],"product_cat":[6145],"product_tag":[],"class_list":{"0":"post-180210","1":"product","2":"type-product","3":"status-publish","4":"has-post-thumbnail","6":"product_cat-aldeco-2-pt-pt-2","7":"pa_cleanability-8282","8":"pa_composition-ext-100-pl-pt-pt","9":"pa_interior-fabrics-1-pt-pt","10":"pa_line-tecidos","11":"pa_lithfastness-4-5-pt-pt","12":"pa_outdoor-0-pt-pt","13":"pa_range-jacquard-pt-pt","14":"pa_range-transparente","15":"pa_rapport-horizontal-39-pt-pt","16":"pa_rapport-vertical-33-5-pt-pt","19":"first","20":"instock","21":"purchasable","22":"product-type-variable"},"acf":[],"_links":{"self":[{"href":"https:\/\/staging.aldeco.pt\/pt-pt\/wp-json\/wp\/v2\/product\/180210","targetHints":{"allow":["GET"]}}],"collection":[{"href":"https:\/\/staging.aldeco.pt\/pt-pt\/wp-json\/wp\/v2\/product"}],"about":[{"href":"https:\/\/staging.aldeco.pt\/pt-pt\/wp-json\/wp\/v2\/types\/product"}],"version-history":[{"count":3,"href":"https:\/\/staging.aldeco.pt\/pt-pt\/wp-json\/wp\/v2\/product\/180210\/revisions"}],"predecessor-version":[{"id":200684,"href":"https:\/\/staging.aldeco.pt\/pt-pt\/wp-json\/wp\/v2\/product\/180210\/revisions\/200684"}],"wp:featuredmedia":[{"embeddable":true,"href":"https:\/\/staging.aldeco.pt\/pt-pt\/wp-json\/wp\/v2\/media\/157641"}],"wp:attachment":[{"href":"https:\/\/staging.aldeco.pt\/pt-pt\/wp-json\/wp\/v2\/media?parent=180210"}],"wp:term":[{"taxonomy":"product_brand","embeddable":true,"href":"https:\/\/staging.aldeco.pt\/pt-pt\/wp-json\/wp\/v2\/product_brand?post=180210"},{"taxonomy":"product_cat","embeddable":true,"href":"https:\/\/staging.aldeco.pt\/pt-pt\/wp-json\/wp\/v2\/product_cat?post=180210"},{"taxonomy":"product_tag","embeddable":true,"href":"https:\/\/staging.aldeco.pt\/pt-pt\/wp-json\/wp\/v2\/product_tag?post=180210"}],"curies":[{"name":"wp","href":"https:\/\/api.w.org\/{rel}","templated":true}]}}