{"id":180205,"date":"2024-05-09T22:57:27","date_gmt":"2024-05-09T22:57:27","guid":{"rendered":"https:\/\/aldeco.pt\/staging\/product\/vista-fr-2\/"},"modified":"2024-10-04T11:49:49","modified_gmt":"2024-10-04T11:49:49","slug":"vista-fr-2","status":"publish","type":"product","link":"https:\/\/staging.aldeco.pt\/pt-pt\/product\/vista-fr-2\/","title":{"rendered":"VISTA FR"},"content":{"rendered":"<p>\u00c9 um tecido com estrutura de rede e um fio met\u00e1lico que lhe confere uma enorme eleg\u00e2ncia. Este tecido n\u00e3o cont\u00e9m subst\u00e2ncias nocivas para o ambiente, cumpre a norma OEKO-TEX Standard 100. Tamb\u00e9m \u00e9 um tecido ign\u00edfugo, cumpre com v\u00e1rias normas retardantes de chama. Encontra-se dispon\u00edvel em 4 cores neutras.<\/p>\n","protected":false},"excerpt":{"rendered":"<p>\u00c9 um tecido com estrutura de rede e um fio met\u00e1lico que lhe confere uma enorme eleg\u00e2ncia. Este tecido n\u00e3o cont\u00e9m subst\u00e2ncias nocivas para o ambiente, cumpre a norma OEKO-TEX Standard 100. Tamb\u00e9m \u00e9 um tecido ign\u00edfugo, cumpre com v\u00e1rias normas retardantes de chama. Encontra-se dispon\u00edvel em 4 cores neutras.<\/p>\n<h2>Vista FR \u00e9 um tecido com estrutura de rede e um fio met\u00e1lico que lhe confere uma enorme eleg\u00e2ncia. Este tecido n\u00e3o cont\u00e9m subst\u00e2ncias nocivas para o ambiente, cumpre a norma OEKO-TEX Standard 100. Tamb\u00e9m \u00e9 um tecido ign\u00edfugo, cumpre com v\u00e1rias normas retardantes de chama. Encontra-se dispon\u00edvel em 4 cores neutras.<\/h2>\n<p>&nbsp;<\/p>\n<p><a href=\"https:\/\/www.instagram.com\/aldeco_interiorfabrics\/\">https:\/\/www.instagram.com\/aldeco_interiorfabrics\/<\/a><a href=\"https:\/\/aldeco.pt\/staging\/product\/vista-fr\/?attribute_pa_aldeco-color=01-champagne\">https:\/\/aldeco.pt\/staging\/product\/vista-fr\/?attribute_pa_aldeco-color=01-champagne<\/a><\/p>\n[caption id=\"attachment_189305\" align=\"alignnone\" width=\"300\"]<img fetchpriority=\"high\" decoding=\"async\" class=\"wp-image-189305 size-medium\" src=\"https:\/\/aldeco.pt\/staging\/wp-content\/uploads\/2024\/01\/T190880001-3-300x225.jpg\" alt=\"Vista FR - Aldeco\" width=\"300\" height=\"225\" \/> Hisilicon Balong[\/caption]\n","protected":false},"featured_media":157643,"template":"","meta":[],"product_brand":[],"product_cat":[6145],"product_tag":[],"class_list":{"0":"post-180205","1":"product","2":"type-product","3":"status-publish","4":"has-post-thumbnail","6":"product_cat-aldeco-2-pt-pt-2","7":"pa_cleanability-8282","8":"pa_composition-ext-100-pl-pt-pt","9":"pa_contract-fabrics-1-pt-pt","10":"pa_interior-fabrics-1-pt-pt","11":"pa_line-tecidos","12":"pa_lithfastness-6-pt-pt","13":"pa_outdoor-0-pt-pt","14":"pa_range-rede","15":"pa_range-transparente","16":"pa_rapport-vertical-11009","17":"pa_special-treatments-fabrics-1-pt-pt","20":"first","21":"instock","22":"purchasable","23":"product-type-variable"},"acf":[],"_links":{"self":[{"href":"https:\/\/staging.aldeco.pt\/pt-pt\/wp-json\/wp\/v2\/product\/180205","targetHints":{"allow":["GET"]}}],"collection":[{"href":"https:\/\/staging.aldeco.pt\/pt-pt\/wp-json\/wp\/v2\/product"}],"about":[{"href":"https:\/\/staging.aldeco.pt\/pt-pt\/wp-json\/wp\/v2\/types\/product"}],"version-history":[{"count":3,"href":"https:\/\/staging.aldeco.pt\/pt-pt\/wp-json\/wp\/v2\/product\/180205\/revisions"}],"predecessor-version":[{"id":202051,"href":"https:\/\/staging.aldeco.pt\/pt-pt\/wp-json\/wp\/v2\/product\/180205\/revisions\/202051"}],"wp:featuredmedia":[{"embeddable":true,"href":"https:\/\/staging.aldeco.pt\/pt-pt\/wp-json\/wp\/v2\/media\/157643"}],"wp:attachment":[{"href":"https:\/\/staging.aldeco.pt\/pt-pt\/wp-json\/wp\/v2\/media?parent=180205"}],"wp:term":[{"taxonomy":"product_brand","embeddable":true,"href":"https:\/\/staging.aldeco.pt\/pt-pt\/wp-json\/wp\/v2\/product_brand?post=180205"},{"taxonomy":"product_cat","embeddable":true,"href":"https:\/\/staging.aldeco.pt\/pt-pt\/wp-json\/wp\/v2\/product_cat?post=180205"},{"taxonomy":"product_tag","embeddable":true,"href":"https:\/\/staging.aldeco.pt\/pt-pt\/wp-json\/wp\/v2\/product_tag?post=180205"}],"curies":[{"name":"wp","href":"https:\/\/api.w.org\/{rel}","templated":true}]}}