{"id":180201,"date":"2024-05-09T22:57:48","date_gmt":"2024-05-09T22:57:48","guid":{"rendered":"https:\/\/aldeco.pt\/staging\/product\/vivo-2\/"},"modified":"2024-08-06T11:15:41","modified_gmt":"2024-08-06T11:15:41","slug":"vivo-2","status":"publish","type":"product","link":"https:\/\/staging.aldeco.pt\/pt-pt\/product\/vivo-2\/","title":{"rendered":"VIVO"},"content":{"rendered":"<p>Como um matelass\u00e9, este tecido de cortina possui riscas de espessuras vari\u00e1veis. Este tecido de aspeto alinhado muito natural est\u00e1 dispon\u00edvel em 3 cores.<\/p>\n","protected":false},"excerpt":{"rendered":"<p>Como um matelass\u00e9, este tecido de cortina possui riscas de espessuras vari\u00e1veis. Este tecido de aspeto alinhado muito natural est\u00e1 dispon\u00edvel em 3 cores.<\/p>\n","protected":false},"featured_media":157651,"template":"","meta":[],"product_brand":[],"product_cat":[6145],"product_tag":[],"class_list":{"0":"post-180201","1":"product","2":"type-product","3":"status-publish","4":"has-post-thumbnail","6":"product_cat-aldeco-2-pt-pt-2","7":"pa_cleanability-8282","8":"pa_composition-ext-94-pl-6-li-pt-pt","9":"pa_interior-fabrics-1-pt-pt","10":"pa_line-tecidos","11":"pa_lithfastness-5-pt-pt","12":"pa_outdoor-0-pt-pt","13":"pa_range-embossed-pt-pt","14":"pa_rapport-horizontal-0-pt-pt","17":"first","18":"instock","19":"purchasable","20":"product-type-variable"},"acf":[],"_links":{"self":[{"href":"https:\/\/staging.aldeco.pt\/pt-pt\/wp-json\/wp\/v2\/product\/180201","targetHints":{"allow":["GET"]}}],"collection":[{"href":"https:\/\/staging.aldeco.pt\/pt-pt\/wp-json\/wp\/v2\/product"}],"about":[{"href":"https:\/\/staging.aldeco.pt\/pt-pt\/wp-json\/wp\/v2\/types\/product"}],"version-history":[{"count":1,"href":"https:\/\/staging.aldeco.pt\/pt-pt\/wp-json\/wp\/v2\/product\/180201\/revisions"}],"predecessor-version":[{"id":193707,"href":"https:\/\/staging.aldeco.pt\/pt-pt\/wp-json\/wp\/v2\/product\/180201\/revisions\/193707"}],"wp:featuredmedia":[{"embeddable":true,"href":"https:\/\/staging.aldeco.pt\/pt-pt\/wp-json\/wp\/v2\/media\/157651"}],"wp:attachment":[{"href":"https:\/\/staging.aldeco.pt\/pt-pt\/wp-json\/wp\/v2\/media?parent=180201"}],"wp:term":[{"taxonomy":"product_brand","embeddable":true,"href":"https:\/\/staging.aldeco.pt\/pt-pt\/wp-json\/wp\/v2\/product_brand?post=180201"},{"taxonomy":"product_cat","embeddable":true,"href":"https:\/\/staging.aldeco.pt\/pt-pt\/wp-json\/wp\/v2\/product_cat?post=180201"},{"taxonomy":"product_tag","embeddable":true,"href":"https:\/\/staging.aldeco.pt\/pt-pt\/wp-json\/wp\/v2\/product_tag?post=180201"}],"curies":[{"name":"wp","href":"https:\/\/api.w.org\/{rel}","templated":true}]}}