{"id":180197,"date":"2024-05-09T22:58:04","date_gmt":"2024-05-09T22:58:04","guid":{"rendered":"https:\/\/aldeco.pt\/staging\/product\/voice-wlb-2\/"},"modified":"2024-08-06T11:15:40","modified_gmt":"2024-08-06T11:15:40","slug":"voice-wlb-2","status":"publish","type":"product","link":"https:\/\/staging.aldeco.pt\/pt-pt\/product\/voice-wlb-2\/","title":{"rendered":"VOICE WLB"},"content":{"rendered":"<p>O equil\u00edbrio de um tecido efeito dobby onde o movimento apresentado se revela atrav\u00e9s da combina\u00e7\u00e3o dos fios boucl\u00e9.<br \/>\nEncontra-se dispon\u00edvel em 3 cores.<\/p>\n","protected":false},"excerpt":{"rendered":"<p>O equil\u00edbrio de um tecido efeito dobby onde o movimento apresentado se revela atrav\u00e9s da combina\u00e7\u00e3o dos fios boucl\u00e9.<br \/>\nEncontra-se dispon\u00edvel em 3 cores.<\/p>\n<h2>Voice Wlb, o equil\u00edbrio de um tecido efeito dobby onde o movimento apresentado se revela atrav\u00e9s da combina\u00e7\u00e3o dos fios boucl\u00e9.<br \/>\nEncontra-se dispon\u00edvel em 3 cores.<\/h2>\n<p><img fetchpriority=\"high\" decoding=\"async\" class=\"alignnone wp-image-189316 size-medium\" src=\"https:\/\/aldeco.pt\/staging\/wp-content\/uploads\/2024\/01\/T191410001-4-300x212.jpg\" alt=\"Voice Wlb - Aldeco\" width=\"300\" height=\"212\"><\/p>\n<p><a href=\"https:\/\/www.instagram.com\/aldeco_interiorfabrics\/\">https:\/\/www.instagram.com\/aldeco_interiorfabrics\/<\/a><\/p>\n<p><a href=\"https:\/\/aldeco.pt\/staging\/product\/voice-wlb\/?attribute_pa_aldeco-color=01-bright-white\">https:\/\/aldeco.pt\/staging\/product\/voice-wlb\/?attribute_pa_aldeco-color=01-bright-white<\/a><\/p>\n","protected":false},"featured_media":157657,"template":"","meta":[],"product_brand":[],"product_cat":[6145],"product_tag":[],"class_list":{"0":"post-180197","1":"product","2":"type-product","3":"status-publish","4":"has-post-thumbnail","6":"product_cat-aldeco-2-pt-pt-2","7":"pa_cleanability-8282","8":"pa_composition-ext-100-pl-pt-pt","9":"pa_interior-fabrics-1-pt-pt","10":"pa_line-tecidos","11":"pa_lithfastness-4-5-pt-pt","12":"pa_outdoor-0-pt-pt","13":"pa_range-transparente","14":"pa_rapport-vertical-11009","17":"first","18":"instock","19":"purchasable","20":"product-type-variable"},"acf":[],"_links":{"self":[{"href":"https:\/\/staging.aldeco.pt\/pt-pt\/wp-json\/wp\/v2\/product\/180197","targetHints":{"allow":["GET"]}}],"collection":[{"href":"https:\/\/staging.aldeco.pt\/pt-pt\/wp-json\/wp\/v2\/product"}],"about":[{"href":"https:\/\/staging.aldeco.pt\/pt-pt\/wp-json\/wp\/v2\/types\/product"}],"version-history":[{"count":1,"href":"https:\/\/staging.aldeco.pt\/pt-pt\/wp-json\/wp\/v2\/product\/180197\/revisions"}],"predecessor-version":[{"id":193246,"href":"https:\/\/staging.aldeco.pt\/pt-pt\/wp-json\/wp\/v2\/product\/180197\/revisions\/193246"}],"wp:featuredmedia":[{"embeddable":true,"href":"https:\/\/staging.aldeco.pt\/pt-pt\/wp-json\/wp\/v2\/media\/157657"}],"wp:attachment":[{"href":"https:\/\/staging.aldeco.pt\/pt-pt\/wp-json\/wp\/v2\/media?parent=180197"}],"wp:term":[{"taxonomy":"product_brand","embeddable":true,"href":"https:\/\/staging.aldeco.pt\/pt-pt\/wp-json\/wp\/v2\/product_brand?post=180197"},{"taxonomy":"product_cat","embeddable":true,"href":"https:\/\/staging.aldeco.pt\/pt-pt\/wp-json\/wp\/v2\/product_cat?post=180197"},{"taxonomy":"product_tag","embeddable":true,"href":"https:\/\/staging.aldeco.pt\/pt-pt\/wp-json\/wp\/v2\/product_tag?post=180197"}],"curies":[{"name":"wp","href":"https:\/\/api.w.org\/{rel}","templated":true}]}}