{"id":180190,"date":"2024-05-09T22:58:58","date_gmt":"2024-05-09T22:58:58","guid":{"rendered":"https:\/\/aldeco.pt\/staging\/product\/waves-fr-2\/"},"modified":"2024-09-19T16:40:29","modified_gmt":"2024-09-19T16:40:29","slug":"waves-fr-2","status":"publish","type":"product","link":"https:\/\/staging.aldeco.pt\/pt-pt\/product\/waves-fr-2\/","title":{"rendered":"WAVES FR"},"content":{"rendered":"<p>Waves FR \u00e9 um tecido com um padr\u00e3o din\u00e2mico tipo zig zag. Este tecido \u00e9 ign\u00edfugo e indicado para estofo. Est\u00e1 dispon\u00edvel em 6 cores.<\/p>\n","protected":false},"excerpt":{"rendered":"<p>Waves FR \u00e9 um tecido com um padr\u00e3o din\u00e2mico tipo zig zag. Este tecido \u00e9 ign\u00edfugo e indicado para estofo. Est\u00e1 dispon\u00edvel em 6 cores.<\/p>\n<h2>Waves FR \u00e9 um tecido com um padr\u00e3o din\u00e2mico tipo zig zag. Este tecido \u00e9 ign\u00edfugo e indicado para estofo. Est\u00e1 dispon\u00edvel em 6 cores.<\/h2>\n<p><img fetchpriority=\"high\" decoding=\"async\" class=\"alignnone wp-image-189321 size-medium\" src=\"https:\/\/aldeco.pt\/staging\/wp-content\/uploads\/2024\/03\/T190060001-300x240.jpg\" alt=\"Waves FR - Aldeco\" width=\"300\" height=\"240\" \/><\/p>\n<p><a href=\"https:\/\/www.instagram.com\/aldeco_interiorfabrics\/\">https:\/\/www.instagram.com\/aldeco_interiorfabrics\/<\/a><\/p>\n<p><a href=\"https:\/\/aldeco.pt\/staging\/product\/waves-fr\/?attribute_pa_aldeco-color=01-naturals\">https:\/\/aldeco.pt\/staging\/product\/waves-fr\/?attribute_pa_aldeco-color=01-naturals<\/a><\/p>\n","protected":false},"featured_media":161030,"template":"","meta":[],"product_brand":[],"product_cat":[6153],"product_tag":[],"class_list":{"0":"post-180190","1":"product","2":"type-product","3":"status-publish","4":"has-post-thumbnail","6":"product_cat-aldeco-smarter-pt-pt","7":"pa_cleanability-8282","8":"pa_composition-ext-49-co-25-pl-18-vi-9-li-pt-pt","9":"pa_contract-fabrics-1-pt-pt","10":"pa_interior-fabrics-1-pt-pt","11":"pa_line-tecidos","12":"pa_lithfastness-4-pt-pt","13":"pa_outdoor-0-pt-pt","14":"pa_range-coated-pt-pt","15":"pa_range-jacquard-pt-pt","16":"pa_rapport-horizontal-2-pt-pt","17":"pa_rapport-vertical-1-pt-pt","18":"pa_special-treatments-fabrics-1-pt-pt","21":"first","22":"instock","23":"purchasable","24":"product-type-variable"},"acf":[],"_links":{"self":[{"href":"https:\/\/staging.aldeco.pt\/pt-pt\/wp-json\/wp\/v2\/product\/180190","targetHints":{"allow":["GET"]}}],"collection":[{"href":"https:\/\/staging.aldeco.pt\/pt-pt\/wp-json\/wp\/v2\/product"}],"about":[{"href":"https:\/\/staging.aldeco.pt\/pt-pt\/wp-json\/wp\/v2\/types\/product"}],"version-history":[{"count":2,"href":"https:\/\/staging.aldeco.pt\/pt-pt\/wp-json\/wp\/v2\/product\/180190\/revisions"}],"predecessor-version":[{"id":200695,"href":"https:\/\/staging.aldeco.pt\/pt-pt\/wp-json\/wp\/v2\/product\/180190\/revisions\/200695"}],"wp:featuredmedia":[{"embeddable":true,"href":"https:\/\/staging.aldeco.pt\/pt-pt\/wp-json\/wp\/v2\/media\/161030"}],"wp:attachment":[{"href":"https:\/\/staging.aldeco.pt\/pt-pt\/wp-json\/wp\/v2\/media?parent=180190"}],"wp:term":[{"taxonomy":"product_brand","embeddable":true,"href":"https:\/\/staging.aldeco.pt\/pt-pt\/wp-json\/wp\/v2\/product_brand?post=180190"},{"taxonomy":"product_cat","embeddable":true,"href":"https:\/\/staging.aldeco.pt\/pt-pt\/wp-json\/wp\/v2\/product_cat?post=180190"},{"taxonomy":"product_tag","embeddable":true,"href":"https:\/\/staging.aldeco.pt\/pt-pt\/wp-json\/wp\/v2\/product_tag?post=180190"}],"curies":[{"name":"wp","href":"https:\/\/api.w.org\/{rel}","templated":true}]}}