{"id":180174,"date":"2024-05-27T16:13:28","date_gmt":"2024-05-27T16:13:28","guid":{"rendered":"https:\/\/aldeco.pt\/staging\/product\/wise-fr-crib-5-2\/"},"modified":"2024-09-30T10:43:16","modified_gmt":"2024-09-30T10:43:16","slug":"wise-fr-crib-5-2","status":"publish","type":"product","link":"https:\/\/staging.aldeco.pt\/pt-pt\/product\/wise-fr-crib-5-2\/","title":{"rendered":"WISE FR CRIB 5"},"content":{"rendered":"<p>\u00c9 um tecido de estofo desenvolvido especialmente para contract, com elevada resist\u00eancia \u00e0 abras\u00e3o e que cumpre v\u00e1rias normas de retardante de chama, inclu\u00eddo a exigente norma inglesa CRIB 5. Possui um aspeto suave muito natural imprescind\u00edvel para os seus projetos. Est\u00e1 dispon\u00edvel em 20 cores irresist\u00edveis.<\/p>\n","protected":false},"excerpt":{"rendered":"<p>\u00c9 um tecido de estofo desenvolvido especialmente para contract, com elevada resist\u00eancia \u00e0 abras\u00e3o e que cumpre v\u00e1rias normas de retardante de chama, inclu\u00eddo a exigente norma inglesa CRIB 5. Possui um aspeto suave muito natural imprescind\u00edvel para os seus projetos. Est\u00e1 dispon\u00edvel em 20 cores irresist\u00edveis.<\/p>\n<h2>Wise Fr Crib 5 \u00e9 um tecido de estofo desenvolvido especialmente para contract, com elevada resist\u00eancia \u00e0 abras\u00e3o e que cumpre v\u00e1rias normas de retardante de chama, inclu\u00eddo a exigente norma inglesa CRIB 5. Possui um aspeto suave muito natural imprescind\u00edvel para os seus projetos. Est\u00e1 dispon\u00edvel em 20 cores irresist\u00edveis.<\/h2>\n<p><img fetchpriority=\"high\" decoding=\"async\" class=\"alignnone wp-image-162173 size-medium\" src=\"https:\/\/aldeco.pt\/staging\/wp-content\/uploads\/2024\/05\/T191551002-300x225.jpg\" alt=\"Wise Fr Crib 5 - Aldeco\" width=\"300\" height=\"225\" \/><\/p>\n<p><a href=\"https:\/\/www.instagram.com\/aldeco_interiorfabrics\/\">https:\/\/www.instagram.com\/aldeco_interiorfabrics\/<\/a><\/p>\n<p><a href=\"https:\/\/aldeco.pt\/staging\/product\/wise-fr-crib-5\/?attribute_pa_aldeco-color=23-lime-green\">https:\/\/aldeco.pt\/staging\/product\/wise-fr-crib-5\/?attribute_pa_aldeco-color=23-lime-green<\/a><\/p>\n","protected":false},"featured_media":162142,"template":"","meta":[],"product_brand":[],"product_cat":[6145,6153,6151],"product_tag":[],"class_list":{"0":"post-180174","1":"product","2":"type-product","3":"status-publish","4":"has-post-thumbnail","6":"product_cat-aldeco-2-pt-pt-2","7":"product_cat-aldeco-smarter-pt-pt","8":"product_cat-contract-pt-pt","9":"pa_cleanability-8282","10":"pa_composition-ext-100-pl-fr-pt-pt","11":"pa_contract-fabrics-1-pt-pt","12":"pa_interior-fabrics-1-pt-pt","13":"pa_line-tecidos","14":"pa_lithfastness-4-5-pt-pt-2","15":"pa_range-liso","16":"pa_special-treatments-fabrics-1-pt-pt","19":"first","20":"instock","21":"shipping-taxable","22":"purchasable","23":"product-type-variable"},"acf":[],"_links":{"self":[{"href":"https:\/\/staging.aldeco.pt\/pt-pt\/wp-json\/wp\/v2\/product\/180174","targetHints":{"allow":["GET"]}}],"collection":[{"href":"https:\/\/staging.aldeco.pt\/pt-pt\/wp-json\/wp\/v2\/product"}],"about":[{"href":"https:\/\/staging.aldeco.pt\/pt-pt\/wp-json\/wp\/v2\/types\/product"}],"version-history":[{"count":2,"href":"https:\/\/staging.aldeco.pt\/pt-pt\/wp-json\/wp\/v2\/product\/180174\/revisions"}],"predecessor-version":[{"id":200949,"href":"https:\/\/staging.aldeco.pt\/pt-pt\/wp-json\/wp\/v2\/product\/180174\/revisions\/200949"}],"wp:featuredmedia":[{"embeddable":true,"href":"https:\/\/staging.aldeco.pt\/pt-pt\/wp-json\/wp\/v2\/media\/162142"}],"wp:attachment":[{"href":"https:\/\/staging.aldeco.pt\/pt-pt\/wp-json\/wp\/v2\/media?parent=180174"}],"wp:term":[{"taxonomy":"product_brand","embeddable":true,"href":"https:\/\/staging.aldeco.pt\/pt-pt\/wp-json\/wp\/v2\/product_brand?post=180174"},{"taxonomy":"product_cat","embeddable":true,"href":"https:\/\/staging.aldeco.pt\/pt-pt\/wp-json\/wp\/v2\/product_cat?post=180174"},{"taxonomy":"product_tag","embeddable":true,"href":"https:\/\/staging.aldeco.pt\/pt-pt\/wp-json\/wp\/v2\/product_tag?post=180174"}],"curies":[{"name":"wp","href":"https:\/\/api.w.org\/{rel}","templated":true}]}}