{"id":180167,"date":"2024-05-09T23:02:04","date_gmt":"2024-05-09T23:02:04","guid":{"rendered":"https:\/\/aldeco.pt\/staging\/product\/woolblock-blackout-fr-2\/"},"modified":"2024-09-25T08:39:04","modified_gmt":"2024-09-25T08:39:04","slug":"woolblock-blackout-fr-2","status":"publish","type":"product","link":"https:\/\/staging.aldeco.pt\/pt-pt\/product\/woolblock-blackout-fr-2\/","title":{"rendered":"WOOLBLOCK BLACKOUT FR"},"content":{"rendered":"<p>Este blackout retardadante de fogo com apar\u00eancia de algod\u00e3o escovado cria uma sensa\u00e7\u00e3o rica e confort\u00e1vel com a vantagem de deixar seu ambiente completamente escuro gra\u00e7as ao revestimento traseiro de silicone de 4 passagens. Esta qualidade combina muito bem com estofos com aspecto de l\u00e3 para um visual aconchegante de casa de campo. O facto deste tecido ter 300 cm de largura ajuda a torn\u00e1-lo compat\u00edvel com quase todas as divis\u00f5es. A paleta de cores foi criada com cores suaves e naturais.<\/p>\n","protected":false},"excerpt":{"rendered":"<p>Este blackout retardadante de fogo com apar\u00eancia de algod\u00e3o escovado cria uma sensa\u00e7\u00e3o rica e confort\u00e1vel com a vantagem de deixar seu ambiente completamente escuro gra\u00e7as ao revestimento traseiro de silicone de 4 passagens. Esta qualidade combina muito bem com estofos com aspecto de l\u00e3 para um visual aconchegante de casa de campo. O facto deste tecido ter 300 cm de largura ajuda a torn\u00e1-lo compat\u00edvel com quase todas as divis\u00f5es. A paleta de cores foi criada com cores suaves e naturais.<\/p>\n","protected":false},"featured_media":157693,"template":"","meta":[],"product_brand":[],"product_cat":[6153],"product_tag":[],"class_list":{"0":"post-180167","1":"product","2":"type-product","3":"status-publish","4":"has-post-thumbnail","6":"product_cat-aldeco-smarter-pt-pt","7":"pa_cleanability-8282","8":"pa_composition-ext-100-pl-pt-pt","9":"pa_contract-fabrics-1-pt-pt","10":"pa_interior-fabrics-1-pt-pt","11":"pa_line-tecidos","12":"pa_lithfastness-5-pt-pt","13":"pa_outdoor-0-pt-pt","14":"pa_range-blackout-pt-pt","15":"pa_rapport-vertical-11009","16":"pa_special-treatments-fabrics-1-pt-pt","19":"first","20":"instock","21":"purchasable","22":"product-type-variable"},"acf":[],"_links":{"self":[{"href":"https:\/\/staging.aldeco.pt\/pt-pt\/wp-json\/wp\/v2\/product\/180167","targetHints":{"allow":["GET"]}}],"collection":[{"href":"https:\/\/staging.aldeco.pt\/pt-pt\/wp-json\/wp\/v2\/product"}],"about":[{"href":"https:\/\/staging.aldeco.pt\/pt-pt\/wp-json\/wp\/v2\/types\/product"}],"version-history":[{"count":1,"href":"https:\/\/staging.aldeco.pt\/pt-pt\/wp-json\/wp\/v2\/product\/180167\/revisions"}],"predecessor-version":[{"id":193703,"href":"https:\/\/staging.aldeco.pt\/pt-pt\/wp-json\/wp\/v2\/product\/180167\/revisions\/193703"}],"wp:featuredmedia":[{"embeddable":true,"href":"https:\/\/staging.aldeco.pt\/pt-pt\/wp-json\/wp\/v2\/media\/157693"}],"wp:attachment":[{"href":"https:\/\/staging.aldeco.pt\/pt-pt\/wp-json\/wp\/v2\/media?parent=180167"}],"wp:term":[{"taxonomy":"product_brand","embeddable":true,"href":"https:\/\/staging.aldeco.pt\/pt-pt\/wp-json\/wp\/v2\/product_brand?post=180167"},{"taxonomy":"product_cat","embeddable":true,"href":"https:\/\/staging.aldeco.pt\/pt-pt\/wp-json\/wp\/v2\/product_cat?post=180167"},{"taxonomy":"product_tag","embeddable":true,"href":"https:\/\/staging.aldeco.pt\/pt-pt\/wp-json\/wp\/v2\/product_tag?post=180167"}],"curies":[{"name":"wp","href":"https:\/\/api.w.org\/{rel}","templated":true}]}}