{"id":180155,"date":"2024-05-09T23:02:15","date_gmt":"2024-05-09T23:02:15","guid":{"rendered":"https:\/\/aldeco.pt\/staging\/product\/woolure-easy-clean-fr-2\/"},"modified":"2024-08-06T11:15:37","modified_gmt":"2024-08-06T11:15:37","slug":"woolure-easy-clean-fr-2","status":"publish","type":"product","link":"https:\/\/staging.aldeco.pt\/pt-pt\/product\/woolure-easy-clean-fr-2\/","title":{"rendered":"WOOLURE EASY CLEAN FR"},"content":{"rendered":"<p>Tecido boucl\u00e9 texturado falso-liso formado por dois grupos de fios que se cruzam em \u00e2ngulos retos. Quanto mais pr\u00f3ximos os fios estiverem, maior a densidade e o peso do tecido. Al\u00e9m disso, a espessura das linhas \u00e9 tamb\u00e9m importante no que diz respeito \u00e0 constru\u00e7\u00e3o e peso deste texturado tecido.<\/p>\n","protected":false},"excerpt":{"rendered":"<p>Tecido boucl\u00e9 texturado falso-liso formado por dois grupos de fios que se cruzam em \u00e2ngulos retos. Quanto mais pr\u00f3ximos os fios estiverem, maior a densidade e o peso do tecido. Al\u00e9m disso, a espessura das linhas \u00e9 tamb\u00e9m importante no que diz respeito \u00e0 constru\u00e7\u00e3o e peso deste texturado tecido.<\/p>\n<h2>Woolure Easy Clean Fr, \u00e9 um tecido boucl\u00e9 texturado falso-liso formado por dois grupos de fios que se cruzam em \u00e2ngulos retos. Quanto mais pr\u00f3ximos os fios estiverem, maior a densidade e o peso do tecido. Al\u00e9m disso, a espessura das linhas \u00e9 tamb\u00e9m importante no que diz respeito \u00e0 constru\u00e7\u00e3o e peso deste texturado tecido.<\/h2>\n<p><img fetchpriority=\"high\" decoding=\"async\" class=\"alignnone wp-image-189366 size-medium\" src=\"https:\/\/aldeco.pt\/staging\/wp-content\/uploads\/2024\/01\/T191640001-4-300x225.jpg\" alt=\"Woolure FR Easy Clean - Aldeco\" width=\"300\" height=\"225\"><\/p>\n<p><a href=\"https:\/\/www.instagram.com\/aldeco_interiorfabrics\/\">https:\/\/www.instagram.com\/aldeco_interiorfabrics\/<\/a><\/p>\n<p><a href=\"https:\/\/aldeco.pt\/staging\/product\/woolure-easy-clean-fr\/?attribute_pa_aldeco-color=01-natural\">https:\/\/aldeco.pt\/staging\/product\/woolure-easy-clean-fr\/?attribute_pa_aldeco-color=01-natural<\/a><\/p>\n","protected":false},"featured_media":157697,"template":"","meta":[],"product_brand":[],"product_cat":[6153],"product_tag":[],"class_list":{"0":"post-180155","1":"product","2":"type-product","3":"status-publish","4":"has-post-thumbnail","6":"product_cat-aldeco-smarter-pt-pt","7":"pa_cleanability-8282","8":"pa_composition-ext-39-pac-39-pl-14-co-8-wo-pt-pt","9":"pa_contract-fabrics-1-pt-pt","10":"pa_interior-fabrics-1-pt-pt","11":"pa_line-tecidos","12":"pa_lithfastness-4-5-pt-pt","13":"pa_outdoor-0-pt-pt","14":"pa_range-liso","15":"pa_rapport-vertical-11009","16":"pa_special-treatments-fabrics-1-pt-pt","19":"first","20":"instock","21":"purchasable","22":"product-type-variable"},"acf":[],"_links":{"self":[{"href":"https:\/\/staging.aldeco.pt\/pt-pt\/wp-json\/wp\/v2\/product\/180155","targetHints":{"allow":["GET"]}}],"collection":[{"href":"https:\/\/staging.aldeco.pt\/pt-pt\/wp-json\/wp\/v2\/product"}],"about":[{"href":"https:\/\/staging.aldeco.pt\/pt-pt\/wp-json\/wp\/v2\/types\/product"}],"version-history":[{"count":1,"href":"https:\/\/staging.aldeco.pt\/pt-pt\/wp-json\/wp\/v2\/product\/180155\/revisions"}],"predecessor-version":[{"id":193222,"href":"https:\/\/staging.aldeco.pt\/pt-pt\/wp-json\/wp\/v2\/product\/180155\/revisions\/193222"}],"wp:featuredmedia":[{"embeddable":true,"href":"https:\/\/staging.aldeco.pt\/pt-pt\/wp-json\/wp\/v2\/media\/157697"}],"wp:attachment":[{"href":"https:\/\/staging.aldeco.pt\/pt-pt\/wp-json\/wp\/v2\/media?parent=180155"}],"wp:term":[{"taxonomy":"product_brand","embeddable":true,"href":"https:\/\/staging.aldeco.pt\/pt-pt\/wp-json\/wp\/v2\/product_brand?post=180155"},{"taxonomy":"product_cat","embeddable":true,"href":"https:\/\/staging.aldeco.pt\/pt-pt\/wp-json\/wp\/v2\/product_cat?post=180155"},{"taxonomy":"product_tag","embeddable":true,"href":"https:\/\/staging.aldeco.pt\/pt-pt\/wp-json\/wp\/v2\/product_tag?post=180155"}],"curies":[{"name":"wp","href":"https:\/\/api.w.org\/{rel}","templated":true}]}}