{"id":180142,"date":"2024-05-28T15:02:37","date_gmt":"2024-05-28T15:02:37","guid":{"rendered":"https:\/\/aldeco.pt\/staging\/product\/wooly-fr-crib-5-2\/"},"modified":"2024-09-30T13:39:28","modified_gmt":"2024-09-30T13:39:28","slug":"wooly-fr-crib-5-2","status":"publish","type":"product","link":"https:\/\/staging.aldeco.pt\/pt-pt\/product\/wooly-fr-crib-5-2\/","title":{"rendered":"WOOLY FR CRIB 5"},"content":{"rendered":"<p>\u00c9 um tecido de estofo desenvolvido especialmente para contract, com elevada resist\u00eancia \u00e0 abras\u00e3o e que cumpre v\u00e1rias normas de retardante de chama, inclu\u00eddo a exigente norma inglesa CRIB 5. Este tecido b\u00e1sico tem um look muito natural e suave ideal para os seus projetos.<\/p>\n","protected":false},"excerpt":{"rendered":"<p>\u00c9 um tecido de estofo desenvolvido especialmente para contract, com elevada resist\u00eancia \u00e0 abras\u00e3o e que cumpre v\u00e1rias normas de retardante de chama, inclu\u00eddo a exigente norma inglesa CRIB 5. Este tecido b\u00e1sico tem um look muito natural e suave ideal para os seus projetos.<\/p>\n<h2>Wooly Fr Crib 5 it is an upholstery fabric developed especially for contract use, with high resistance to abrasion and which meets various flame-retardant standards, including the demanding English standard CRIB 5. Este tecido b\u00e1sico tem um look muito natural e suave ideal para os seus projetos.<\/h2>\n<p><img fetchpriority=\"high\" decoding=\"async\" class=\"alignnone wp-image-162232 size-medium\" src=\"https:\/\/aldeco.pt\/staging\/wp-content\/uploads\/2024\/05\/T191550504-300x225.jpg\" alt=\"Wooly Fr Crib 5 - Aldeco\" width=\"300\" height=\"225\" \/><\/p>\n<p><a href=\"https:\/\/www.instagram.com\/aldeco_interiorfabrics\/\">https:\/\/www.instagram.com\/aldeco_interiorfabrics\/<\/a><a href=\"https:\/\/aldeco.pt\/staging\/product\/wooly-fr-crib-5\/?attribute_pa_aldeco-color=04-sand\">https:\/\/aldeco.pt\/staging\/product\/wooly-fr-crib-5\/?attribute_pa_aldeco-color=04-sand<\/a><\/p>\n","protected":false},"featured_media":162193,"template":"","meta":[],"product_brand":[],"product_cat":[6145,6151],"product_tag":[],"class_list":{"0":"post-180142","1":"product","2":"type-product","3":"status-publish","4":"has-post-thumbnail","6":"product_cat-aldeco-2-pt-pt-2","7":"product_cat-contract-pt-pt","8":"pa_cleanability-8282","9":"pa_composition-ext-100-pl-fr-pt-pt","10":"pa_contract-fabrics-1-pt-pt","11":"pa_interior-fabrics-1-pt-pt","12":"pa_line-tecidos","13":"pa_lithfastness-5-pt-pt","14":"pa_range-liso","15":"pa_special-treatments-fabrics-1-pt-pt","18":"first","19":"instock","20":"shipping-taxable","21":"purchasable","22":"product-type-variable"},"acf":[],"_links":{"self":[{"href":"https:\/\/staging.aldeco.pt\/pt-pt\/wp-json\/wp\/v2\/product\/180142","targetHints":{"allow":["GET"]}}],"collection":[{"href":"https:\/\/staging.aldeco.pt\/pt-pt\/wp-json\/wp\/v2\/product"}],"about":[{"href":"https:\/\/staging.aldeco.pt\/pt-pt\/wp-json\/wp\/v2\/types\/product"}],"version-history":[{"count":3,"href":"https:\/\/staging.aldeco.pt\/pt-pt\/wp-json\/wp\/v2\/product\/180142\/revisions"}],"predecessor-version":[{"id":200961,"href":"https:\/\/staging.aldeco.pt\/pt-pt\/wp-json\/wp\/v2\/product\/180142\/revisions\/200961"}],"wp:featuredmedia":[{"embeddable":true,"href":"https:\/\/staging.aldeco.pt\/pt-pt\/wp-json\/wp\/v2\/media\/162193"}],"wp:attachment":[{"href":"https:\/\/staging.aldeco.pt\/pt-pt\/wp-json\/wp\/v2\/media?parent=180142"}],"wp:term":[{"taxonomy":"product_brand","embeddable":true,"href":"https:\/\/staging.aldeco.pt\/pt-pt\/wp-json\/wp\/v2\/product_brand?post=180142"},{"taxonomy":"product_cat","embeddable":true,"href":"https:\/\/staging.aldeco.pt\/pt-pt\/wp-json\/wp\/v2\/product_cat?post=180142"},{"taxonomy":"product_tag","embeddable":true,"href":"https:\/\/staging.aldeco.pt\/pt-pt\/wp-json\/wp\/v2\/product_tag?post=180142"}],"curies":[{"name":"wp","href":"https:\/\/api.w.org\/{rel}","templated":true}]}}