{"id":180138,"date":"2024-05-09T23:04:28","date_gmt":"2024-05-09T23:04:28","guid":{"rendered":"https:\/\/aldeco.pt\/staging\/product\/zeus-2\/"},"modified":"2024-09-25T14:08:05","modified_gmt":"2024-09-25T14:08:05","slug":"zeus-2","status":"publish","type":"product","link":"https:\/\/staging.aldeco.pt\/pt-pt\/product\/zeus-2\/","title":{"rendered":"ZEUS"},"content":{"rendered":"<p>Zeus, tamb\u00e9m conhecido como Zebra Imperial, \u00e9 uma Gr\u00e9vy que foi descoberta na \u00c1frica Ocidental.<br \/>\nZeus \u00e9 a estrela do Historic Carousel &amp; Museum em Albany e foi adotada por Char Walters, cujo ditado favorito era: \u201cSe ouvir cascos, espere cavalos, n\u00e3o zebras\u201d. Char chamou a sua nova zebra de \u201cZeus\u201d porque a sua cabe\u00e7a orgulhosamente erguida a torna majestosa.<br \/>\nZorba \u00e9 o macaco brincalh\u00e3o pendurado numa videira que Zeus segura na sua boca.<br \/>\nA natureza \u00e9 a estrela deste tecido bordado, onde o imponente se encontra com o belo e onde os animais brincam de forma on\u00edrica, como se fizessem parte de um carrossel, dan\u00e7ando e celebrando a natureza.<br \/>\nO Bordado Zeus combina diversas t\u00e9cnicas de bordado presentes em cada um dos seus elementos, trazendo um visual \u00fanico e rico a este cetim, como se fosse um carrossel.<\/p>\n","protected":false},"excerpt":{"rendered":"<p>Zeus, tamb\u00e9m conhecido como Zebra Imperial, \u00e9 uma Gr\u00e9vy que foi descoberta na \u00c1frica Ocidental.<br \/>\nZeus \u00e9 a estrela do Historic Carousel &amp; Museum em Albany e foi adotada por Char Walters, cujo ditado favorito era: \u201cSe ouvir cascos, espere cavalos, n\u00e3o zebras\u201d. Char chamou a sua nova zebra de \u201cZeus\u201d porque a sua cabe\u00e7a orgulhosamente erguida a torna majestosa.<br \/>\nZorba \u00e9 o macaco brincalh\u00e3o pendurado numa videira que Zeus segura na sua boca.<br \/>\nA natureza \u00e9 a estrela deste tecido bordado, onde o imponente se encontra com o belo e onde os animais brincam de forma on\u00edrica, como se fizessem parte de um carrossel, dan\u00e7ando e celebrando a natureza.<br \/>\nO Bordado Zeus combina diversas t\u00e9cnicas de bordado presentes em cada um dos seus elementos, trazendo um visual \u00fanico e rico a este cetim, como se fosse um carrossel.<\/p>\n<h2>O Bordado Zeus combina diversas t\u00e9cnicas de bordado presentes em cada um dos seus elementos, trazendo um visual \u00fanico e rico a este cetim, como se fosse um carrossel.<\/h2>\n<p><img fetchpriority=\"high\" decoding=\"async\" class=\"alignnone wp-image-189373 size-medium\" src=\"https:\/\/aldeco.pt\/staging\/wp-content\/uploads\/2024\/01\/T192100001-5-300x200.jpg\" alt=\"Zeus - Aldeco\" width=\"300\" height=\"200\" \/><\/p>\n<p><a href=\"https:\/\/www.instagram.com\/aldeco_interiorfabrics\/\">https:\/\/www.instagram.com\/aldeco_interiorfabrics\/<\/a><\/p>\n<p><a href=\"https:\/\/aldeco.pt\/staging\/product\/zeus\/?attribute_pa_aldeco-color=01-babys-breath\">https:\/\/aldeco.pt\/staging\/product\/zeus\/?attribute_pa_aldeco-color=01-babys-breath<\/a><\/p>\n","protected":false},"featured_media":157711,"template":"","meta":[],"product_brand":[],"product_cat":[6145],"product_tag":[],"class_list":{"0":"post-180138","1":"product","2":"type-product","3":"status-publish","4":"has-post-thumbnail","6":"product_cat-aldeco-2-pt-pt-2","7":"pa_cleanability-8282","8":"pa_composition-ext-100-co-bordado-vi-pl","9":"pa_interior-fabrics-1-pt-pt","10":"pa_line-tecidos","11":"pa_lithfastness-4-pt-pt","12":"pa_outdoor-0-pt-pt","13":"pa_range-cetim","14":"pa_rapport-horizontal-63-5-pt-pt","15":"pa_rapport-vertical-78-pt-pt","18":"first","19":"instock","20":"purchasable","21":"product-type-variable"},"acf":[],"_links":{"self":[{"href":"https:\/\/staging.aldeco.pt\/pt-pt\/wp-json\/wp\/v2\/product\/180138","targetHints":{"allow":["GET"]}}],"collection":[{"href":"https:\/\/staging.aldeco.pt\/pt-pt\/wp-json\/wp\/v2\/product"}],"about":[{"href":"https:\/\/staging.aldeco.pt\/pt-pt\/wp-json\/wp\/v2\/types\/product"}],"version-history":[{"count":2,"href":"https:\/\/staging.aldeco.pt\/pt-pt\/wp-json\/wp\/v2\/product\/180138\/revisions"}],"predecessor-version":[{"id":200818,"href":"https:\/\/staging.aldeco.pt\/pt-pt\/wp-json\/wp\/v2\/product\/180138\/revisions\/200818"}],"wp:featuredmedia":[{"embeddable":true,"href":"https:\/\/staging.aldeco.pt\/pt-pt\/wp-json\/wp\/v2\/media\/157711"}],"wp:attachment":[{"href":"https:\/\/staging.aldeco.pt\/pt-pt\/wp-json\/wp\/v2\/media?parent=180138"}],"wp:term":[{"taxonomy":"product_brand","embeddable":true,"href":"https:\/\/staging.aldeco.pt\/pt-pt\/wp-json\/wp\/v2\/product_brand?post=180138"},{"taxonomy":"product_cat","embeddable":true,"href":"https:\/\/staging.aldeco.pt\/pt-pt\/wp-json\/wp\/v2\/product_cat?post=180138"},{"taxonomy":"product_tag","embeddable":true,"href":"https:\/\/staging.aldeco.pt\/pt-pt\/wp-json\/wp\/v2\/product_tag?post=180138"}],"curies":[{"name":"wp","href":"https:\/\/api.w.org\/{rel}","templated":true}]}}