{"id":180120,"date":"2024-05-09T22:15:42","date_gmt":"2024-05-09T22:15:42","guid":{"rendered":"https:\/\/aldeco.pt\/staging\/product\/sperky-velvet-2\/"},"modified":"2024-10-01T13:56:27","modified_gmt":"2024-10-01T13:56:27","slug":"sperky-velvet-2","status":"publish","type":"product","link":"https:\/\/staging.aldeco.pt\/pt-pt\/product\/sperky-velvet-2\/","title":{"rendered":"SPERKY VELVET"},"content":{"rendered":"<p>SPERKY VELVET \u00e9 um veludo jacquard adequado para estofos com uma base alinhada muito elegante e um toque muito natural.<br \/>\nO p\u00ealo tem uma apar\u00eancia de impress\u00e3o digital com grandes curvas abstratas que evocam tanto a arte moderna quanto as tradicionais tatuagens mahori.<\/p>\n","protected":false},"excerpt":{"rendered":"<p>SPERKY VELVET \u00e9 um veludo jacquard adequado para estofos com uma base alinhada muito elegante e um toque muito natural.<br \/>\nO p\u00ealo tem uma apar\u00eancia de impress\u00e3o digital com grandes curvas abstratas que evocam tanto a arte moderna quanto as tradicionais tatuagens mahori.<\/p>\n<h2>SPERKY VELVET \u00e9 um veludo jacquard adequado para estofos com uma base alinhada muito elegante e um toque muito natural.<br \/>\nO p\u00ealo tem uma apar\u00eancia de impress\u00e3o digital com grandes curvas abstratas que evocam tanto a arte moderna quanto as tradicionais tatuagens mahori.<\/h2>\n<p><img fetchpriority=\"high\" decoding=\"async\" class=\"alignnone wp-image-192953 size-medium\" src=\"https:\/\/aldeco.pt\/staging\/wp-content\/uploads\/2024\/01\/T192600001-2-300x200.jpg\" alt=\"Sperky Velvet - Aldeco\" width=\"300\" height=\"200\" \/><\/p>\n<p><a href=\"https:\/\/www.instagram.com\/aldeco_interiorfabrics\/\">https:\/\/www.instagram.com\/aldeco_interiorfabrics\/<\/a><\/p>\n<p><a href=\"https:\/\/aldeco.pt\/staging\/product\/sperky-velvet\/?attribute_pa_aldeco-color=01-antelope-gray\">https:\/\/aldeco.pt\/staging\/product\/sperky-velvet\/?attribute_pa_aldeco-color=01-antelope-gray<\/a><\/p>\n","protected":false},"featured_media":157182,"template":"","meta":[],"product_brand":[],"product_cat":[6145],"product_tag":[],"class_list":{"0":"post-180120","1":"product","2":"type-product","3":"status-publish","4":"has-post-thumbnail","6":"product_cat-aldeco-2-pt-pt-2","7":"pa_cleanability-8282","8":"pa_composition-ext-70-vi-16-pl-10-co-4-li-pt-pt","9":"pa_interior-fabrics-1-pt-pt","10":"pa_line-tecidos","11":"pa_lithfastness-9680","12":"pa_outdoor-0-pt-pt","13":"pa_range-veludo","14":"pa_rapport-horizontal-34-pt-pt","15":"pa_rapport-vertical-21-pt-pt","18":"first","19":"instock","20":"purchasable","21":"product-type-variable"},"acf":[],"_links":{"self":[{"href":"https:\/\/staging.aldeco.pt\/pt-pt\/wp-json\/wp\/v2\/product\/180120","targetHints":{"allow":["GET"]}}],"collection":[{"href":"https:\/\/staging.aldeco.pt\/pt-pt\/wp-json\/wp\/v2\/product"}],"about":[{"href":"https:\/\/staging.aldeco.pt\/pt-pt\/wp-json\/wp\/v2\/types\/product"}],"version-history":[{"count":2,"href":"https:\/\/staging.aldeco.pt\/pt-pt\/wp-json\/wp\/v2\/product\/180120\/revisions"}],"predecessor-version":[{"id":201673,"href":"https:\/\/staging.aldeco.pt\/pt-pt\/wp-json\/wp\/v2\/product\/180120\/revisions\/201673"}],"wp:featuredmedia":[{"embeddable":true,"href":"https:\/\/staging.aldeco.pt\/pt-pt\/wp-json\/wp\/v2\/media\/157182"}],"wp:attachment":[{"href":"https:\/\/staging.aldeco.pt\/pt-pt\/wp-json\/wp\/v2\/media?parent=180120"}],"wp:term":[{"taxonomy":"product_brand","embeddable":true,"href":"https:\/\/staging.aldeco.pt\/pt-pt\/wp-json\/wp\/v2\/product_brand?post=180120"},{"taxonomy":"product_cat","embeddable":true,"href":"https:\/\/staging.aldeco.pt\/pt-pt\/wp-json\/wp\/v2\/product_cat?post=180120"},{"taxonomy":"product_tag","embeddable":true,"href":"https:\/\/staging.aldeco.pt\/pt-pt\/wp-json\/wp\/v2\/product_tag?post=180120"}],"curies":[{"name":"wp","href":"https:\/\/api.w.org\/{rel}","templated":true}]}}