{"id":180089,"date":"2024-05-28T16:54:06","date_gmt":"2024-05-28T16:54:06","guid":{"rendered":"https:\/\/aldeco.pt\/staging\/product\/180089\/"},"modified":"2024-08-06T11:15:24","modified_gmt":"2024-08-06T11:15:24","slug":"180089","status":"publish","type":"product","link":"https:\/\/staging.aldeco.pt\/pt-pt\/product\/180089\/","title":{"rendered":"LINUS FR"},"content":{"rendered":"<p>LINUS FR \u00e9 um tecido texturado e opaco com um visual deslumbrante e 300 cm de largura. 100% Polyester e disponivel em 25 cores. Apresentamos tamb\u00e9m este tecido numa vers\u00e3o \u00e0 prova de fogo com certifica\u00e7\u00e3o equivalente a M1\/B1\/BS\/AO7 CREW \/ IMO.<\/p>\n","protected":false},"excerpt":{"rendered":"<p>LINUS FR \u00e9 um tecido texturado e opaco com um visual deslumbrante e 300 cm de largura. 100% Polyester e disponivel em 25 cores. Apresentamos tamb\u00e9m este tecido numa vers\u00e3o \u00e0 prova de fogo com certifica\u00e7\u00e3o equivalente a M1\/B1\/BS\/AO7 CREW \/ IMO.<\/p>\n<h2>LINUS FR \u00e9 um tecido texturado e opaco com um visual deslumbrante e 300 cm de largura. 100% Polyester e disponivel em 25 cores. Apresentamos tamb\u00e9m este tecido numa vers\u00e3o \u00e0 prova de fogo com certifica\u00e7\u00e3o equivalente a M1\/B1\/BS\/AO7 CREW \/ IMO.<\/h2>\n<p><img decoding=\"async\" class=\"alignnone wp-image-162325\" src=\"https:\/\/aldeco.pt\/staging\/wp-content\/uploads\/2024\/05\/T019900005-300x240.jpg\" alt=\"Linus Fr - Aldeco\" width=\"163\" height=\"130\"><\/p>\n<p><a href=\"https:\/\/aldeco.pt\/staging\/product\/linus-fr\/?attribute_pa_aldeco-color=01-snow-white\">https:\/\/aldeco.pt\/staging\/product\/linus-fr\/?attribute_pa_aldeco-color=01-snow-white<\/a><\/p>\n<p><a href=\"https:\/\/www.instagram.com\/aldeco_interiorfabrics\/\">https:\/\/www.instagram.com\/aldeco_interiorfabrics\/<\/a><\/p>\n","protected":false},"featured_media":162279,"template":"","meta":[],"product_brand":[],"product_cat":[6145,6151],"product_tag":[],"class_list":{"0":"post-180089","1":"product","2":"type-product","3":"status-publish","4":"has-post-thumbnail","6":"product_cat-aldeco-2-pt-pt-2","7":"product_cat-contract-pt-pt","8":"pa_cleanability-8282","9":"pa_composition-ext-100-pls-pt-pt","10":"pa_contract-fabrics-1-pt-pt","11":"pa_interior-fabrics-1-pt-pt","12":"pa_line-tecidos","13":"pa_lithfastness-4-5-pt-pt-2","14":"pa_range-liso","15":"pa_special-treatments-fabrics-1-pt-pt","18":"first","19":"instock","20":"shipping-taxable","21":"purchasable","22":"product-type-variable"},"acf":[],"_links":{"self":[{"href":"https:\/\/staging.aldeco.pt\/pt-pt\/wp-json\/wp\/v2\/product\/180089","targetHints":{"allow":["GET"]}}],"collection":[{"href":"https:\/\/staging.aldeco.pt\/pt-pt\/wp-json\/wp\/v2\/product"}],"about":[{"href":"https:\/\/staging.aldeco.pt\/pt-pt\/wp-json\/wp\/v2\/types\/product"}],"version-history":[{"count":1,"href":"https:\/\/staging.aldeco.pt\/pt-pt\/wp-json\/wp\/v2\/product\/180089\/revisions"}],"predecessor-version":[{"id":180115,"href":"https:\/\/staging.aldeco.pt\/pt-pt\/wp-json\/wp\/v2\/product\/180089\/revisions\/180115"}],"wp:featuredmedia":[{"embeddable":true,"href":"https:\/\/staging.aldeco.pt\/pt-pt\/wp-json\/wp\/v2\/media\/162279"}],"wp:attachment":[{"href":"https:\/\/staging.aldeco.pt\/pt-pt\/wp-json\/wp\/v2\/media?parent=180089"}],"wp:term":[{"taxonomy":"product_brand","embeddable":true,"href":"https:\/\/staging.aldeco.pt\/pt-pt\/wp-json\/wp\/v2\/product_brand?post=180089"},{"taxonomy":"product_cat","embeddable":true,"href":"https:\/\/staging.aldeco.pt\/pt-pt\/wp-json\/wp\/v2\/product_cat?post=180089"},{"taxonomy":"product_tag","embeddable":true,"href":"https:\/\/staging.aldeco.pt\/pt-pt\/wp-json\/wp\/v2\/product_tag?post=180089"}],"curies":[{"name":"wp","href":"https:\/\/api.w.org\/{rel}","templated":true}]}}