{"id":179257,"date":"2024-05-09T20:16:58","date_gmt":"2024-05-09T20:16:58","guid":{"rendered":"https:\/\/aldeco.pt\/staging\/product\/garret-easy-clean-fr\/"},"modified":"2024-10-07T10:22:17","modified_gmt":"2024-10-07T10:22:17","slug":"garret-easy-clean-fr","status":"publish","type":"product","link":"https:\/\/staging.aldeco.pt\/pt-pt\/product\/garret-easy-clean-fr\/","title":{"rendered":"GARRET EASY CLEAN FR"},"content":{"rendered":"<p>GARRET EASY CLEAN FR \u00e9 um tecido texturado e com uma apar\u00eancia mesclada muito elegante e vers\u00e1til. Este tecido possui tratamento easy clean (f\u00e1cil limpeza) e tem v\u00e1rias certifica\u00e7\u00f5es de retardante de chama o que o torna perfeito para uso em estofo residencial e nos projectos de contract. Este tecido \u00e9 reciclado e ecol\u00f3gico, possui certifica\u00e7\u00e3o Global Recycled Standard e cumpre a norma OEKO-TEX 100, n\u00e3o possui subst\u00e2ncias nocivas ao meio ambiente. Est\u00e1 dispon\u00edvel em 19 cores muito trendy e naturais.<\/p>\n","protected":false},"excerpt":{"rendered":"<p>GARRET EASY CLEAN FR \u00e9 um tecido texturado e com uma apar\u00eancia mesclada muito elegante e vers\u00e1til. Este tecido possui tratamento easy clean (f\u00e1cil limpeza) e tem v\u00e1rias certifica\u00e7\u00f5es de retardante de chama o que o torna perfeito para uso em estofo residencial e nos projectos de contract. Este tecido \u00e9 reciclado e ecol\u00f3gico, possui certifica\u00e7\u00e3o Global Recycled Standard e cumpre a norma OEKO-TEX 100, n\u00e3o possui subst\u00e2ncias nocivas ao meio ambiente. Est\u00e1 dispon\u00edvel em 19 cores muito trendy e naturais.<\/p>\n<h2>GARRET EASY CLEAN FR \u00e9 um tecido texturado e com uma apar\u00eancia mesclada muito elegante e vers\u00e1til. Este tecido possui tratamento easy clean (f\u00e1cil limpeza) e tem v\u00e1rias certifica\u00e7\u00f5es de retardante de chama o que o torna perfeito para uso em estofo residencial e nos projectos de contract. Este tecido \u00e9 reciclado e ecol\u00f3gico, possui certifica\u00e7\u00e3o Global Recycled Standard e cumpre a norma OEKO-TEX 100, n\u00e3o possui subst\u00e2ncias nocivas ao meio ambiente. Est\u00e1 dispon\u00edvel em 19 cores muito trendy e naturais.<\/h2>\n<p><img fetchpriority=\"high\" decoding=\"async\" class=\"alignnone wp-image-161778 size-medium\" src=\"https:\/\/aldeco.pt\/staging\/wp-content\/uploads\/2024\/01\/T192670038-4-300x200.jpg\" alt=\"Garret Easy Clean FR - Aldeco\" width=\"300\" height=\"200\" \/><\/p>\n<p><a href=\"https:\/\/www.instagram.com\/aldeco_interiorfabrics\/\">https:\/\/www.instagram.com\/aldeco_interiorfabrics\/<\/a><\/p>\n<p><a href=\"https:\/\/aldeco.pt\/staging\/product\/garret-easy-clean-fr\/?attribute_pa_aldeco-color=01-natural-white\">https:\/\/aldeco.pt\/staging\/product\/garret-easy-clean-fr\/?attribute_pa_aldeco-color=01-natural-white<\/a><\/p>\n<p>&nbsp;<\/p>\n<p>&nbsp;<\/p>\n<p>&nbsp;<\/p>\n","protected":false},"featured_media":158892,"template":"","meta":[],"product_brand":[544],"product_cat":[6145,6153,6151],"product_tag":[],"class_list":{"0":"post-179257","1":"product","2":"type-product","3":"status-publish","4":"has-post-thumbnail","6":"product_brand-aldeco-smarter","7":"product_cat-aldeco-2-pt-pt-2","8":"product_cat-aldeco-smarter-pt-pt","9":"product_cat-contract-pt-pt","10":"pa_cleanability-8282","11":"pa_composition-ext-51-rpl-49-pl-pt-pt","12":"pa_contract-fabrics-1-pt-pt","13":"pa_interior-fabrics-1-pt-pt","14":"pa_line-tecidos","15":"pa_lithfastness-6-pt-pt","16":"pa_outdoor-0-pt-pt","17":"pa_range-dobby-pt-pt","18":"pa_rapport-vertical-11009","19":"pa_special-treatments-fabrics-1-pt-pt","20":"pa_sustainable-fabrics-1-pt-pt","23":"first","24":"instock","25":"purchasable","26":"product-type-variable"},"acf":[],"_links":{"self":[{"href":"https:\/\/staging.aldeco.pt\/pt-pt\/wp-json\/wp\/v2\/product\/179257","targetHints":{"allow":["GET"]}}],"collection":[{"href":"https:\/\/staging.aldeco.pt\/pt-pt\/wp-json\/wp\/v2\/product"}],"about":[{"href":"https:\/\/staging.aldeco.pt\/pt-pt\/wp-json\/wp\/v2\/types\/product"}],"version-history":[{"count":2,"href":"https:\/\/staging.aldeco.pt\/pt-pt\/wp-json\/wp\/v2\/product\/179257\/revisions"}],"predecessor-version":[{"id":202098,"href":"https:\/\/staging.aldeco.pt\/pt-pt\/wp-json\/wp\/v2\/product\/179257\/revisions\/202098"}],"wp:featuredmedia":[{"embeddable":true,"href":"https:\/\/staging.aldeco.pt\/pt-pt\/wp-json\/wp\/v2\/media\/158892"}],"wp:attachment":[{"href":"https:\/\/staging.aldeco.pt\/pt-pt\/wp-json\/wp\/v2\/media?parent=179257"}],"wp:term":[{"taxonomy":"product_brand","embeddable":true,"href":"https:\/\/staging.aldeco.pt\/pt-pt\/wp-json\/wp\/v2\/product_brand?post=179257"},{"taxonomy":"product_cat","embeddable":true,"href":"https:\/\/staging.aldeco.pt\/pt-pt\/wp-json\/wp\/v2\/product_cat?post=179257"},{"taxonomy":"product_tag","embeddable":true,"href":"https:\/\/staging.aldeco.pt\/pt-pt\/wp-json\/wp\/v2\/product_tag?post=179257"}],"curies":[{"name":"wp","href":"https:\/\/api.w.org\/{rel}","templated":true}]}}