{"id":179251,"date":"2024-05-09T20:16:46","date_gmt":"2024-05-09T20:16:46","guid":{"rendered":"https:\/\/aldeco.pt\/staging\/product\/gabrielle\/"},"modified":"2024-08-06T11:34:39","modified_gmt":"2024-08-06T11:34:39","slug":"gabrielle","status":"publish","type":"product","link":"https:\/\/staging.aldeco.pt\/pt-pt\/product\/gabrielle\/","title":{"rendered":"GABRIELLE"},"content":{"rendered":"<p>GABRIELLE \u00e9 um tecido jacquard multicolorido inspirado num ambiente org\u00e2nico e glamoroso \u00e9 f\u00e1cil combinar em infinitas combina\u00e7\u00f5es. Criado a partir de cores brilhantes e vivas, mas tamb\u00e9m de um sentimento de autenticidade particularmente forte composto por infinitas combina\u00e7\u00f5es de cores que real\u00e7am as suas fortes qualidades materiais. Onde a tradi\u00e7\u00e3o se encontra com o grafismo, atrav\u00e9s do bayadere moderno e colorido, produzido com uma mistura de fios de alta qualidade como caxemira e l\u00e3 merino fina. Sinta a liberdade, a alegria e a autenticidade deste tecido para estofo.<\/p>\n","protected":false},"excerpt":{"rendered":"<p>GABRIELLE \u00e9 um tecido jacquard multicolorido inspirado num ambiente org\u00e2nico e glamoroso \u00e9 f\u00e1cil combinar em infinitas combina\u00e7\u00f5es. Criado a partir de cores brilhantes e vivas, mas tamb\u00e9m de um sentimento de autenticidade particularmente forte composto por infinitas combina\u00e7\u00f5es de cores que real\u00e7am as suas fortes qualidades materiais. Onde a tradi\u00e7\u00e3o se encontra com o grafismo, atrav\u00e9s do bayadere moderno e colorido, produzido com uma mistura de fios de alta qualidade como caxemira e l\u00e3 merino fina. Sinta a liberdade, a alegria e a autenticidade deste tecido para estofo.<\/p>\n<h2>GABRIELLE \u00e9 um tecido jacquard multicolorido inspirado num ambiente org\u00e2nico e glamoroso \u00e9 f\u00e1cil combinar em infinitas combina\u00e7\u00f5es. Criado a partir de cores brilhantes e vivas, mas tamb\u00e9m de um sentimento de autenticidade particularmente forte composto por infinitas combina\u00e7\u00f5es de cores que real\u00e7am as suas fortes qualidades materiais. Onde a tradi\u00e7\u00e3o se encontra com o grafismo, atrav\u00e9s do bayadere moderno e colorido, produzido com uma mistura de fios de alta qualidade como caxemira e l\u00e3 merino fina. Sinta a liberdade, a alegria e a autenticidade deste tecido para estofo.<\/h2>\n<p><img fetchpriority=\"high\" decoding=\"async\" class=\"alignnone wp-image-192438 size-medium\" src=\"https:\/\/aldeco.pt\/staging\/wp-content\/uploads\/2024\/01\/T192560001-4-300x200.jpg\" alt=\"Gabrielle - Aldeco\" width=\"300\" height=\"200\"><\/p>\n<p><a href=\"https:\/\/aldeco.pt\/staging\/product\/gabrielle\/?attribute_pa_aldeco-color=01-linen-canvas\">https:\/\/aldeco.pt\/staging\/product\/gabrielle\/?attribute_pa_aldeco-color=01-linen-canvas<\/a><\/p>\n<p><a href=\"https:\/\/www.instagram.com\/aldeco_interiorfabrics\/\">https:\/\/www.instagram.com\/aldeco_interiorfabrics\/<\/a><\/p>\n","protected":false},"featured_media":155488,"template":"","meta":[],"product_brand":[],"product_cat":[6145],"product_tag":[],"class_list":{"0":"post-179251","1":"product","2":"type-product","3":"status-publish","4":"has-post-thumbnail","6":"product_cat-aldeco-2-pt-pt-2","7":"pa_cleanability-8282","8":"pa_composition-ext-50-co-23-pl-19-vi-6-wo-2-pa-pt-pt","9":"pa_interior-fabrics-1-pt-pt","10":"pa_line-tecidos","11":"pa_lithfastness-4-6-pt-pt","12":"pa_outdoor-0-pt-pt","13":"pa_range-jacquard-pt-pt","14":"pa_rapport-vertical-11009","17":"first","18":"instock","19":"purchasable","20":"product-type-variable"},"acf":[],"_links":{"self":[{"href":"https:\/\/staging.aldeco.pt\/pt-pt\/wp-json\/wp\/v2\/product\/179251","targetHints":{"allow":["GET"]}}],"collection":[{"href":"https:\/\/staging.aldeco.pt\/pt-pt\/wp-json\/wp\/v2\/product"}],"about":[{"href":"https:\/\/staging.aldeco.pt\/pt-pt\/wp-json\/wp\/v2\/types\/product"}],"version-history":[{"count":2,"href":"https:\/\/staging.aldeco.pt\/pt-pt\/wp-json\/wp\/v2\/product\/179251\/revisions"}],"predecessor-version":[{"id":193047,"href":"https:\/\/staging.aldeco.pt\/pt-pt\/wp-json\/wp\/v2\/product\/179251\/revisions\/193047"}],"wp:featuredmedia":[{"embeddable":true,"href":"https:\/\/staging.aldeco.pt\/pt-pt\/wp-json\/wp\/v2\/media\/155488"}],"wp:attachment":[{"href":"https:\/\/staging.aldeco.pt\/pt-pt\/wp-json\/wp\/v2\/media?parent=179251"}],"wp:term":[{"taxonomy":"product_brand","embeddable":true,"href":"https:\/\/staging.aldeco.pt\/pt-pt\/wp-json\/wp\/v2\/product_brand?post=179251"},{"taxonomy":"product_cat","embeddable":true,"href":"https:\/\/staging.aldeco.pt\/pt-pt\/wp-json\/wp\/v2\/product_cat?post=179251"},{"taxonomy":"product_tag","embeddable":true,"href":"https:\/\/staging.aldeco.pt\/pt-pt\/wp-json\/wp\/v2\/product_tag?post=179251"}],"curies":[{"name":"wp","href":"https:\/\/api.w.org\/{rel}","templated":true}]}}