{"id":179237,"date":"2024-05-09T20:16:31","date_gmt":"2024-05-09T20:16:31","guid":{"rendered":"https:\/\/aldeco.pt\/staging\/product\/frontera-double-face\/"},"modified":"2024-10-10T13:05:45","modified_gmt":"2024-10-10T13:05:45","slug":"frontera-double-face","status":"publish","type":"product","link":"https:\/\/staging.aldeco.pt\/pt-pt\/product\/frontera-double-face\/","title":{"rendered":"FRONTERA DOUBLE FACE"},"content":{"rendered":"<p>Luxuoso dupla-face com poli\u00e9ster, acr\u00edlico, e l\u00e3. Os materiais s\u00e3o utilizados e desenvolvidos de tal forma que o tecido adquire um aspecto texturado e pesado combinado com um ar mate e um toque natural e suave. Possui uma apar\u00eancia sofisticada com uma cor de cada lado que n\u00e3o \u00e9 influenciada pela cor inversa. Possui look boucl\u00e9 mesclado.<\/p>\n","protected":false},"excerpt":{"rendered":"<p>Luxuoso dupla-face com poli\u00e9ster, acr\u00edlico, e l\u00e3. Os materiais s\u00e3o utilizados e desenvolvidos de tal forma que o tecido adquire um aspecto texturado e pesado combinado com um ar mate e um toque natural e suave. Possui uma apar\u00eancia sofisticada com uma cor de cada lado que n\u00e3o \u00e9 influenciada pela cor inversa. Possui look boucl\u00e9 mesclado.<\/p>\n<h2>Frontera Double Face, Luxuoso dupla-face com poli\u00e9ster, acr\u00edlico, e l\u00e3. Os materiais s\u00e3o utilizados e desenvolvidos de tal forma que o tecido adquire um aspecto texturado e pesado combinado com um ar mate e um toque natural e suave. Possui uma apar\u00eancia sofisticada com uma cor de cada lado que n\u00e3o \u00e9 influenciada pela cor inversa. Possui look boucl\u00e9 mesclado.<\/h2>\n<p><img fetchpriority=\"high\" decoding=\"async\" class=\"alignnone wp-image-192431 size-medium\" src=\"https:\/\/aldeco.pt\/staging\/wp-content\/uploads\/2024\/01\/T191590001-4-300x225.jpg\" alt=\"Frontera Double Face - Aldeco\" width=\"300\" height=\"225\" \/><\/p>\n<p><a href=\"https:\/\/www.instagram.com\/aldeco_interiorfabrics\/\">https:\/\/www.instagram.com\/aldeco_interiorfabrics\/<\/a><\/p>\n<p><a href=\"https:\/\/aldeco.pt\/staging\/pt-pt\/product\/frontera-double-face\/?attribute_pa_aldeco-color=01-light-sand-pt-pt\">https:\/\/aldeco.pt\/staging\/pt-pt\/product\/frontera-double-face\/?attribute_pa_aldeco-color=01-light-sand-pt-pt<\/a><\/p>\n","protected":false},"featured_media":215455,"template":"","meta":[],"product_brand":[],"product_cat":[6153],"product_tag":[],"class_list":{"0":"post-179237","1":"product","2":"type-product","3":"status-publish","4":"has-post-thumbnail","6":"product_cat-aldeco-smarter-pt-pt","7":"pa_cleanability-8282","8":"pa_composition-ext-42-pl-42-ac-8-wo-pt-pt","9":"pa_interior-fabrics-1-pt-pt","10":"pa_line-tecidos","11":"pa_lithfastness-5-pt-pt","12":"pa_outdoor-0-pt-pt","13":"pa_range-liso","14":"pa_rapport-vertical-11009","17":"first","18":"instock","19":"purchasable","20":"product-type-variable"},"acf":[],"_links":{"self":[{"href":"https:\/\/staging.aldeco.pt\/pt-pt\/wp-json\/wp\/v2\/product\/179237","targetHints":{"allow":["GET"]}}],"collection":[{"href":"https:\/\/staging.aldeco.pt\/pt-pt\/wp-json\/wp\/v2\/product"}],"about":[{"href":"https:\/\/staging.aldeco.pt\/pt-pt\/wp-json\/wp\/v2\/types\/product"}],"version-history":[{"count":3,"href":"https:\/\/staging.aldeco.pt\/pt-pt\/wp-json\/wp\/v2\/product\/179237\/revisions"}],"predecessor-version":[{"id":205056,"href":"https:\/\/staging.aldeco.pt\/pt-pt\/wp-json\/wp\/v2\/product\/179237\/revisions\/205056"}],"wp:featuredmedia":[{"embeddable":true,"href":"https:\/\/staging.aldeco.pt\/pt-pt\/wp-json\/wp\/v2\/media\/215455"}],"wp:attachment":[{"href":"https:\/\/staging.aldeco.pt\/pt-pt\/wp-json\/wp\/v2\/media?parent=179237"}],"wp:term":[{"taxonomy":"product_brand","embeddable":true,"href":"https:\/\/staging.aldeco.pt\/pt-pt\/wp-json\/wp\/v2\/product_brand?post=179237"},{"taxonomy":"product_cat","embeddable":true,"href":"https:\/\/staging.aldeco.pt\/pt-pt\/wp-json\/wp\/v2\/product_cat?post=179237"},{"taxonomy":"product_tag","embeddable":true,"href":"https:\/\/staging.aldeco.pt\/pt-pt\/wp-json\/wp\/v2\/product_tag?post=179237"}],"curies":[{"name":"wp","href":"https:\/\/api.w.org\/{rel}","templated":true}]}}