{"id":179221,"date":"2024-05-09T20:16:16","date_gmt":"2024-05-09T20:16:16","guid":{"rendered":"https:\/\/aldeco.pt\/staging\/product\/frisson-velvet\/"},"modified":"2024-09-30T09:05:20","modified_gmt":"2024-09-30T09:05:20","slug":"frisson-velvet","status":"publish","type":"product","link":"https:\/\/staging.aldeco.pt\/pt-pt\/product\/frisson-velvet\/","title":{"rendered":"FRISSON VELVET"},"content":{"rendered":"<p>FRISSON VELVET \u00e9 um tecido veludo jacquard com p\u00ealo de algod\u00e3o e linho. Este veludo possui um micro motivo geom\u00e9trico din\u00e2mico inspirado nas festas e tert\u00falias do inico do s\u00e9c. XX de ritmo fren\u00e9tico, representa\u00e7\u00f5es teatrais e poesia. O burburinho est\u00e1 patente no cut-pile e na tridimensionalidade deste veludo tinto em pe\u00e7a irresist\u00edvel. Este veludo de aspeto texturado e irreverente pelo seu uso da cor est\u00e1 dispon\u00edvel em 7 tons glamorosos.<\/p>\n","protected":false},"excerpt":{"rendered":"<p>FRISSON VELVET \u00e9 um tecido veludo jacquard com p\u00ealo de algod\u00e3o e linho. Este veludo possui um micro motivo geom\u00e9trico din\u00e2mico inspirado nas festas e tert\u00falias do inico do s\u00e9c. XX de ritmo fren\u00e9tico, representa\u00e7\u00f5es teatrais e poesia. O burburinho est\u00e1 patente no cut-pile e na tridimensionalidade deste veludo tinto em pe\u00e7a irresist\u00edvel. Este veludo de aspeto texturado e irreverente pelo seu uso da cor est\u00e1 dispon\u00edvel em 7 tons glamorosos.<\/p>\n<h2>FRISSON VELVET \u00e9 um tecido veludo jacquard com p\u00ealo de algod\u00e3o e linho. Este veludo possui um micro motivo geom\u00e9trico din\u00e2mico inspirado nas festas e tert\u00falias do inico do s\u00e9c. XX de ritmo fren\u00e9tico, representa\u00e7\u00f5es teatrais e poesia. O burburinho est\u00e1 patente no cut-pile e na tridimensionalidade deste veludo tinto em pe\u00e7a irresist\u00edvel. Este veludo de aspeto texturado e irreverente pelo seu uso da cor est\u00e1 dispon\u00edvel em 7 tons glamorosos.<\/h2>\n<p>&nbsp;<\/p>\n<p><img fetchpriority=\"high\" decoding=\"async\" class=\"alignnone wp-image-80769 size-medium\" src=\"https:\/\/aldeco.pt\/staging\/wp-content\/uploads\/2024\/01\/T192870006-2-300x200.jpg\" alt=\"Frisson Velvet - Aldeco\" width=\"300\" height=\"200\" \/><\/p>\n<p><a href=\"https:\/\/www.instagram.com\/aldeco_interiorfabrics\/\">https:\/\/www.instagram.com\/aldeco_interiorfabrics\/<\/a><\/p>\n<p><a href=\"https:\/\/aldeco.pt\/staging\/product\/frisson-velvet\/?attribute_pa_aldeco-color=01-cotton-white\">https:\/\/aldeco.pt\/staging\/product\/frisson-velvet\/?attribute_pa_aldeco-color=01-cotton-white<\/a><\/p>\n<p>&nbsp;<\/p>\n<p>&nbsp;<\/p>\n","protected":false},"featured_media":158886,"template":"","meta":[],"product_brand":[],"product_cat":[6145],"product_tag":[],"class_list":{"0":"post-179221","1":"product","2":"type-product","3":"status-publish","4":"has-post-thumbnail","6":"product_cat-aldeco-2-pt-pt-2","7":"pa_cleanability-8282","8":"pa_composition-ext-65-co-35-li-pt-pt","9":"pa_interior-fabrics-1-pt-pt","10":"pa_line-tecidos","11":"pa_lithfastness-3-4-pt-pt","12":"pa_outdoor-0-pt-pt","13":"pa_range-jacquard-pt-pt","14":"pa_range-veludo","15":"pa_rapport-horizontal-2-5-pt-pt","16":"pa_rapport-vertical-2-5-pt-pt","19":"first","20":"instock","21":"purchasable","22":"product-type-variable"},"acf":[],"_links":{"self":[{"href":"https:\/\/staging.aldeco.pt\/pt-pt\/wp-json\/wp\/v2\/product\/179221","targetHints":{"allow":["GET"]}}],"collection":[{"href":"https:\/\/staging.aldeco.pt\/pt-pt\/wp-json\/wp\/v2\/product"}],"about":[{"href":"https:\/\/staging.aldeco.pt\/pt-pt\/wp-json\/wp\/v2\/types\/product"}],"version-history":[{"count":2,"href":"https:\/\/staging.aldeco.pt\/pt-pt\/wp-json\/wp\/v2\/product\/179221\/revisions"}],"predecessor-version":[{"id":200920,"href":"https:\/\/staging.aldeco.pt\/pt-pt\/wp-json\/wp\/v2\/product\/179221\/revisions\/200920"}],"wp:featuredmedia":[{"embeddable":true,"href":"https:\/\/staging.aldeco.pt\/pt-pt\/wp-json\/wp\/v2\/media\/158886"}],"wp:attachment":[{"href":"https:\/\/staging.aldeco.pt\/pt-pt\/wp-json\/wp\/v2\/media?parent=179221"}],"wp:term":[{"taxonomy":"product_brand","embeddable":true,"href":"https:\/\/staging.aldeco.pt\/pt-pt\/wp-json\/wp\/v2\/product_brand?post=179221"},{"taxonomy":"product_cat","embeddable":true,"href":"https:\/\/staging.aldeco.pt\/pt-pt\/wp-json\/wp\/v2\/product_cat?post=179221"},{"taxonomy":"product_tag","embeddable":true,"href":"https:\/\/staging.aldeco.pt\/pt-pt\/wp-json\/wp\/v2\/product_tag?post=179221"}],"curies":[{"name":"wp","href":"https:\/\/api.w.org\/{rel}","templated":true}]}}