{"id":179207,"date":"2024-05-09T20:15:52","date_gmt":"2024-05-09T20:15:52","guid":{"rendered":"https:\/\/aldeco.pt\/staging\/product\/friset-boucle\/"},"modified":"2024-10-07T14:57:07","modified_gmt":"2024-10-07T14:57:07","slug":"friset-boucle","status":"publish","type":"product","link":"https:\/\/staging.aldeco.pt\/pt-pt\/product\/friset-boucle\/","title":{"rendered":"FRISET BOUCL\u00c9"},"content":{"rendered":"<p>Jacquard Boucl\u00e9 tinto em fio, muito resistente e moderno dispon\u00edvel em 6 cores muito naturais.<\/p>\n","protected":false},"excerpt":{"rendered":"<p>Jacquard Boucl\u00e9 tinto em fio, muito resistente e moderno dispon\u00edvel em 6 cores muito naturais.<\/p>\n<h2>Friset Boucl\u00e8, Jacquard Boucl\u00e9 tinto em fio, muito resistente e moderno dispon\u00edvel em 6 cores muito naturais.<\/h2>\n<p><img fetchpriority=\"high\" decoding=\"async\" class=\"alignnone wp-image-192424 size-medium\" src=\"https:\/\/aldeco.pt\/staging\/wp-content\/uploads\/2024\/03\/T191730001-300x225.jpg\" alt=\"Friset Boucl\u00e8 - Aldeco\" width=\"300\" height=\"225\" \/><\/p>\n<p><a href=\"https:\/\/www.instagram.com\/aldeco_interiorfabrics\/\">https:\/\/www.instagram.com\/aldeco_interiorfabrics\/<\/a><a href=\"https:\/\/aldeco.pt\/staging\/product\/friset-boucle\/?attribute_pa_aldeco-color=01-wild-white\">https:\/\/aldeco.pt\/staging\/product\/friset-boucle\/?attribute_pa_aldeco-color=01-wild-white<\/a><\/p>\n","protected":false},"featured_media":144406,"template":"","meta":[],"product_brand":[],"product_cat":[6145],"product_tag":[],"class_list":{"0":"post-179207","1":"product","2":"type-product","3":"status-publish","4":"has-post-thumbnail","6":"product_cat-aldeco-2-pt-pt-2","7":"pa_cleanability-8282","8":"pa_composition-ext-34-vi-33-pc-17-wo-8-pl-4-li-4-co-pt-pt","9":"pa_contract-fabrics-1-pt-pt","10":"pa_interior-fabrics-1-pt-pt","11":"pa_line-tecidos","12":"pa_lithfastness-9680","13":"pa_outdoor-0-pt-pt","14":"pa_range-boucle-pt-pt","15":"pa_range-jacquard-pt-pt","16":"pa_rapport-vertical-11009","17":"pa_special-treatments-fabrics-1-pt-pt","20":"first","21":"instock","22":"purchasable","23":"product-type-variable"},"acf":[],"_links":{"self":[{"href":"https:\/\/staging.aldeco.pt\/pt-pt\/wp-json\/wp\/v2\/product\/179207","targetHints":{"allow":["GET"]}}],"collection":[{"href":"https:\/\/staging.aldeco.pt\/pt-pt\/wp-json\/wp\/v2\/product"}],"about":[{"href":"https:\/\/staging.aldeco.pt\/pt-pt\/wp-json\/wp\/v2\/types\/product"}],"version-history":[{"count":3,"href":"https:\/\/staging.aldeco.pt\/pt-pt\/wp-json\/wp\/v2\/product\/179207\/revisions"}],"predecessor-version":[{"id":202147,"href":"https:\/\/staging.aldeco.pt\/pt-pt\/wp-json\/wp\/v2\/product\/179207\/revisions\/202147"}],"wp:featuredmedia":[{"embeddable":true,"href":"https:\/\/staging.aldeco.pt\/pt-pt\/wp-json\/wp\/v2\/media\/144406"}],"wp:attachment":[{"href":"https:\/\/staging.aldeco.pt\/pt-pt\/wp-json\/wp\/v2\/media?parent=179207"}],"wp:term":[{"taxonomy":"product_brand","embeddable":true,"href":"https:\/\/staging.aldeco.pt\/pt-pt\/wp-json\/wp\/v2\/product_brand?post=179207"},{"taxonomy":"product_cat","embeddable":true,"href":"https:\/\/staging.aldeco.pt\/pt-pt\/wp-json\/wp\/v2\/product_cat?post=179207"},{"taxonomy":"product_tag","embeddable":true,"href":"https:\/\/staging.aldeco.pt\/pt-pt\/wp-json\/wp\/v2\/product_tag?post=179207"}],"curies":[{"name":"wp","href":"https:\/\/api.w.org\/{rel}","templated":true}]}}