{"id":179191,"date":"2024-05-09T20:15:36","date_gmt":"2024-05-09T20:15:36","guid":{"rendered":"https:\/\/aldeco.pt\/staging\/product\/freddie-velvet\/"},"modified":"2024-10-02T11:15:47","modified_gmt":"2024-10-02T11:15:47","slug":"freddie-velvet","status":"publish","type":"product","link":"https:\/\/staging.aldeco.pt\/pt-pt\/product\/freddie-velvet\/","title":{"rendered":"FREDDIE VELVET"},"content":{"rendered":"<p>Os ritmos fren\u00e9ticos deste desenho geom\u00e9trico resultam num bel\u00edssimo veludo jacquard com base de efeito alinhado. Encontra-se dispon\u00edvel em 7 cores.<\/p>\n","protected":false},"excerpt":{"rendered":"<p>Os ritmos fren\u00e9ticos deste desenho geom\u00e9trico resultam num bel\u00edssimo veludo jacquard com base de efeito alinhado. Encontra-se dispon\u00edvel em 7 cores.<\/p>\n<h2>Freddie Velvet, os ritmos fren\u00e9ticos deste desenho geom\u00e9trico resultam num bel\u00edssimo veludo jacquard com base de efeito alinhado. Encontra-se dispon\u00edvel em 7 cores.<\/h2>\n<p><img fetchpriority=\"high\" decoding=\"async\" class=\"alignnone wp-image-192417 size-medium\" src=\"https:\/\/aldeco.pt\/staging\/wp-content\/uploads\/2024\/01\/T191290001-5-300x212.jpg\" alt=\"Freddie Velvet - Aldeco\" width=\"300\" height=\"212\" \/><\/p>\n<p><a href=\"https:\/\/aldeco.pt\/staging\/product\/freddie-velvet\/?attribute_pa_aldeco-color=01-white-linen\">https:\/\/aldeco.pt\/staging\/product\/freddie-velvet\/?attribute_pa_aldeco-color=01-white-linen<\/a><a href=\"https:\/\/www.instagram.com\/aldeco_interiorfabrics\/\">https:\/\/www.instagram.com\/aldeco_interiorfabrics\/<\/a><\/p>\n","protected":false},"featured_media":155471,"template":"","meta":[],"product_brand":[],"product_cat":[6145],"product_tag":[],"class_list":{"0":"post-179191","1":"product","2":"type-product","3":"status-publish","4":"has-post-thumbnail","6":"product_cat-aldeco-2-pt-pt-2","7":"pa_cleanability-8282","8":"pa_composition-ext-77-vi-23-pl-pt-pt","9":"pa_interior-fabrics-1-pt-pt","10":"pa_line-tecidos","11":"pa_lithfastness-4-pt-pt","12":"pa_outdoor-0-pt-pt","13":"pa_range-jacquard-pt-pt","14":"pa_range-veludo","15":"pa_rapport-horizontal-3-5-pt-pt","16":"pa_rapport-vertical-4-5-pt-pt","19":"first","20":"instock","21":"purchasable","22":"product-type-variable"},"acf":[],"_links":{"self":[{"href":"https:\/\/staging.aldeco.pt\/pt-pt\/wp-json\/wp\/v2\/product\/179191","targetHints":{"allow":["GET"]}}],"collection":[{"href":"https:\/\/staging.aldeco.pt\/pt-pt\/wp-json\/wp\/v2\/product"}],"about":[{"href":"https:\/\/staging.aldeco.pt\/pt-pt\/wp-json\/wp\/v2\/types\/product"}],"version-history":[{"count":5,"href":"https:\/\/staging.aldeco.pt\/pt-pt\/wp-json\/wp\/v2\/product\/179191\/revisions"}],"predecessor-version":[{"id":201827,"href":"https:\/\/staging.aldeco.pt\/pt-pt\/wp-json\/wp\/v2\/product\/179191\/revisions\/201827"}],"wp:featuredmedia":[{"embeddable":true,"href":"https:\/\/staging.aldeco.pt\/pt-pt\/wp-json\/wp\/v2\/media\/155471"}],"wp:attachment":[{"href":"https:\/\/staging.aldeco.pt\/pt-pt\/wp-json\/wp\/v2\/media?parent=179191"}],"wp:term":[{"taxonomy":"product_brand","embeddable":true,"href":"https:\/\/staging.aldeco.pt\/pt-pt\/wp-json\/wp\/v2\/product_brand?post=179191"},{"taxonomy":"product_cat","embeddable":true,"href":"https:\/\/staging.aldeco.pt\/pt-pt\/wp-json\/wp\/v2\/product_cat?post=179191"},{"taxonomy":"product_tag","embeddable":true,"href":"https:\/\/staging.aldeco.pt\/pt-pt\/wp-json\/wp\/v2\/product_tag?post=179191"}],"curies":[{"name":"wp","href":"https:\/\/api.w.org\/{rel}","templated":true}]}}