{"id":179104,"date":"2024-05-09T20:13:59","date_gmt":"2024-05-09T20:13:59","guid":{"rendered":"https:\/\/aldeco.pt\/staging\/product\/foster-fr\/"},"modified":"2024-09-30T09:27:11","modified_gmt":"2024-09-30T09:27:11","slug":"foster-fr","status":"publish","type":"product","link":"https:\/\/staging.aldeco.pt\/pt-pt\/product\/foster-fr\/","title":{"rendered":"FOSTER FR"},"content":{"rendered":"<p>Foster FR tem uma sensa\u00e7\u00e3o muito agrad\u00e1vel e possui um efeito mesclado. \u00c9 retardante de fogo em conformidade com v\u00e1rios padr\u00f5es europeus. Tamb\u00e9m possui certifica\u00e7\u00e3o de absor\u00e7\u00e3o sonora.<\/p>\n","protected":false},"excerpt":{"rendered":"<p>Foster FR tem uma sensa\u00e7\u00e3o muito agrad\u00e1vel e possui um efeito mesclado. \u00c9 retardante de fogo em conformidade com v\u00e1rios padr\u00f5es europeus. Tamb\u00e9m possui certifica\u00e7\u00e3o de absor\u00e7\u00e3o sonora.<\/p>\n","protected":false},"featured_media":158860,"template":"","meta":[],"product_brand":[],"product_cat":[6153],"product_tag":[],"class_list":{"0":"post-179104","1":"product","2":"type-product","3":"status-publish","4":"has-post-thumbnail","6":"product_cat-aldeco-smarter-pt-pt","7":"pa_cleanability-8282","8":"pa_composition-ext-100-pl-fr-pt-pt","9":"pa_contract-fabrics-1-pt-pt","10":"pa_interior-fabrics-1-pt-pt","11":"pa_line-tecidos","12":"pa_lithfastness-5-pt-pt","13":"pa_outdoor-0-pt-pt","14":"pa_range-liso","15":"pa_rapport-vertical-11009","16":"pa_special-treatments-fabrics-1-pt-pt","19":"first","20":"instock","21":"purchasable","22":"product-type-variable"},"acf":[],"_links":{"self":[{"href":"https:\/\/staging.aldeco.pt\/pt-pt\/wp-json\/wp\/v2\/product\/179104","targetHints":{"allow":["GET"]}}],"collection":[{"href":"https:\/\/staging.aldeco.pt\/pt-pt\/wp-json\/wp\/v2\/product"}],"about":[{"href":"https:\/\/staging.aldeco.pt\/pt-pt\/wp-json\/wp\/v2\/types\/product"}],"version-history":[{"count":1,"href":"https:\/\/staging.aldeco.pt\/pt-pt\/wp-json\/wp\/v2\/product\/179104\/revisions"}],"predecessor-version":[{"id":179140,"href":"https:\/\/staging.aldeco.pt\/pt-pt\/wp-json\/wp\/v2\/product\/179104\/revisions\/179140"}],"wp:featuredmedia":[{"embeddable":true,"href":"https:\/\/staging.aldeco.pt\/pt-pt\/wp-json\/wp\/v2\/media\/158860"}],"wp:attachment":[{"href":"https:\/\/staging.aldeco.pt\/pt-pt\/wp-json\/wp\/v2\/media?parent=179104"}],"wp:term":[{"taxonomy":"product_brand","embeddable":true,"href":"https:\/\/staging.aldeco.pt\/pt-pt\/wp-json\/wp\/v2\/product_brand?post=179104"},{"taxonomy":"product_cat","embeddable":true,"href":"https:\/\/staging.aldeco.pt\/pt-pt\/wp-json\/wp\/v2\/product_cat?post=179104"},{"taxonomy":"product_tag","embeddable":true,"href":"https:\/\/staging.aldeco.pt\/pt-pt\/wp-json\/wp\/v2\/product_tag?post=179104"}],"curies":[{"name":"wp","href":"https:\/\/api.w.org\/{rel}","templated":true}]}}