{"id":179040,"date":"2024-05-09T20:12:51","date_gmt":"2024-05-09T20:12:51","guid":{"rendered":"https:\/\/aldeco.pt\/staging\/product\/fondant-cetin-cs\/"},"modified":"2024-11-07T16:51:17","modified_gmt":"2024-11-07T16:51:17","slug":"fondant-cetin-cs","status":"publish","type":"product","link":"https:\/\/staging.aldeco.pt\/pt-pt\/product\/fondant-cetin-cs\/","title":{"rendered":"FONDANT CETIN CS"},"content":{"rendered":"<p>Este tecido de cetim \u00e9 perfeito para cortinas e composto parcialmente por Trevira CS\u00ae o que o torna perfeito para os seus projetos, pois tem certificado ign\u00edfugo em v\u00e1rias normas retardantes de chama. Este tecido elegante possui dupla largura e tamb\u00e9m pode ser usado em decora\u00e7\u00e3o e estofo ligeiro. Est\u00e1 dispon\u00edvel em 31 cores irresist\u00edveis.<\/p>\n","protected":false},"excerpt":{"rendered":"<p>Este tecido de cetim \u00e9 perfeito para cortinas e composto parcialmente por Trevira CS\u00ae o que o torna perfeito para os seus projetos, pois tem certificado ign\u00edfugo em v\u00e1rias normas retardantes de chama. Este tecido elegante possui dupla largura e tamb\u00e9m pode ser usado em decora\u00e7\u00e3o e estofo ligeiro. Est\u00e1 dispon\u00edvel em 31 cores irresist\u00edveis.<\/p>\n<h2>Fondant Cetin CS \u00e9 um tecido de cetim \u00e9 perfeito para cortinas e composto parcialmente por Trevira CS\u00ae o que o torna perfeito para os seus projetos, pois tem certificado ign\u00edfugo em v\u00e1rias normas retardantes de chama. Este tecido elegante possui dupla largura e tamb\u00e9m pode ser usado em decora\u00e7\u00e3o e estofo ligeiro. Est\u00e1 dispon\u00edvel em 31 cores irresist\u00edveis.<\/h2>\n<p><img fetchpriority=\"high\" decoding=\"async\" class=\"alignnone wp-image-188032 size-medium\" src=\"https:\/\/aldeco.pt\/staging\/wp-content\/uploads\/2024\/05\/T015330031-300x280.jpg\" alt=\"Fondant Cetin CS - Aldeco\" width=\"300\" height=\"280\"><\/p>\n<p><a href=\"https:\/\/www.instagram.com\/aldeco_interiorfabrics\/\">https:\/\/www.instagram.com\/aldeco_interiorfabrics\/<\/a><\/p>\n<p><a href=\"https:\/\/aldeco.pt\/staging\/product\/fondant-cetin-cs\/?attribute_pa_aldeco-color=1\">https:\/\/aldeco.pt\/staging\/product\/fondant-cetin-cs\/?attribute_pa_aldeco-color=1<\/a><\/p>\n","protected":false},"featured_media":144390,"template":"","meta":[],"product_brand":[],"product_cat":[6145],"product_tag":[],"class_list":{"0":"post-179040","1":"product","2":"type-product","3":"status-publish","4":"has-post-thumbnail","6":"product_cat-aldeco-2-pt-pt-2","7":"pa_cleanability-8282","8":"pa_composition-ext-51-trevira-49-pl-pt-pt","9":"pa_interior-fabrics-1-pt-pt","10":"pa_line-tecidos","11":"pa_lithfastness-3-4-pt-pt","12":"pa_outdoor-0-pt-pt","13":"pa_range-cetim","14":"pa_rapport-vertical-11009","17":"first","18":"instock","19":"purchasable","20":"product-type-variable"},"acf":[],"_links":{"self":[{"href":"https:\/\/staging.aldeco.pt\/pt-pt\/wp-json\/wp\/v2\/product\/179040","targetHints":{"allow":["GET"]}}],"collection":[{"href":"https:\/\/staging.aldeco.pt\/pt-pt\/wp-json\/wp\/v2\/product"}],"about":[{"href":"https:\/\/staging.aldeco.pt\/pt-pt\/wp-json\/wp\/v2\/types\/product"}],"version-history":[{"count":2,"href":"https:\/\/staging.aldeco.pt\/pt-pt\/wp-json\/wp\/v2\/product\/179040\/revisions"}],"predecessor-version":[{"id":192389,"href":"https:\/\/staging.aldeco.pt\/pt-pt\/wp-json\/wp\/v2\/product\/179040\/revisions\/192389"}],"wp:featuredmedia":[{"embeddable":true,"href":"https:\/\/staging.aldeco.pt\/pt-pt\/wp-json\/wp\/v2\/media\/144390"}],"wp:attachment":[{"href":"https:\/\/staging.aldeco.pt\/pt-pt\/wp-json\/wp\/v2\/media?parent=179040"}],"wp:term":[{"taxonomy":"product_brand","embeddable":true,"href":"https:\/\/staging.aldeco.pt\/pt-pt\/wp-json\/wp\/v2\/product_brand?post=179040"},{"taxonomy":"product_cat","embeddable":true,"href":"https:\/\/staging.aldeco.pt\/pt-pt\/wp-json\/wp\/v2\/product_cat?post=179040"},{"taxonomy":"product_tag","embeddable":true,"href":"https:\/\/staging.aldeco.pt\/pt-pt\/wp-json\/wp\/v2\/product_tag?post=179040"}],"curies":[{"name":"wp","href":"https:\/\/api.w.org\/{rel}","templated":true}]}}