{"id":178994,"date":"2024-05-09T20:12:05","date_gmt":"2024-05-09T20:12:05","guid":{"rendered":"https:\/\/aldeco.pt\/staging\/product\/foco-fr\/"},"modified":"2024-08-06T11:34:45","modified_gmt":"2024-08-06T11:34:45","slug":"foco-fr","status":"publish","type":"product","link":"https:\/\/staging.aldeco.pt\/pt-pt\/product\/foco-fr\/","title":{"rendered":"FOCO FR"},"content":{"rendered":"<p>\u00c9 um tecido de cortina texturado com certifica\u00e7\u00e3o ign\u00edfuga, este tecido \u00e9 retardante de chama. O seu look elegante deve-se ao tratamento de calandra. Este tecido de dupla largura possui tamb\u00e9m certifica\u00e7\u00e3o OEKO-TEX 100, n\u00e3o possui subst\u00e2ncias nocivas para o ambiente. Est\u00e1 dispon\u00edvel em 22 tons variados.<\/p>\n","protected":false},"excerpt":{"rendered":"<p>\u00c9 um tecido de cortina texturado com certifica\u00e7\u00e3o ign\u00edfuga, este tecido \u00e9 retardante de chama. O seu look elegante deve-se ao tratamento de calandra. Este tecido de dupla largura possui tamb\u00e9m certifica\u00e7\u00e3o OEKO-TEX 100, n\u00e3o possui subst\u00e2ncias nocivas para o ambiente. Est\u00e1 dispon\u00edvel em 22 tons variados.<\/p>\n<h2>Foco Fr \u00e9 um tecido de cortina texturado com certifica\u00e7\u00e3o ign\u00edfuga, \u00e9 retardante de chama. O seu look elegante deve-se ao tratamento de calandra. Este tecido de dupla largura possui tamb\u00e9m certifica\u00e7\u00e3o OEKO-TEX 100, n\u00e3o possui subst\u00e2ncias nocivas para o ambiente. Est\u00e1 dispon\u00edvel em 22 tons variados.<\/h2>\n<p><img fetchpriority=\"high\" decoding=\"async\" class=\"alignnone wp-image-192391 size-medium\" src=\"https:\/\/aldeco.pt\/staging\/wp-content\/uploads\/2024\/01\/T190890010-3-300x225.jpg\" alt=\"Foco FR - Aldeco\" width=\"300\" height=\"225\"><\/p>\n<p><a href=\"https:\/\/aldeco.pt\/staging\/product\/foco-fr\/?attribute_pa_aldeco-color=01-limestone\">https:\/\/aldeco.pt\/staging\/product\/foco-fr\/?attribute_pa_aldeco-color=01-limestone<\/a><\/p>\n<p><a href=\"https:\/\/www.instagram.com\/aldeco_interiorfabrics\/\">https:\/\/www.instagram.com\/aldeco_interiorfabrics\/<\/a><\/p>\n","protected":false},"featured_media":155454,"template":"","meta":[],"product_brand":[],"product_cat":[6145],"product_tag":[],"class_list":{"0":"post-178994","1":"product","2":"type-product","3":"status-publish","4":"has-post-thumbnail","6":"product_cat-aldeco-2-pt-pt-2","7":"pa_cleanability-8282","8":"pa_composition-ext-100-pl-pt-pt","9":"pa_contract-fabrics-1-pt-pt","10":"pa_interior-fabrics-1-pt-pt","11":"pa_line-tecidos","12":"pa_lithfastness-4-5-pt-pt","13":"pa_outdoor-0-pt-pt","14":"pa_range-liso","15":"pa_rapport-vertical-11009","16":"pa_special-treatments-fabrics-1-pt-pt","17":"pa_sustainable-fabrics-1-pt-pt","20":"first","21":"instock","22":"purchasable","23":"product-type-variable"},"acf":[],"_links":{"self":[{"href":"https:\/\/staging.aldeco.pt\/pt-pt\/wp-json\/wp\/v2\/product\/178994","targetHints":{"allow":["GET"]}}],"collection":[{"href":"https:\/\/staging.aldeco.pt\/pt-pt\/wp-json\/wp\/v2\/product"}],"about":[{"href":"https:\/\/staging.aldeco.pt\/pt-pt\/wp-json\/wp\/v2\/types\/product"}],"version-history":[{"count":2,"href":"https:\/\/staging.aldeco.pt\/pt-pt\/wp-json\/wp\/v2\/product\/178994\/revisions"}],"predecessor-version":[{"id":193037,"href":"https:\/\/staging.aldeco.pt\/pt-pt\/wp-json\/wp\/v2\/product\/178994\/revisions\/193037"}],"wp:featuredmedia":[{"embeddable":true,"href":"https:\/\/staging.aldeco.pt\/pt-pt\/wp-json\/wp\/v2\/media\/155454"}],"wp:attachment":[{"href":"https:\/\/staging.aldeco.pt\/pt-pt\/wp-json\/wp\/v2\/media?parent=178994"}],"wp:term":[{"taxonomy":"product_brand","embeddable":true,"href":"https:\/\/staging.aldeco.pt\/pt-pt\/wp-json\/wp\/v2\/product_brand?post=178994"},{"taxonomy":"product_cat","embeddable":true,"href":"https:\/\/staging.aldeco.pt\/pt-pt\/wp-json\/wp\/v2\/product_cat?post=178994"},{"taxonomy":"product_tag","embeddable":true,"href":"https:\/\/staging.aldeco.pt\/pt-pt\/wp-json\/wp\/v2\/product_tag?post=178994"}],"curies":[{"name":"wp","href":"https:\/\/api.w.org\/{rel}","templated":true}]}}