{"id":178928,"date":"2024-05-09T20:10:57","date_gmt":"2024-05-09T20:10:57","guid":{"rendered":"https:\/\/aldeco.pt\/staging\/product\/flow-fr-wlb\/"},"modified":"2024-09-30T09:37:42","modified_gmt":"2024-09-30T09:37:42","slug":"flow-fr-wlb","status":"publish","type":"product","link":"https:\/\/staging.aldeco.pt\/pt-pt\/product\/flow-fr-wlb\/","title":{"rendered":"FLOW FR WLB"},"content":{"rendered":"<p>Este tecido de cortina \u00e9 muito leve e transparente. Este tecido transparente est\u00e1 dispon\u00edvel com certifica\u00e7\u00e3o retardante de chama em v\u00e1rias normas para os seus projectos mais exigentes. Este tecido elegante possui fio de chumbo para uma ca\u00edda perfeita. Est\u00e1 dispon\u00edvel em 4 cores.<\/p>\n","protected":false},"excerpt":{"rendered":"<p>Este tecido de cortina \u00e9 muito leve e transparente. Este tecido transparente est\u00e1 dispon\u00edvel com certifica\u00e7\u00e3o retardante de chama em v\u00e1rias normas para os seus projectos mais exigentes. Este tecido elegante possui fio de chumbo para uma ca\u00edda perfeita. Est\u00e1 dispon\u00edvel em 4 cores.<\/p>\n<h2>Flow Fr Wlb, este tecido de cortina \u00e9 muito leve e transparente. Este tecido transparente est\u00e1 dispon\u00edvel com certifica\u00e7\u00e3o retardante de chama em v\u00e1rias normas para os seus projectos mais exigentes. Este tecido elegante possui fio de chumbo para uma ca\u00edda perfeita. Est\u00e1 dispon\u00edvel em 4 cores.<\/h2>\n<p><img fetchpriority=\"high\" decoding=\"async\" class=\"alignnone wp-image-188000 size-medium\" src=\"https:\/\/aldeco.pt\/staging\/wp-content\/uploads\/2024\/05\/T016970003-300x225.jpg\" alt=\"Flow Fr - Aldeco\" width=\"300\" height=\"225\" \/><\/p>\n<p><a href=\"https:\/\/aldeco.pt\/staging\/product\/flow-fr-wlb\/?attribute_pa_aldeco-color=1\">https:\/\/aldeco.pt\/staging\/product\/flow-fr-wlb\/?attribute_pa_aldeco-color=1<\/a><\/p>\n<p><a href=\"https:\/\/www.instagram.com\/aldeco_interiorfabrics\/\">https:\/\/www.instagram.com\/aldeco_interiorfabrics\/<\/a><\/p>\n","protected":false},"featured_media":187998,"template":"","meta":[],"product_brand":[],"product_cat":[6145],"product_tag":[],"class_list":{"0":"post-178928","1":"product","2":"type-product","3":"status-publish","4":"has-post-thumbnail","6":"product_cat-aldeco-2-pt-pt-2","7":"pa_cleanability-8282","8":"pa_composition-ext-100-trevira-cs-pt-pt","9":"pa_contract-fabrics-1-pt-pt","10":"pa_interior-fabrics-1-pt-pt","11":"pa_line-tecidos","12":"pa_lithfastness-5-pt-pt","13":"pa_outdoor-0-pt-pt","14":"pa_range-liso","15":"pa_range-transparente","16":"pa_rapport-vertical-11009","17":"pa_special-treatments-fabrics-1-pt-pt","20":"first","21":"instock","22":"purchasable","23":"product-type-variable"},"acf":[],"_links":{"self":[{"href":"https:\/\/staging.aldeco.pt\/pt-pt\/wp-json\/wp\/v2\/product\/178928","targetHints":{"allow":["GET"]}}],"collection":[{"href":"https:\/\/staging.aldeco.pt\/pt-pt\/wp-json\/wp\/v2\/product"}],"about":[{"href":"https:\/\/staging.aldeco.pt\/pt-pt\/wp-json\/wp\/v2\/types\/product"}],"version-history":[{"count":3,"href":"https:\/\/staging.aldeco.pt\/pt-pt\/wp-json\/wp\/v2\/product\/178928\/revisions"}],"predecessor-version":[{"id":200791,"href":"https:\/\/staging.aldeco.pt\/pt-pt\/wp-json\/wp\/v2\/product\/178928\/revisions\/200791"}],"wp:featuredmedia":[{"embeddable":true,"href":"https:\/\/staging.aldeco.pt\/pt-pt\/wp-json\/wp\/v2\/media\/187998"}],"wp:attachment":[{"href":"https:\/\/staging.aldeco.pt\/pt-pt\/wp-json\/wp\/v2\/media?parent=178928"}],"wp:term":[{"taxonomy":"product_brand","embeddable":true,"href":"https:\/\/staging.aldeco.pt\/pt-pt\/wp-json\/wp\/v2\/product_brand?post=178928"},{"taxonomy":"product_cat","embeddable":true,"href":"https:\/\/staging.aldeco.pt\/pt-pt\/wp-json\/wp\/v2\/product_cat?post=178928"},{"taxonomy":"product_tag","embeddable":true,"href":"https:\/\/staging.aldeco.pt\/pt-pt\/wp-json\/wp\/v2\/product_tag?post=178928"}],"curies":[{"name":"wp","href":"https:\/\/api.w.org\/{rel}","templated":true}]}}