{"id":178892,"date":"2024-05-09T20:10:09","date_gmt":"2024-05-09T20:10:09","guid":{"rendered":"https:\/\/aldeco.pt\/staging\/product\/flax-fr\/"},"modified":"2024-09-27T16:12:14","modified_gmt":"2024-09-27T16:12:14","slug":"flax-fr","status":"publish","type":"product","link":"https:\/\/staging.aldeco.pt\/pt-pt\/product\/flax-fr\/","title":{"rendered":"FLAX FR"},"content":{"rendered":"<p>Este tecido 100% poli\u00e9ster \u00e9 como uma rede apertada. As suas propriedades ign\u00edfugas (Retardante de chama) tornam-no perfeito para projetos de Contrat com abordagem natural. Este tecido de dupla largura est\u00e1 dispon\u00edvel em 9 cores naturais e neutras.<\/p>\n","protected":false},"excerpt":{"rendered":"<p>Este tecido 100% poli\u00e9ster \u00e9 como uma rede apertada. As suas propriedades ign\u00edfugas (Retardante de chama) tornam-no perfeito para projetos de Contrat com abordagem natural. Este tecido de dupla largura est\u00e1 dispon\u00edvel em 9 cores naturais e neutras.<\/p>\n<h2>Flax Fr, este tecido 100% poli\u00e9ster \u00e9 como uma rede apertada. As suas propriedades ign\u00edfugas (Retardante de chama) tornam-no perfeito para projetos de Contrat com abordagem natural. Este tecido de dupla largura est\u00e1 dispon\u00edvel em 9 cores naturais e neutras.<\/h2>\n<p><img fetchpriority=\"high\" decoding=\"async\" class=\"alignnone wp-image-192129 size-medium\" src=\"https:\/\/aldeco.pt\/staging\/wp-content\/uploads\/2024\/03\/T190320001-300x200.jpg\" alt=\"Flax Fr - Aldeco\" width=\"300\" height=\"200\" \/><\/p>\n<p><a href=\"https:\/\/aldeco.pt\/staging\/product\/flax-fr\/?attribute_pa_aldeco-color=01-swan\">https:\/\/aldeco.pt\/staging\/product\/flax-fr\/?attribute_pa_aldeco-color=01-swan<\/a><\/p>\n<p><a href=\"https:\/\/www.instagram.com\/aldeco_interiorfabrics\/\">https:\/\/www.instagram.com\/aldeco_interiorfabrics\/<\/a><\/p>\n","protected":false},"featured_media":158834,"template":"","meta":[],"product_brand":[],"product_cat":[6145],"product_tag":[],"class_list":{"0":"post-178892","1":"product","2":"type-product","3":"status-publish","4":"has-post-thumbnail","6":"product_cat-aldeco-2-pt-pt-2","7":"pa_cleanability-8282","8":"pa_composition-ext-100-pl-pt-pt","9":"pa_contract-fabrics-1-pt-pt","10":"pa_interior-fabrics-1-pt-pt","11":"pa_line-tecidos","12":"pa_lithfastness-6-pt-pt","13":"pa_outdoor-0-pt-pt","14":"pa_range-liso","15":"pa_range-transparente","16":"pa_rapport-vertical-11009","17":"pa_special-treatments-fabrics-1-pt-pt","18":"pa_sustainable-fabrics-1-pt-pt","21":"first","22":"instock","23":"purchasable","24":"product-type-variable"},"acf":[],"_links":{"self":[{"href":"https:\/\/staging.aldeco.pt\/pt-pt\/wp-json\/wp\/v2\/product\/178892","targetHints":{"allow":["GET"]}}],"collection":[{"href":"https:\/\/staging.aldeco.pt\/pt-pt\/wp-json\/wp\/v2\/product"}],"about":[{"href":"https:\/\/staging.aldeco.pt\/pt-pt\/wp-json\/wp\/v2\/types\/product"}],"version-history":[{"count":3,"href":"https:\/\/staging.aldeco.pt\/pt-pt\/wp-json\/wp\/v2\/product\/178892\/revisions"}],"predecessor-version":[{"id":200883,"href":"https:\/\/staging.aldeco.pt\/pt-pt\/wp-json\/wp\/v2\/product\/178892\/revisions\/200883"}],"wp:featuredmedia":[{"embeddable":true,"href":"https:\/\/staging.aldeco.pt\/pt-pt\/wp-json\/wp\/v2\/media\/158834"}],"wp:attachment":[{"href":"https:\/\/staging.aldeco.pt\/pt-pt\/wp-json\/wp\/v2\/media?parent=178892"}],"wp:term":[{"taxonomy":"product_brand","embeddable":true,"href":"https:\/\/staging.aldeco.pt\/pt-pt\/wp-json\/wp\/v2\/product_brand?post=178892"},{"taxonomy":"product_cat","embeddable":true,"href":"https:\/\/staging.aldeco.pt\/pt-pt\/wp-json\/wp\/v2\/product_cat?post=178892"},{"taxonomy":"product_tag","embeddable":true,"href":"https:\/\/staging.aldeco.pt\/pt-pt\/wp-json\/wp\/v2\/product_tag?post=178892"}],"curies":[{"name":"wp","href":"https:\/\/api.w.org\/{rel}","templated":true}]}}