{"id":178870,"date":"2024-05-09T20:09:39","date_gmt":"2024-05-09T20:09:39","guid":{"rendered":"https:\/\/aldeco.pt\/staging\/product\/flamingo-addiction\/"},"modified":"2024-10-07T14:50:01","modified_gmt":"2024-10-07T14:50:01","slug":"flamingo-addiction","status":"publish","type":"product","link":"https:\/\/staging.aldeco.pt\/pt-pt\/product\/flamingo-addiction\/","title":{"rendered":"FLAMINGO ADDICTION"},"content":{"rendered":"<p>Tecido inspirado no esp\u00edrito descontra\u00eddo da Calif\u00f3rnia, este doce tecido, d\u00e1 vida ao ambiente. De apar\u00eancia marcante e com uma grande resist\u00eancia, adequado para estofos.<\/p>\n","protected":false},"excerpt":{"rendered":"<p>Tecido inspirado no esp\u00edrito descontra\u00eddo da Calif\u00f3rnia, este doce tecido, d\u00e1 vida ao ambiente. De apar\u00eancia marcante e com uma grande resist\u00eancia, adequado para estofos.<\/p>\n<h2>Flamingo Addiction, inspirado no esp\u00edrito descontra\u00eddo da Calif\u00f3rnia, este doce tecido, d\u00e1 vida ao ambiente. De apar\u00eancia marcante e com uma grande resist\u00eancia, adequado para estofos.<\/h2>\n<p><img fetchpriority=\"high\" decoding=\"async\" class=\"alignnone wp-image-192117 size-medium\" src=\"https:\/\/aldeco.pt\/staging\/wp-content\/uploads\/2024\/03\/T018650003-300x280.jpg\" alt=\"Flamingo Addiction - Aldeco\" width=\"300\" height=\"280\" \/><\/p>\n<p><a href=\"https:\/\/aldeco.pt\/staging\/product\/flamingo-addiction\/?attribute_pa_aldeco-color=03-sahara-sun\">https:\/\/aldeco.pt\/staging\/product\/flamingo-addiction\/?attribute_pa_aldeco-color=03-sahara-sun<\/a><\/p>\n<p><a href=\"https:\/\/www.instagram.com\/aldeco_interiorfabrics\/\">https:\/\/www.instagram.com\/aldeco_interiorfabrics\/<\/a><\/p>\n","protected":false},"featured_media":155420,"template":"","meta":[],"product_brand":[],"product_cat":[6145],"product_tag":[],"class_list":{"0":"post-178870","1":"product","2":"type-product","3":"status-publish","4":"has-post-thumbnail","6":"product_cat-aldeco-2-pt-pt-2","7":"pa_cleanability-8282","8":"pa_composition-ext-base-70-vi-30-li-bordado-100-co","9":"pa_interior-fabrics-1-pt-pt","10":"pa_line-tecidos","11":"pa_lithfastness-4-5-pt-pt","12":"pa_outdoor-0-pt-pt","13":"pa_range-bordado","14":"pa_rapport-horizontal-67-pt-pt","15":"pa_rapport-vertical-46-5-pt-pt","18":"first","19":"instock","20":"purchasable","21":"product-type-variable"},"acf":[],"_links":{"self":[{"href":"https:\/\/staging.aldeco.pt\/pt-pt\/wp-json\/wp\/v2\/product\/178870","targetHints":{"allow":["GET"]}}],"collection":[{"href":"https:\/\/staging.aldeco.pt\/pt-pt\/wp-json\/wp\/v2\/product"}],"about":[{"href":"https:\/\/staging.aldeco.pt\/pt-pt\/wp-json\/wp\/v2\/types\/product"}],"version-history":[{"count":4,"href":"https:\/\/staging.aldeco.pt\/pt-pt\/wp-json\/wp\/v2\/product\/178870\/revisions"}],"predecessor-version":[{"id":202146,"href":"https:\/\/staging.aldeco.pt\/pt-pt\/wp-json\/wp\/v2\/product\/178870\/revisions\/202146"}],"wp:featuredmedia":[{"embeddable":true,"href":"https:\/\/staging.aldeco.pt\/pt-pt\/wp-json\/wp\/v2\/media\/155420"}],"wp:attachment":[{"href":"https:\/\/staging.aldeco.pt\/pt-pt\/wp-json\/wp\/v2\/media?parent=178870"}],"wp:term":[{"taxonomy":"product_brand","embeddable":true,"href":"https:\/\/staging.aldeco.pt\/pt-pt\/wp-json\/wp\/v2\/product_brand?post=178870"},{"taxonomy":"product_cat","embeddable":true,"href":"https:\/\/staging.aldeco.pt\/pt-pt\/wp-json\/wp\/v2\/product_cat?post=178870"},{"taxonomy":"product_tag","embeddable":true,"href":"https:\/\/staging.aldeco.pt\/pt-pt\/wp-json\/wp\/v2\/product_tag?post=178870"}],"curies":[{"name":"wp","href":"https:\/\/api.w.org\/{rel}","templated":true}]}}